{"id":491,"date":"2019-10-22T18:11:13","date_gmt":"2019-10-22T18:11:13","guid":{"rendered":"https:\/\/upllive.wpengine.com\/cimpl-fr\/?page_id=491"},"modified":"2021-01-22T00:31:14","modified_gmt":"2021-01-22T00:31:14","slug":"demande-de-demo","status":"publish","type":"page","link":"https:\/\/uplandsoftware.com\/cimpl-fr\/demande-de-demo\/","title":{"rendered":"D\u00e9monstration de Cimpl"},"content":{"rendered":"<ul>\n<li>G\u00e9rez vos commandes, vos factures, votre inventaire et vos contrats.<\/li>\n<li>Analysez vos co\u00fbts, votre utilisation et vos \u00e9carts de facturation.<\/li>\n<li>\u00c9conomisez jusqu\u2019\u00e0 40\u202f% sur vos d\u00e9penses li\u00e9es aux services filaires, services sans-fil, donn\u00e9es et infrastructures.<\/li>\n<li>Et avec nos services g\u00e9r\u00e9s, vous aurez la chance de travailler avec un partenaire exp\u00e9riment\u00e9 et comp\u00e9tent pour vous aider \u00e0 ma\u00eetriser le cycle de vie de l\u2019achat au paiement.<\/li>\n<\/ul>\n","protected":false},"excerpt":{"rendered":"<p>G\u00e9rez vos commandes, vos factures, votre inventaire et vos contrats. Analysez vos co\u00fbts, votre utilisation et vos \u00e9carts de facturation. \u00c9conomisez jusqu\u2019\u00e0 40\u202f% sur vos d\u00e9penses li\u00e9es aux services filaires, services sans-fil, donn\u00e9es et infrastructures. Et avec nos services g\u00e9r\u00e9s, vous aurez la chance de travailler avec un partenaire exp\u00e9riment\u00e9 et comp\u00e9tent pour vous aider [&hellip;]<\/p>\n","protected":false},"author":1,"featured_media":0,"parent":0,"menu_order":0,"comment_status":"closed","ping_status":"closed","template":"template-demo-request.php","meta":{"_acf_changed":false,"_sitemap_exclude":false,"_sitemap_priority":"","_sitemap_frequency":"","footnotes":"","_links_to":"","_links_to_target":""},"class_list":["post-491","page","type-page","status-publish","hentry"],"acf":[],"yoast_head":"<!-- This site is optimized with the Yoast SEO Premium plugin v27.2 (Yoast SEO v27.2) - https:\/\/yoast.com\/product\/yoast-seo-premium-wordpress\/ -->\n<title>D\u00e9monstration de Cimpl - Cimpl - FR<\/title>\n<meta name=\"robots\" content=\"index, follow, max-snippet:-1, max-image-preview:large, max-video-preview:-1\" \/>\n<link rel=\"canonical\" href=\"https:\/\/uplandsoftware.com\/cimpl-fr\/demande-de-demo\/\" \/>\n<script type=\"application\/ld+json\" class=\"yoast-schema-graph\">{\"@context\":\"https:\/\/schema.org\",\"@graph\":[{\"@type\":\"WebPage\",\"@id\":\"https:\/\/uplandsoftware.com\/cimpl-fr\/demande-de-demo\/\",\"url\":\"https:\/\/uplandsoftware.com\/cimpl-fr\/demande-de-demo\/\",\"name\":\"D\u00e9monstration de Cimpl - Cimpl - FR\",\"isPartOf\":{\"@id\":\"https:\/\/uplandsoftware.com\/cimpl-fr\/#website\"},\"datePublished\":\"2019-10-22T18:11:13+00:00\",\"dateModified\":\"2021-01-22T00:31:14+00:00\",\"inLanguage\":\"fr-FR\",\"potentialAction\":[{\"@type\":\"ReadAction\",\"target\":[\"https:\/\/uplandsoftware.com\/cimpl-fr\/demande-de-demo\/\"]}]},{\"@type\":\"WebSite\",\"@id\":\"https:\/\/uplandsoftware.com\/cimpl-fr\/#website\",\"url\":\"https:\/\/uplandsoftware.com\/cimpl-fr\/\",\"name\":\"Cimpl - FR\",\"description\":\"\",\"potentialAction\":[{\"@type\":\"SearchAction\",\"target\":{\"@type\":\"EntryPoint\",\"urlTemplate\":\"https:\/\/uplandsoftware.com\/cimpl-fr\/?s={search_term_string}\"},\"query-input\":{\"@type\":\"PropertyValueSpecification\",\"valueRequired\":true,\"valueName\":\"search_term_string\"}}],\"inLanguage\":\"fr-FR\"}]}<\/script>\n<!-- \/ Yoast SEO Premium plugin. -->","yoast_head_json":{"title":"D\u00e9monstration de Cimpl - Cimpl - FR","robots":{"index":"index","follow":"follow","max-snippet":"max-snippet:-1","max-image-preview":"max-image-preview:large","max-video-preview":"max-video-preview:-1"},"canonical":"https:\/\/uplandsoftware.com\/cimpl-fr\/demande-de-demo\/","schema":{"@context":"https:\/\/schema.org","@graph":[{"@type":"WebPage","@id":"https:\/\/uplandsoftware.com\/cimpl-fr\/demande-de-demo\/","url":"https:\/\/uplandsoftware.com\/cimpl-fr\/demande-de-demo\/","name":"D\u00e9monstration de Cimpl - Cimpl - FR","isPartOf":{"@id":"https:\/\/uplandsoftware.com\/cimpl-fr\/#website"},"datePublished":"2019-10-22T18:11:13+00:00","dateModified":"2021-01-22T00:31:14+00:00","inLanguage":"fr-FR","potentialAction":[{"@type":"ReadAction","target":["https:\/\/uplandsoftware.com\/cimpl-fr\/demande-de-demo\/"]}]},{"@type":"WebSite","@id":"https:\/\/uplandsoftware.com\/cimpl-fr\/#website","url":"https:\/\/uplandsoftware.com\/cimpl-fr\/","name":"Cimpl - FR","description":"","potentialAction":[{"@type":"SearchAction","target":{"@type":"EntryPoint","urlTemplate":"https:\/\/uplandsoftware.com\/cimpl-fr\/?s={search_term_string}"},"query-input":{"@type":"PropertyValueSpecification","valueRequired":true,"valueName":"search_term_string"}}],"inLanguage":"fr-FR"}]}},"_links":{"self":[{"href":"https:\/\/uplandsoftware.com\/cimpl-fr\/wp-json\/wp\/v2\/pages\/491","targetHints":{"allow":["GET"]}}],"collection":[{"href":"https:\/\/uplandsoftware.com\/cimpl-fr\/wp-json\/wp\/v2\/pages"}],"about":[{"href":"https:\/\/uplandsoftware.com\/cimpl-fr\/wp-json\/wp\/v2\/types\/page"}],"author":[{"embeddable":true,"href":"https:\/\/uplandsoftware.com\/cimpl-fr\/wp-json\/wp\/v2\/users\/1"}],"replies":[{"embeddable":true,"href":"https:\/\/uplandsoftware.com\/cimpl-fr\/wp-json\/wp\/v2\/comments?post=491"}],"version-history":[{"count":0,"href":"https:\/\/uplandsoftware.com\/cimpl-fr\/wp-json\/wp\/v2\/pages\/491\/revisions"}],"wp:attachment":[{"href":"https:\/\/uplandsoftware.com\/cimpl-fr\/wp-json\/wp\/v2\/media?parent=491"}],"curies":[{"name":"wp","href":"https:\/\/api.w.org\/{rel}","templated":true}]}}