{"id":1559,"date":"2020-01-15T09:47:27","date_gmt":"2020-01-15T15:47:27","guid":{"rendered":"https:\/\/upllive.wpengine.com\/interfax-de\/?page_id=1559"},"modified":"2021-02-25T02:52:26","modified_gmt":"2021-02-25T08:52:26","slug":"formate-der-sendebestaetigungen","status":"publish","type":"page","link":"https:\/\/uplandsoftware.com\/interfax-de\/hilfe\/cp-hilfe\/cp-dokumentation\/formate-der-sendebestaetigungen\/","title":{"rendered":"Formate der Sendebest\u00e4tigungen"},"content":{"rendered":"","protected":false},"excerpt":{"rendered":"","protected":false},"author":81,"featured_media":0,"parent":668,"menu_order":0,"comment_status":"closed","ping_status":"closed","template":"pages\/template-magic.php","meta":{"_acf_changed":false,"_sitemap_exclude":false,"_sitemap_priority":"","_sitemap_frequency":"","footnotes":"","_links_to":"","_links_to_target":""},"class_list":["post-1559","page","type-page","status-publish","hentry"],"acf":[],"yoast_head":"<!-- This site is optimized with the Yoast SEO Premium plugin v27.2 (Yoast SEO v27.2) - https:\/\/yoast.com\/product\/yoast-seo-premium-wordpress\/ -->\n<title>Internet-Fax | Fax-Versand | M\u00f6gliche Formate der Sendebest\u00e4tigungen<\/title>\n<meta name=\"description\" content=\"Internet-Fax: Hier finden Sie alle Infos zum Thema Formate der Sendebest\u00e4tigungen. Sie sehen genau, welche Formate bereit stehen.\" \/>\n<meta name=\"robots\" content=\"index, follow, max-snippet:-1, max-image-preview:large, max-video-preview:-1\" \/>\n<link rel=\"canonical\" href=\"https:\/\/uplandsoftware.com\/interfax-de\/hilfe\/cp-hilfe\/cp-dokumentation\/formate-der-sendebestaetigungen\/\" \/>\n<script type=\"application\/ld+json\" class=\"yoast-schema-graph\">{\"@context\":\"https:\/\/schema.org\",\"@graph\":[{\"@type\":\"WebPage\",\"@id\":\"https:\/\/uplandsoftware.com\/interfax-de\/hilfe\/cp-hilfe\/cp-dokumentation\/formate-der-sendebestaetigungen\/\",\"url\":\"https:\/\/uplandsoftware.com\/interfax-de\/hilfe\/cp-hilfe\/cp-dokumentation\/formate-der-sendebestaetigungen\/\",\"name\":\"Internet-Fax | Fax-Versand | M\u00f6gliche Formate der Sendebest\u00e4tigungen\",\"isPartOf\":{\"@id\":\"https:\/\/uplandsoftware.com\/interfax-de\/#website\"},\"datePublished\":\"2020-01-15T15:47:27+00:00\",\"dateModified\":\"2021-02-25T08:52:26+00:00\",\"description\":\"Internet-Fax: Hier finden Sie alle Infos zum Thema Formate der Sendebest\u00e4tigungen. Sie sehen genau, welche Formate bereit stehen.\",\"breadcrumb\":{\"@id\":\"https:\/\/uplandsoftware.com\/interfax-de\/hilfe\/cp-hilfe\/cp-dokumentation\/formate-der-sendebestaetigungen\/#breadcrumb\"},\"inLanguage\":\"en-US\",\"potentialAction\":[{\"@type\":\"ReadAction\",\"target\":[\"https:\/\/uplandsoftware.com\/interfax-de\/hilfe\/cp-hilfe\/cp-dokumentation\/formate-der-sendebestaetigungen\/\"]}]},{\"@type\":\"BreadcrumbList\",\"@id\":\"https:\/\/uplandsoftware.com\/interfax-de\/hilfe\/cp-hilfe\/cp-dokumentation\/formate-der-sendebestaetigungen\/#breadcrumb\",\"itemListElement\":[{\"@type\":\"ListItem\",\"position\":1,\"name\":\"Home\",\"item\":\"https:\/\/uplandsoftware.com\/interfax-de\/\"},{\"@type\":\"ListItem\",\"position\":2,\"name\":\"Hilfe\",\"item\":\"https:\/\/uplandsoftware.com\/interfax-de\/hilfe\/\"},{\"@type\":\"ListItem\",\"position\":3,\"name\":\"Hilfe Control Panel\",\"item\":\"https:\/\/uplandsoftware.com\/interfax-de\/hilfe\/cp-hilfe\/\"},{\"@type\":\"ListItem\",\"position\":4,\"name\":\"Dokumentation\",\"item\":\"https:\/\/uplandsoftware.com\/interfax-de\/hilfe\/cp-hilfe\/cp-dokumentation\/\"},{\"@type\":\"ListItem\",\"position\":5,\"name\":\"Formate der Sendebest\u00e4tigungen\"}]},{\"@type\":\"WebSite\",\"@id\":\"https:\/\/uplandsoftware.com\/interfax-de\/#website\",\"url\":\"https:\/\/uplandsoftware.com\/interfax-de\/\",\"name\":\"InterFAX - DE\",\"description\":\"\",\"potentialAction\":[{\"@type\":\"SearchAction\",\"target\":{\"@type\":\"EntryPoint\",\"urlTemplate\":\"https:\/\/uplandsoftware.com\/interfax-de\/?s={search_term_string}\"},\"query-input\":{\"@type\":\"PropertyValueSpecification\",\"valueRequired\":true,\"valueName\":\"search_term_string\"}}],\"inLanguage\":\"en-US\"}]}<\/script>\n<!-- \/ Yoast SEO Premium plugin. -->","yoast_head_json":{"title":"Internet-Fax | Fax-Versand | M\u00f6gliche Formate der Sendebest\u00e4tigungen","description":"Internet-Fax: Hier finden Sie alle Infos zum Thema Formate der Sendebest\u00e4tigungen. Sie sehen genau, welche Formate bereit stehen.","robots":{"index":"index","follow":"follow","max-snippet":"max-snippet:-1","max-image-preview":"max-image-preview:large","max-video-preview":"max-video-preview:-1"},"canonical":"https:\/\/uplandsoftware.com\/interfax-de\/hilfe\/cp-hilfe\/cp-dokumentation\/formate-der-sendebestaetigungen\/","schema":{"@context":"https:\/\/schema.org","@graph":[{"@type":"WebPage","@id":"https:\/\/uplandsoftware.com\/interfax-de\/hilfe\/cp-hilfe\/cp-dokumentation\/formate-der-sendebestaetigungen\/","url":"https:\/\/uplandsoftware.com\/interfax-de\/hilfe\/cp-hilfe\/cp-dokumentation\/formate-der-sendebestaetigungen\/","name":"Internet-Fax | Fax-Versand | M\u00f6gliche Formate der Sendebest\u00e4tigungen","isPartOf":{"@id":"https:\/\/uplandsoftware.com\/interfax-de\/#website"},"datePublished":"2020-01-15T15:47:27+00:00","dateModified":"2021-02-25T08:52:26+00:00","description":"Internet-Fax: Hier finden Sie alle Infos zum Thema Formate der Sendebest\u00e4tigungen. Sie sehen genau, welche Formate bereit stehen.","breadcrumb":{"@id":"https:\/\/uplandsoftware.com\/interfax-de\/hilfe\/cp-hilfe\/cp-dokumentation\/formate-der-sendebestaetigungen\/#breadcrumb"},"inLanguage":"en-US","potentialAction":[{"@type":"ReadAction","target":["https:\/\/uplandsoftware.com\/interfax-de\/hilfe\/cp-hilfe\/cp-dokumentation\/formate-der-sendebestaetigungen\/"]}]},{"@type":"BreadcrumbList","@id":"https:\/\/uplandsoftware.com\/interfax-de\/hilfe\/cp-hilfe\/cp-dokumentation\/formate-der-sendebestaetigungen\/#breadcrumb","itemListElement":[{"@type":"ListItem","position":1,"name":"Home","item":"https:\/\/uplandsoftware.com\/interfax-de\/"},{"@type":"ListItem","position":2,"name":"Hilfe","item":"https:\/\/uplandsoftware.com\/interfax-de\/hilfe\/"},{"@type":"ListItem","position":3,"name":"Hilfe Control Panel","item":"https:\/\/uplandsoftware.com\/interfax-de\/hilfe\/cp-hilfe\/"},{"@type":"ListItem","position":4,"name":"Dokumentation","item":"https:\/\/uplandsoftware.com\/interfax-de\/hilfe\/cp-hilfe\/cp-dokumentation\/"},{"@type":"ListItem","position":5,"name":"Formate der Sendebest\u00e4tigungen"}]},{"@type":"WebSite","@id":"https:\/\/uplandsoftware.com\/interfax-de\/#website","url":"https:\/\/uplandsoftware.com\/interfax-de\/","name":"InterFAX - DE","description":"","potentialAction":[{"@type":"SearchAction","target":{"@type":"EntryPoint","urlTemplate":"https:\/\/uplandsoftware.com\/interfax-de\/?s={search_term_string}"},"query-input":{"@type":"PropertyValueSpecification","valueRequired":true,"valueName":"search_term_string"}}],"inLanguage":"en-US"}]}},"_links":{"self":[{"href":"https:\/\/uplandsoftware.com\/interfax-de\/wp-json\/wp\/v2\/pages\/1559","targetHints":{"allow":["GET"]}}],"collection":[{"href":"https:\/\/uplandsoftware.com\/interfax-de\/wp-json\/wp\/v2\/pages"}],"about":[{"href":"https:\/\/uplandsoftware.com\/interfax-de\/wp-json\/wp\/v2\/types\/page"}],"author":[{"embeddable":true,"href":"https:\/\/uplandsoftware.com\/interfax-de\/wp-json\/wp\/v2\/users\/81"}],"replies":[{"embeddable":true,"href":"https:\/\/uplandsoftware.com\/interfax-de\/wp-json\/wp\/v2\/comments?post=1559"}],"version-history":[{"count":0,"href":"https:\/\/uplandsoftware.com\/interfax-de\/wp-json\/wp\/v2\/pages\/1559\/revisions"}],"up":[{"embeddable":true,"href":"https:\/\/uplandsoftware.com\/interfax-de\/wp-json\/wp\/v2\/pages\/668"}],"wp:attachment":[{"href":"https:\/\/uplandsoftware.com\/interfax-de\/wp-json\/wp\/v2\/media?parent=1559"}],"curies":[{"name":"wp","href":"https:\/\/api.w.org\/{rel}","templated":true}]}}