{"id":1902,"date":"2020-09-30T08:20:14","date_gmt":"2020-09-30T14:20:14","guid":{"rendered":"https:\/\/upllive.wpengine.com\/interfax-de\/?page_id=1902"},"modified":"2023-09-06T02:28:29","modified_gmt":"2023-09-06T08:28:29","slug":"ueber-uns","status":"publish","type":"page","link":"https:\/\/uplandsoftware.com\/interfax-de\/ueber-uns\/","title":{"rendered":"\u00dcber uns"},"content":{"rendered":"<p>Bereits seit 1996 ist InterFAX Anbieter f\u00fcr internet-basierende Fax-Dienstleistungen. Zehntausende Benutzer versenden und empfangen j\u00e4hrlich mehr als 60 Millionen Fax-Seiten \u00fcber InterFAX &#8211; von Gro\u00dfkonzernen bis hin zu Kleinunternehmen und Privatpersonen.<\/p>\n<h3>Kompetenter und pers\u00f6nlicher Service<\/h3>\n<p>Auch wenn Sie die InterFAX-Dienste alle rund um die Uhr online nutzen und konfigurieren k\u00f6nnen: f\u00fcr Ihre Fragen und besonderen Anforderungen steht Ihnen unsere Kundenberatung sehr gerne mit Rat und Tat zur Seite. Per Mail oder telefonisch.<\/p>\n<h3>Internationales Netzwerk<\/h3>\n<p>Mit Knotenpunkten in den USA, Gro\u00dfbritannien, Deutschland, der T\u00fcrkei, Israel, Italien, Japan und Australien, sowie zahlreichen Fax-Servern und einem entsprechend gro\u00dfen Pool von Telefonleitungen, bieten wir unseren Kunden innovative Fax-Dienstleistungen zu konkurrenzf\u00e4higen Preisen. Durch die Vielzahl von Servern und Leitungen sind wir in der Lage viele tausend Faxe pro Stunde zu versenden und zu empfangen. So bleiben Sie vollkommen flexibel &#8211; ganz gleich, wie hoch Ihr Faxvolumen ist.<\/p>\n<h3>Entwicklerfreundliches System<\/h3>\n<p>InterFAX k\u00f6nnen Sie dabei nicht nur manuell \u00fcber Ihren E-Mail-Account oder die Weboberfl\u00e4che nutzen: F\u00fcr Kunden, die den Fax-Versand\/-Empfang in ihre Softwareanwendungen (z.B. f\u00fcr Auftragsbearbeitung, Reisemanagement und Workflow-Systeme) integrieren m\u00f6chten, bietet InterFAX eine Reihe einfacher und gut dokumentierter APIs an. \u00dcber den kostenlosen Entwickler-Account k\u00f6nnen Kunden ihre Anwendungen testen. Das InterFAX steht Ihnen bei der Integration gerne zur Seite.<\/p>\n","protected":false},"excerpt":{"rendered":"<p>Bereits seit 1996 ist InterFAX Anbieter f\u00fcr internet-basierende Fax-Dienstleistungen. Zehntausende Benutzer versenden und empfangen j\u00e4hrlich mehr als 60 Millionen Fax-Seiten \u00fcber InterFAX &#8211; von Gro\u00dfkonzernen bis hin zu Kleinunternehmen und Privatpersonen. Kompetenter und pers\u00f6nlicher Service Auch wenn Sie die InterFAX-Dienste alle rund um die Uhr online nutzen und konfigurieren k\u00f6nnen: f\u00fcr Ihre Fragen und besonderen [&hellip;]<\/p>\n","protected":false},"author":1,"featured_media":0,"parent":0,"menu_order":0,"comment_status":"closed","ping_status":"closed","template":"pages\/template-magic.php","meta":{"_acf_changed":false,"_sitemap_exclude":false,"_sitemap_priority":"","_sitemap_frequency":"","footnotes":"","_links_to":"","_links_to_target":""},"class_list":["post-1902","page","type-page","status-publish","hentry"],"acf":[],"yoast_head":"<!-- This site is optimized with the Yoast SEO Premium plugin v27.3 (Yoast SEO v27.3) - https:\/\/yoast.com\/product\/yoast-seo-premium-wordpress\/ -->\n<title>Internet-Fax | InterFAX | \u00dcber uns<\/title>\n<meta name=\"description\" content=\"Internet-Fax: Einfaches Faxen \u00fcber das Internet. Kompetent und international. Sehen Sie selbst, wie einfach alles funktioniert.\" \/>\n<meta name=\"robots\" content=\"index, follow, max-snippet:-1, max-image-preview:large, max-video-preview:-1\" \/>\n<link rel=\"canonical\" href=\"https:\/\/uplandsoftware.com\/interfax-de\/ueber-uns\/\" \/>\n<meta name=\"twitter:label1\" content=\"Est. reading time\" \/>\n\t<meta name=\"twitter:data1\" content=\"1 minute\" \/>\n<script type=\"application\/ld+json\" class=\"yoast-schema-graph\">{\"@context\":\"https:\\\/\\\/schema.org\",\"@graph\":[{\"@type\":\"WebPage\",\"@id\":\"https:\\\/\\\/uplandsoftware.com\\\/interfax-de\\\/ueber-uns\\\/\",\"url\":\"https:\\\/\\\/uplandsoftware.com\\\/interfax-de\\\/ueber-uns\\\/\",\"name\":\"Internet-Fax | InterFAX | \u00dcber uns\",\"isPartOf\":{\"@id\":\"https:\\\/\\\/uplandsoftware.com\\\/interfax-de\\\/#website\"},\"datePublished\":\"2020-09-30T14:20:14+00:00\",\"dateModified\":\"2023-09-06T08:28:29+00:00\",\"description\":\"Internet-Fax: Einfaches Faxen \u00fcber das Internet. Kompetent und international. Sehen Sie selbst, wie einfach alles funktioniert.\",\"breadcrumb\":{\"@id\":\"https:\\\/\\\/uplandsoftware.com\\\/interfax-de\\\/ueber-uns\\\/#breadcrumb\"},\"inLanguage\":\"en-US\",\"potentialAction\":[{\"@type\":\"ReadAction\",\"target\":[\"https:\\\/\\\/uplandsoftware.com\\\/interfax-de\\\/ueber-uns\\\/\"]}]},{\"@type\":\"BreadcrumbList\",\"@id\":\"https:\\\/\\\/uplandsoftware.com\\\/interfax-de\\\/ueber-uns\\\/#breadcrumb\",\"itemListElement\":[{\"@type\":\"ListItem\",\"position\":1,\"name\":\"Home\",\"item\":\"https:\\\/\\\/uplandsoftware.com\\\/interfax-de\\\/\"},{\"@type\":\"ListItem\",\"position\":2,\"name\":\"\u00dcber uns\"}]},{\"@type\":\"WebSite\",\"@id\":\"https:\\\/\\\/uplandsoftware.com\\\/interfax-de\\\/#website\",\"url\":\"https:\\\/\\\/uplandsoftware.com\\\/interfax-de\\\/\",\"name\":\"InterFAX - DE\",\"description\":\"\",\"potentialAction\":[{\"@type\":\"SearchAction\",\"target\":{\"@type\":\"EntryPoint\",\"urlTemplate\":\"https:\\\/\\\/uplandsoftware.com\\\/interfax-de\\\/?s={search_term_string}\"},\"query-input\":{\"@type\":\"PropertyValueSpecification\",\"valueRequired\":true,\"valueName\":\"search_term_string\"}}],\"inLanguage\":\"en-US\"}]}<\/script>\n<!-- \/ Yoast SEO Premium plugin. -->","yoast_head_json":{"title":"Internet-Fax | InterFAX | \u00dcber uns","description":"Internet-Fax: Einfaches Faxen \u00fcber das Internet. Kompetent und international. Sehen Sie selbst, wie einfach alles funktioniert.","robots":{"index":"index","follow":"follow","max-snippet":"max-snippet:-1","max-image-preview":"max-image-preview:large","max-video-preview":"max-video-preview:-1"},"canonical":"https:\/\/uplandsoftware.com\/interfax-de\/ueber-uns\/","twitter_misc":{"Est. reading time":"1 minute"},"schema":{"@context":"https:\/\/schema.org","@graph":[{"@type":"WebPage","@id":"https:\/\/uplandsoftware.com\/interfax-de\/ueber-uns\/","url":"https:\/\/uplandsoftware.com\/interfax-de\/ueber-uns\/","name":"Internet-Fax | InterFAX | \u00dcber uns","isPartOf":{"@id":"https:\/\/uplandsoftware.com\/interfax-de\/#website"},"datePublished":"2020-09-30T14:20:14+00:00","dateModified":"2023-09-06T08:28:29+00:00","description":"Internet-Fax: Einfaches Faxen \u00fcber das Internet. Kompetent und international. Sehen Sie selbst, wie einfach alles funktioniert.","breadcrumb":{"@id":"https:\/\/uplandsoftware.com\/interfax-de\/ueber-uns\/#breadcrumb"},"inLanguage":"en-US","potentialAction":[{"@type":"ReadAction","target":["https:\/\/uplandsoftware.com\/interfax-de\/ueber-uns\/"]}]},{"@type":"BreadcrumbList","@id":"https:\/\/uplandsoftware.com\/interfax-de\/ueber-uns\/#breadcrumb","itemListElement":[{"@type":"ListItem","position":1,"name":"Home","item":"https:\/\/uplandsoftware.com\/interfax-de\/"},{"@type":"ListItem","position":2,"name":"\u00dcber uns"}]},{"@type":"WebSite","@id":"https:\/\/uplandsoftware.com\/interfax-de\/#website","url":"https:\/\/uplandsoftware.com\/interfax-de\/","name":"InterFAX - DE","description":"","potentialAction":[{"@type":"SearchAction","target":{"@type":"EntryPoint","urlTemplate":"https:\/\/uplandsoftware.com\/interfax-de\/?s={search_term_string}"},"query-input":{"@type":"PropertyValueSpecification","valueRequired":true,"valueName":"search_term_string"}}],"inLanguage":"en-US"}]}},"_links":{"self":[{"href":"https:\/\/uplandsoftware.com\/interfax-de\/wp-json\/wp\/v2\/pages\/1902","targetHints":{"allow":["GET"]}}],"collection":[{"href":"https:\/\/uplandsoftware.com\/interfax-de\/wp-json\/wp\/v2\/pages"}],"about":[{"href":"https:\/\/uplandsoftware.com\/interfax-de\/wp-json\/wp\/v2\/types\/page"}],"author":[{"embeddable":true,"href":"https:\/\/uplandsoftware.com\/interfax-de\/wp-json\/wp\/v2\/users\/1"}],"replies":[{"embeddable":true,"href":"https:\/\/uplandsoftware.com\/interfax-de\/wp-json\/wp\/v2\/comments?post=1902"}],"version-history":[{"count":0,"href":"https:\/\/uplandsoftware.com\/interfax-de\/wp-json\/wp\/v2\/pages\/1902\/revisions"}],"wp:attachment":[{"href":"https:\/\/uplandsoftware.com\/interfax-de\/wp-json\/wp\/v2\/media?parent=1902"}],"curies":[{"name":"wp","href":"https:\/\/api.w.org\/{rel}","templated":true}]}}