{"id":1965,"date":"2021-02-05T03:36:41","date_gmt":"2021-02-05T09:36:41","guid":{"rendered":"https:\/\/uplandsoftware.com\/interfax-de\/?page_id=1965"},"modified":"2021-02-10T05:35:47","modified_gmt":"2021-02-10T11:35:47","slug":"verschluesselter-fax-empfang","status":"publish","type":"page","link":"https:\/\/uplandsoftware.com\/interfax-de\/hilfe\/ss-hilfe\/ss-sicherheit\/verschluesselter-fax-empfang\/","title":{"rendered":"Verschl\u00fcsselter Fax-Empfang"},"content":{"rendered":"","protected":false},"excerpt":{"rendered":"","protected":false},"author":1,"featured_media":0,"parent":797,"menu_order":0,"comment_status":"closed","ping_status":"closed","template":"pages\/template-magic.php","meta":{"_acf_changed":false,"_sitemap_exclude":false,"_sitemap_priority":"","_sitemap_frequency":"","footnotes":"","_links_to":"","_links_to_target":""},"class_list":["post-1965","page","type-page","status-publish","hentry"],"acf":[],"yoast_head":"<!-- This site is optimized with the Yoast SEO Premium plugin v27.3 (Yoast SEO v27.3) - https:\/\/yoast.com\/product\/yoast-seo-premium-wordpress\/ -->\n<title>Internet-Fax | Hilfe | Verschl\u00fcsselter Faxempfang<\/title>\n<meta name=\"description\" content=\"Internet-Fax: Verschl\u00fcsselter Fax-Empfang - so einfach funktioniert der verschl\u00fcsselte Fax-Empfang mit dem Fax-Service von InterFAX.\" \/>\n<meta name=\"robots\" content=\"index, follow, max-snippet:-1, max-image-preview:large, max-video-preview:-1\" \/>\n<link rel=\"canonical\" href=\"https:\/\/uplandsoftware.com\/interfax-de\/hilfe\/ss-hilfe\/ss-sicherheit\/verschluesselter-fax-empfang\/\" \/>\n<script type=\"application\/ld+json\" class=\"yoast-schema-graph\">{\"@context\":\"https:\\\/\\\/schema.org\",\"@graph\":[{\"@type\":\"WebPage\",\"@id\":\"https:\\\/\\\/uplandsoftware.com\\\/interfax-de\\\/hilfe\\\/ss-hilfe\\\/ss-sicherheit\\\/verschluesselter-fax-empfang\\\/\",\"url\":\"https:\\\/\\\/uplandsoftware.com\\\/interfax-de\\\/hilfe\\\/ss-hilfe\\\/ss-sicherheit\\\/verschluesselter-fax-empfang\\\/\",\"name\":\"Internet-Fax | Hilfe | Verschl\u00fcsselter Faxempfang\",\"isPartOf\":{\"@id\":\"https:\\\/\\\/uplandsoftware.com\\\/interfax-de\\\/#website\"},\"datePublished\":\"2021-02-05T09:36:41+00:00\",\"dateModified\":\"2021-02-10T11:35:47+00:00\",\"description\":\"Internet-Fax: Verschl\u00fcsselter Fax-Empfang - so einfach funktioniert der verschl\u00fcsselte Fax-Empfang mit dem Fax-Service von InterFAX.\",\"breadcrumb\":{\"@id\":\"https:\\\/\\\/uplandsoftware.com\\\/interfax-de\\\/hilfe\\\/ss-hilfe\\\/ss-sicherheit\\\/verschluesselter-fax-empfang\\\/#breadcrumb\"},\"inLanguage\":\"en-US\",\"potentialAction\":[{\"@type\":\"ReadAction\",\"target\":[\"https:\\\/\\\/uplandsoftware.com\\\/interfax-de\\\/hilfe\\\/ss-hilfe\\\/ss-sicherheit\\\/verschluesselter-fax-empfang\\\/\"]}]},{\"@type\":\"BreadcrumbList\",\"@id\":\"https:\\\/\\\/uplandsoftware.com\\\/interfax-de\\\/hilfe\\\/ss-hilfe\\\/ss-sicherheit\\\/verschluesselter-fax-empfang\\\/#breadcrumb\",\"itemListElement\":[{\"@type\":\"ListItem\",\"position\":1,\"name\":\"Home\",\"item\":\"https:\\\/\\\/uplandsoftware.com\\\/interfax-de\\\/\"},{\"@type\":\"ListItem\",\"position\":2,\"name\":\"Hilfe\",\"item\":\"https:\\\/\\\/uplandsoftware.com\\\/interfax-de\\\/hilfe\\\/\"},{\"@type\":\"ListItem\",\"position\":3,\"name\":\"Hilfe\",\"item\":\"https:\\\/\\\/uplandsoftware.com\\\/interfax-de\\\/hilfe\\\/ss-hilfe\\\/\"},{\"@type\":\"ListItem\",\"position\":4,\"name\":\"Secure Seite Sicherheit\",\"item\":\"https:\\\/\\\/uplandsoftware.com\\\/interfax-de\\\/hilfe\\\/ss-hilfe\\\/ss-sicherheit\\\/\"},{\"@type\":\"ListItem\",\"position\":5,\"name\":\"Verschl\u00fcsselter Fax-Empfang\"}]},{\"@type\":\"WebSite\",\"@id\":\"https:\\\/\\\/uplandsoftware.com\\\/interfax-de\\\/#website\",\"url\":\"https:\\\/\\\/uplandsoftware.com\\\/interfax-de\\\/\",\"name\":\"InterFAX - DE\",\"description\":\"\",\"potentialAction\":[{\"@type\":\"SearchAction\",\"target\":{\"@type\":\"EntryPoint\",\"urlTemplate\":\"https:\\\/\\\/uplandsoftware.com\\\/interfax-de\\\/?s={search_term_string}\"},\"query-input\":{\"@type\":\"PropertyValueSpecification\",\"valueRequired\":true,\"valueName\":\"search_term_string\"}}],\"inLanguage\":\"en-US\"}]}<\/script>\n<!-- \/ Yoast SEO Premium plugin. -->","yoast_head_json":{"title":"Internet-Fax | Hilfe | Verschl\u00fcsselter Faxempfang","description":"Internet-Fax: Verschl\u00fcsselter Fax-Empfang - so einfach funktioniert der verschl\u00fcsselte Fax-Empfang mit dem Fax-Service von InterFAX.","robots":{"index":"index","follow":"follow","max-snippet":"max-snippet:-1","max-image-preview":"max-image-preview:large","max-video-preview":"max-video-preview:-1"},"canonical":"https:\/\/uplandsoftware.com\/interfax-de\/hilfe\/ss-hilfe\/ss-sicherheit\/verschluesselter-fax-empfang\/","schema":{"@context":"https:\/\/schema.org","@graph":[{"@type":"WebPage","@id":"https:\/\/uplandsoftware.com\/interfax-de\/hilfe\/ss-hilfe\/ss-sicherheit\/verschluesselter-fax-empfang\/","url":"https:\/\/uplandsoftware.com\/interfax-de\/hilfe\/ss-hilfe\/ss-sicherheit\/verschluesselter-fax-empfang\/","name":"Internet-Fax | Hilfe | Verschl\u00fcsselter Faxempfang","isPartOf":{"@id":"https:\/\/uplandsoftware.com\/interfax-de\/#website"},"datePublished":"2021-02-05T09:36:41+00:00","dateModified":"2021-02-10T11:35:47+00:00","description":"Internet-Fax: Verschl\u00fcsselter Fax-Empfang - so einfach funktioniert der verschl\u00fcsselte Fax-Empfang mit dem Fax-Service von InterFAX.","breadcrumb":{"@id":"https:\/\/uplandsoftware.com\/interfax-de\/hilfe\/ss-hilfe\/ss-sicherheit\/verschluesselter-fax-empfang\/#breadcrumb"},"inLanguage":"en-US","potentialAction":[{"@type":"ReadAction","target":["https:\/\/uplandsoftware.com\/interfax-de\/hilfe\/ss-hilfe\/ss-sicherheit\/verschluesselter-fax-empfang\/"]}]},{"@type":"BreadcrumbList","@id":"https:\/\/uplandsoftware.com\/interfax-de\/hilfe\/ss-hilfe\/ss-sicherheit\/verschluesselter-fax-empfang\/#breadcrumb","itemListElement":[{"@type":"ListItem","position":1,"name":"Home","item":"https:\/\/uplandsoftware.com\/interfax-de\/"},{"@type":"ListItem","position":2,"name":"Hilfe","item":"https:\/\/uplandsoftware.com\/interfax-de\/hilfe\/"},{"@type":"ListItem","position":3,"name":"Hilfe","item":"https:\/\/uplandsoftware.com\/interfax-de\/hilfe\/ss-hilfe\/"},{"@type":"ListItem","position":4,"name":"Secure Seite Sicherheit","item":"https:\/\/uplandsoftware.com\/interfax-de\/hilfe\/ss-hilfe\/ss-sicherheit\/"},{"@type":"ListItem","position":5,"name":"Verschl\u00fcsselter Fax-Empfang"}]},{"@type":"WebSite","@id":"https:\/\/uplandsoftware.com\/interfax-de\/#website","url":"https:\/\/uplandsoftware.com\/interfax-de\/","name":"InterFAX - DE","description":"","potentialAction":[{"@type":"SearchAction","target":{"@type":"EntryPoint","urlTemplate":"https:\/\/uplandsoftware.com\/interfax-de\/?s={search_term_string}"},"query-input":{"@type":"PropertyValueSpecification","valueRequired":true,"valueName":"search_term_string"}}],"inLanguage":"en-US"}]}},"_links":{"self":[{"href":"https:\/\/uplandsoftware.com\/interfax-de\/wp-json\/wp\/v2\/pages\/1965","targetHints":{"allow":["GET"]}}],"collection":[{"href":"https:\/\/uplandsoftware.com\/interfax-de\/wp-json\/wp\/v2\/pages"}],"about":[{"href":"https:\/\/uplandsoftware.com\/interfax-de\/wp-json\/wp\/v2\/types\/page"}],"author":[{"embeddable":true,"href":"https:\/\/uplandsoftware.com\/interfax-de\/wp-json\/wp\/v2\/users\/1"}],"replies":[{"embeddable":true,"href":"https:\/\/uplandsoftware.com\/interfax-de\/wp-json\/wp\/v2\/comments?post=1965"}],"version-history":[{"count":0,"href":"https:\/\/uplandsoftware.com\/interfax-de\/wp-json\/wp\/v2\/pages\/1965\/revisions"}],"up":[{"embeddable":true,"href":"https:\/\/uplandsoftware.com\/interfax-de\/wp-json\/wp\/v2\/pages\/797"}],"wp:attachment":[{"href":"https:\/\/uplandsoftware.com\/interfax-de\/wp-json\/wp\/v2\/media?parent=1965"}],"curies":[{"name":"wp","href":"https:\/\/api.w.org\/{rel}","templated":true}]}}