{"id":4760,"date":"2024-09-26T02:41:19","date_gmt":"2024-09-26T08:41:19","guid":{"rendered":"https:\/\/uplandsoftware.com\/interfax-de\/?page_id=4760"},"modified":"2024-09-26T02:45:27","modified_gmt":"2024-09-26T08:45:27","slug":"beispiel-php-versand","status":"publish","type":"page","link":"https:\/\/uplandsoftware.com\/interfax-de\/vorteile\/beispiel-php-versand\/","title":{"rendered":"Beispiel PHP Versand"},"content":{"rendered":"","protected":false},"excerpt":{"rendered":"","protected":false},"author":90,"featured_media":0,"parent":236,"menu_order":0,"comment_status":"closed","ping_status":"closed","template":"pages\/template-magic.php","meta":{"_acf_changed":false,"_sitemap_exclude":false,"_sitemap_priority":"","_sitemap_frequency":"","footnotes":"","_links_to":"","_links_to_target":""},"class_list":["post-4760","page","type-page","status-publish","hentry"],"acf":[],"yoast_head":"<!-- This site is optimized with the Yoast SEO Premium plugin v27.3 (Yoast SEO v27.3) - https:\/\/yoast.com\/product\/yoast-seo-premium-wordpress\/ -->\n<title>Internet-Fax | Entwicklungs- und Anwendungsbeispiele<\/title>\n<meta name=\"description\" content=\"Internet-Fax: Entwicklungs- und Anwendungsbeispiele f\u00fcr den erfolgreichen Einsatz von Faxen \u00fcber das Internet - auch f\u00fcr Ihren Bereich.\" \/>\n<meta name=\"robots\" content=\"index, follow, max-snippet:-1, max-image-preview:large, max-video-preview:-1\" \/>\n<link rel=\"canonical\" href=\"https:\/\/uplandsoftware.com\/interfax-de\/vorteile\/beispiel-php-versand\/\" \/>\n<script type=\"application\/ld+json\" class=\"yoast-schema-graph\">{\"@context\":\"https:\\\/\\\/schema.org\",\"@graph\":[{\"@type\":\"WebPage\",\"@id\":\"https:\\\/\\\/uplandsoftware.com\\\/interfax-de\\\/vorteile\\\/beispiel-php-versand\\\/\",\"url\":\"https:\\\/\\\/uplandsoftware.com\\\/interfax-de\\\/vorteile\\\/beispiel-php-versand\\\/\",\"name\":\"Internet-Fax | Entwicklungs- und Anwendungsbeispiele\",\"isPartOf\":{\"@id\":\"https:\\\/\\\/uplandsoftware.com\\\/interfax-de\\\/#website\"},\"datePublished\":\"2024-09-26T08:41:19+00:00\",\"dateModified\":\"2024-09-26T08:45:27+00:00\",\"description\":\"Internet-Fax: Entwicklungs- und Anwendungsbeispiele f\u00fcr den erfolgreichen Einsatz von Faxen \u00fcber das Internet - auch f\u00fcr Ihren Bereich.\",\"breadcrumb\":{\"@id\":\"https:\\\/\\\/uplandsoftware.com\\\/interfax-de\\\/vorteile\\\/beispiel-php-versand\\\/#breadcrumb\"},\"inLanguage\":\"en-US\",\"potentialAction\":[{\"@type\":\"ReadAction\",\"target\":[\"https:\\\/\\\/uplandsoftware.com\\\/interfax-de\\\/vorteile\\\/beispiel-php-versand\\\/\"]}]},{\"@type\":\"BreadcrumbList\",\"@id\":\"https:\\\/\\\/uplandsoftware.com\\\/interfax-de\\\/vorteile\\\/beispiel-php-versand\\\/#breadcrumb\",\"itemListElement\":[{\"@type\":\"ListItem\",\"position\":1,\"name\":\"Home\",\"item\":\"https:\\\/\\\/uplandsoftware.com\\\/interfax-de\\\/\"},{\"@type\":\"ListItem\",\"position\":2,\"name\":\"Vorteile\",\"item\":\"https:\\\/\\\/uplandsoftware.com\\\/interfax-de\\\/vorteile\\\/\"},{\"@type\":\"ListItem\",\"position\":3,\"name\":\"Beispiel PHP Versand\"}]},{\"@type\":\"WebSite\",\"@id\":\"https:\\\/\\\/uplandsoftware.com\\\/interfax-de\\\/#website\",\"url\":\"https:\\\/\\\/uplandsoftware.com\\\/interfax-de\\\/\",\"name\":\"InterFAX - DE\",\"description\":\"\",\"potentialAction\":[{\"@type\":\"SearchAction\",\"target\":{\"@type\":\"EntryPoint\",\"urlTemplate\":\"https:\\\/\\\/uplandsoftware.com\\\/interfax-de\\\/?s={search_term_string}\"},\"query-input\":{\"@type\":\"PropertyValueSpecification\",\"valueRequired\":true,\"valueName\":\"search_term_string\"}}],\"inLanguage\":\"en-US\"}]}<\/script>\n<!-- \/ Yoast SEO Premium plugin. -->","yoast_head_json":{"title":"Internet-Fax | Entwicklungs- und Anwendungsbeispiele","description":"Internet-Fax: Entwicklungs- und Anwendungsbeispiele f\u00fcr den erfolgreichen Einsatz von Faxen \u00fcber das Internet - auch f\u00fcr Ihren Bereich.","robots":{"index":"index","follow":"follow","max-snippet":"max-snippet:-1","max-image-preview":"max-image-preview:large","max-video-preview":"max-video-preview:-1"},"canonical":"https:\/\/uplandsoftware.com\/interfax-de\/vorteile\/beispiel-php-versand\/","schema":{"@context":"https:\/\/schema.org","@graph":[{"@type":"WebPage","@id":"https:\/\/uplandsoftware.com\/interfax-de\/vorteile\/beispiel-php-versand\/","url":"https:\/\/uplandsoftware.com\/interfax-de\/vorteile\/beispiel-php-versand\/","name":"Internet-Fax | Entwicklungs- und Anwendungsbeispiele","isPartOf":{"@id":"https:\/\/uplandsoftware.com\/interfax-de\/#website"},"datePublished":"2024-09-26T08:41:19+00:00","dateModified":"2024-09-26T08:45:27+00:00","description":"Internet-Fax: Entwicklungs- und Anwendungsbeispiele f\u00fcr den erfolgreichen Einsatz von Faxen \u00fcber das Internet - auch f\u00fcr Ihren Bereich.","breadcrumb":{"@id":"https:\/\/uplandsoftware.com\/interfax-de\/vorteile\/beispiel-php-versand\/#breadcrumb"},"inLanguage":"en-US","potentialAction":[{"@type":"ReadAction","target":["https:\/\/uplandsoftware.com\/interfax-de\/vorteile\/beispiel-php-versand\/"]}]},{"@type":"BreadcrumbList","@id":"https:\/\/uplandsoftware.com\/interfax-de\/vorteile\/beispiel-php-versand\/#breadcrumb","itemListElement":[{"@type":"ListItem","position":1,"name":"Home","item":"https:\/\/uplandsoftware.com\/interfax-de\/"},{"@type":"ListItem","position":2,"name":"Vorteile","item":"https:\/\/uplandsoftware.com\/interfax-de\/vorteile\/"},{"@type":"ListItem","position":3,"name":"Beispiel PHP Versand"}]},{"@type":"WebSite","@id":"https:\/\/uplandsoftware.com\/interfax-de\/#website","url":"https:\/\/uplandsoftware.com\/interfax-de\/","name":"InterFAX - DE","description":"","potentialAction":[{"@type":"SearchAction","target":{"@type":"EntryPoint","urlTemplate":"https:\/\/uplandsoftware.com\/interfax-de\/?s={search_term_string}"},"query-input":{"@type":"PropertyValueSpecification","valueRequired":true,"valueName":"search_term_string"}}],"inLanguage":"en-US"}]}},"_links":{"self":[{"href":"https:\/\/uplandsoftware.com\/interfax-de\/wp-json\/wp\/v2\/pages\/4760","targetHints":{"allow":["GET"]}}],"collection":[{"href":"https:\/\/uplandsoftware.com\/interfax-de\/wp-json\/wp\/v2\/pages"}],"about":[{"href":"https:\/\/uplandsoftware.com\/interfax-de\/wp-json\/wp\/v2\/types\/page"}],"author":[{"embeddable":true,"href":"https:\/\/uplandsoftware.com\/interfax-de\/wp-json\/wp\/v2\/users\/90"}],"replies":[{"embeddable":true,"href":"https:\/\/uplandsoftware.com\/interfax-de\/wp-json\/wp\/v2\/comments?post=4760"}],"version-history":[{"count":0,"href":"https:\/\/uplandsoftware.com\/interfax-de\/wp-json\/wp\/v2\/pages\/4760\/revisions"}],"up":[{"embeddable":true,"href":"https:\/\/uplandsoftware.com\/interfax-de\/wp-json\/wp\/v2\/pages\/236"}],"wp:attachment":[{"href":"https:\/\/uplandsoftware.com\/interfax-de\/wp-json\/wp\/v2\/media?parent=4760"}],"curies":[{"name":"wp","href":"https:\/\/api.w.org\/{rel}","templated":true}]}}