{"id":494,"date":"2019-01-30T11:43:57","date_gmt":"2019-01-30T17:43:57","guid":{"rendered":"https:\/\/upllive.wpengine.com\/interfax-de\/?page_id=494"},"modified":"2024-08-16T06:57:34","modified_gmt":"2024-08-16T12:57:34","slug":"gesundheitssektor","status":"publish","type":"page","link":"https:\/\/uplandsoftware.com\/interfax-de\/vorteile\/losungen\/gesundheitssektor\/","title":{"rendered":"Gesundheitssektor"},"content":{"rendered":"","protected":false},"excerpt":{"rendered":"<p>Stay within HIPAA guidelines with secure Internet faxing for the healthcare industry. InterFAX specializes in keeping patient data secure. Take a tour and see how it works.<\/p>\n","protected":false},"author":1,"featured_media":0,"parent":493,"menu_order":0,"comment_status":"closed","ping_status":"closed","template":"pages\/template-magic.php","meta":{"_acf_changed":false,"_sitemap_exclude":false,"_sitemap_priority":"","_sitemap_frequency":"","footnotes":"","_links_to":"","_links_to_target":""},"class_list":["post-494","page","type-page","status-publish","hentry"],"acf":[],"yoast_head":"<!-- This site is optimized with the Yoast SEO Premium plugin v27.3 (Yoast SEO v27.3) - https:\/\/yoast.com\/product\/yoast-seo-premium-wordpress\/ -->\n<title>Internet-Fax | Fax-L\u00f6sungen f\u00fcr den Gesundheitssektor | H\u00f6chste Datensicherheit<\/title>\n<meta name=\"description\" content=\"Internet-Fax: Hier finden Sie speziell auf die Gesundheitsbranche\/den Gesundheitssektor abgestimmte Sicherheitsl\u00f6sungen f\u00fcr strengste Anforderungen.\" \/>\n<meta name=\"robots\" content=\"index, follow, max-snippet:-1, max-image-preview:large, max-video-preview:-1\" \/>\n<link rel=\"canonical\" href=\"https:\/\/uplandsoftware.com\/interfax-de\/vorteile\/losungen\/gesundheitssektor\/\" \/>\n<script type=\"application\/ld+json\" class=\"yoast-schema-graph\">{\"@context\":\"https:\\\/\\\/schema.org\",\"@graph\":[{\"@type\":\"WebPage\",\"@id\":\"https:\\\/\\\/uplandsoftware.com\\\/interfax-de\\\/vorteile\\\/losungen\\\/gesundheitssektor\\\/\",\"url\":\"https:\\\/\\\/uplandsoftware.com\\\/interfax-de\\\/vorteile\\\/losungen\\\/gesundheitssektor\\\/\",\"name\":\"Internet-Fax | Fax-L\u00f6sungen f\u00fcr den Gesundheitssektor | H\u00f6chste Datensicherheit\",\"isPartOf\":{\"@id\":\"https:\\\/\\\/uplandsoftware.com\\\/interfax-de\\\/#website\"},\"datePublished\":\"2019-01-30T17:43:57+00:00\",\"dateModified\":\"2024-08-16T12:57:34+00:00\",\"description\":\"Internet-Fax: Hier finden Sie speziell auf die Gesundheitsbranche\\\/den Gesundheitssektor abgestimmte Sicherheitsl\u00f6sungen f\u00fcr strengste Anforderungen.\",\"breadcrumb\":{\"@id\":\"https:\\\/\\\/uplandsoftware.com\\\/interfax-de\\\/vorteile\\\/losungen\\\/gesundheitssektor\\\/#breadcrumb\"},\"inLanguage\":\"en-US\",\"potentialAction\":[{\"@type\":\"ReadAction\",\"target\":[\"https:\\\/\\\/uplandsoftware.com\\\/interfax-de\\\/vorteile\\\/losungen\\\/gesundheitssektor\\\/\"]}]},{\"@type\":\"BreadcrumbList\",\"@id\":\"https:\\\/\\\/uplandsoftware.com\\\/interfax-de\\\/vorteile\\\/losungen\\\/gesundheitssektor\\\/#breadcrumb\",\"itemListElement\":[{\"@type\":\"ListItem\",\"position\":1,\"name\":\"Home\",\"item\":\"https:\\\/\\\/uplandsoftware.com\\\/interfax-de\\\/\"},{\"@type\":\"ListItem\",\"position\":2,\"name\":\"Vorteile\",\"item\":\"https:\\\/\\\/uplandsoftware.com\\\/interfax-de\\\/vorteile\\\/\"},{\"@type\":\"ListItem\",\"position\":3,\"name\":\"L\u00f6sungen\",\"item\":\"https:\\\/\\\/uplandsoftware.com\\\/interfax-de\\\/vorteile\\\/losungen\\\/\"},{\"@type\":\"ListItem\",\"position\":4,\"name\":\"Gesundheitssektor\"}]},{\"@type\":\"WebSite\",\"@id\":\"https:\\\/\\\/uplandsoftware.com\\\/interfax-de\\\/#website\",\"url\":\"https:\\\/\\\/uplandsoftware.com\\\/interfax-de\\\/\",\"name\":\"InterFAX - DE\",\"description\":\"\",\"potentialAction\":[{\"@type\":\"SearchAction\",\"target\":{\"@type\":\"EntryPoint\",\"urlTemplate\":\"https:\\\/\\\/uplandsoftware.com\\\/interfax-de\\\/?s={search_term_string}\"},\"query-input\":{\"@type\":\"PropertyValueSpecification\",\"valueRequired\":true,\"valueName\":\"search_term_string\"}}],\"inLanguage\":\"en-US\"}]}<\/script>\n<!-- \/ Yoast SEO Premium plugin. -->","yoast_head_json":{"title":"Internet-Fax | Fax-L\u00f6sungen f\u00fcr den Gesundheitssektor | H\u00f6chste Datensicherheit","description":"Internet-Fax: Hier finden Sie speziell auf die Gesundheitsbranche\/den Gesundheitssektor abgestimmte Sicherheitsl\u00f6sungen f\u00fcr strengste Anforderungen.","robots":{"index":"index","follow":"follow","max-snippet":"max-snippet:-1","max-image-preview":"max-image-preview:large","max-video-preview":"max-video-preview:-1"},"canonical":"https:\/\/uplandsoftware.com\/interfax-de\/vorteile\/losungen\/gesundheitssektor\/","schema":{"@context":"https:\/\/schema.org","@graph":[{"@type":"WebPage","@id":"https:\/\/uplandsoftware.com\/interfax-de\/vorteile\/losungen\/gesundheitssektor\/","url":"https:\/\/uplandsoftware.com\/interfax-de\/vorteile\/losungen\/gesundheitssektor\/","name":"Internet-Fax | Fax-L\u00f6sungen f\u00fcr den Gesundheitssektor | H\u00f6chste Datensicherheit","isPartOf":{"@id":"https:\/\/uplandsoftware.com\/interfax-de\/#website"},"datePublished":"2019-01-30T17:43:57+00:00","dateModified":"2024-08-16T12:57:34+00:00","description":"Internet-Fax: Hier finden Sie speziell auf die Gesundheitsbranche\/den Gesundheitssektor abgestimmte Sicherheitsl\u00f6sungen f\u00fcr strengste Anforderungen.","breadcrumb":{"@id":"https:\/\/uplandsoftware.com\/interfax-de\/vorteile\/losungen\/gesundheitssektor\/#breadcrumb"},"inLanguage":"en-US","potentialAction":[{"@type":"ReadAction","target":["https:\/\/uplandsoftware.com\/interfax-de\/vorteile\/losungen\/gesundheitssektor\/"]}]},{"@type":"BreadcrumbList","@id":"https:\/\/uplandsoftware.com\/interfax-de\/vorteile\/losungen\/gesundheitssektor\/#breadcrumb","itemListElement":[{"@type":"ListItem","position":1,"name":"Home","item":"https:\/\/uplandsoftware.com\/interfax-de\/"},{"@type":"ListItem","position":2,"name":"Vorteile","item":"https:\/\/uplandsoftware.com\/interfax-de\/vorteile\/"},{"@type":"ListItem","position":3,"name":"L\u00f6sungen","item":"https:\/\/uplandsoftware.com\/interfax-de\/vorteile\/losungen\/"},{"@type":"ListItem","position":4,"name":"Gesundheitssektor"}]},{"@type":"WebSite","@id":"https:\/\/uplandsoftware.com\/interfax-de\/#website","url":"https:\/\/uplandsoftware.com\/interfax-de\/","name":"InterFAX - DE","description":"","potentialAction":[{"@type":"SearchAction","target":{"@type":"EntryPoint","urlTemplate":"https:\/\/uplandsoftware.com\/interfax-de\/?s={search_term_string}"},"query-input":{"@type":"PropertyValueSpecification","valueRequired":true,"valueName":"search_term_string"}}],"inLanguage":"en-US"}]}},"_links":{"self":[{"href":"https:\/\/uplandsoftware.com\/interfax-de\/wp-json\/wp\/v2\/pages\/494","targetHints":{"allow":["GET"]}}],"collection":[{"href":"https:\/\/uplandsoftware.com\/interfax-de\/wp-json\/wp\/v2\/pages"}],"about":[{"href":"https:\/\/uplandsoftware.com\/interfax-de\/wp-json\/wp\/v2\/types\/page"}],"author":[{"embeddable":true,"href":"https:\/\/uplandsoftware.com\/interfax-de\/wp-json\/wp\/v2\/users\/1"}],"replies":[{"embeddable":true,"href":"https:\/\/uplandsoftware.com\/interfax-de\/wp-json\/wp\/v2\/comments?post=494"}],"version-history":[{"count":0,"href":"https:\/\/uplandsoftware.com\/interfax-de\/wp-json\/wp\/v2\/pages\/494\/revisions"}],"up":[{"embeddable":true,"href":"https:\/\/uplandsoftware.com\/interfax-de\/wp-json\/wp\/v2\/pages\/493"}],"wp:attachment":[{"href":"https:\/\/uplandsoftware.com\/interfax-de\/wp-json\/wp\/v2\/media?parent=494"}],"curies":[{"name":"wp","href":"https:\/\/api.w.org\/{rel}","templated":true}]}}