{"id":497,"date":"2019-01-30T11:47:56","date_gmt":"2019-01-30T17:47:56","guid":{"rendered":"https:\/\/upllive.wpengine.com\/interfax-de\/?page_id=497"},"modified":"2024-08-16T06:56:28","modified_gmt":"2024-08-16T12:56:28","slug":"nahrungsmittel-branche","status":"publish","type":"page","link":"https:\/\/uplandsoftware.com\/interfax-de\/vorteile\/losungen\/nahrungsmittel-branche\/","title":{"rendered":"Gastronomie"},"content":{"rendered":"","protected":false},"excerpt":{"rendered":"<p>Protect your guests&#8217; credit and personal data with secure Internet faxing for the food and beverage industry. With PCI DSS compliance, you know your data is safe. Learn more.<\/p>\n","protected":false},"author":1,"featured_media":0,"parent":493,"menu_order":0,"comment_status":"closed","ping_status":"closed","template":"pages\/template-magic.php","meta":{"_acf_changed":false,"_sitemap_exclude":false,"_sitemap_priority":"","_sitemap_frequency":"","footnotes":"","_links_to":"","_links_to_target":""},"class_list":["post-497","page","type-page","status-publish","hentry"],"acf":[],"yoast_head":"<!-- This site is optimized with the Yoast SEO Premium plugin v27.2 (Yoast SEO v27.2) - https:\/\/yoast.com\/product\/yoast-seo-premium-wordpress\/ -->\n<title>Internet-Fax | Fax-L\u00f6sungen f\u00fcr die Gastronomie | Einfache Anwendung<\/title>\n<meta name=\"description\" content=\"Internet-Fax f\u00fcr die Gastronomie. So einfach k\u00f6nnen Sie online faxen. Hier finden Sie spannende Anwendungsm\u00f6glichkeiten f\u00fcr die Gastronomie-Branche.\" \/>\n<meta name=\"robots\" content=\"index, follow, max-snippet:-1, max-image-preview:large, max-video-preview:-1\" \/>\n<link rel=\"canonical\" href=\"https:\/\/uplandsoftware.com\/interfax-de\/vorteile\/losungen\/nahrungsmittel-branche\/\" \/>\n<script type=\"application\/ld+json\" class=\"yoast-schema-graph\">{\"@context\":\"https:\/\/schema.org\",\"@graph\":[{\"@type\":\"WebPage\",\"@id\":\"https:\/\/uplandsoftware.com\/interfax-de\/vorteile\/losungen\/nahrungsmittel-branche\/\",\"url\":\"https:\/\/uplandsoftware.com\/interfax-de\/vorteile\/losungen\/nahrungsmittel-branche\/\",\"name\":\"Internet-Fax | Fax-L\u00f6sungen f\u00fcr die Gastronomie | Einfache Anwendung\",\"isPartOf\":{\"@id\":\"https:\/\/uplandsoftware.com\/interfax-de\/#website\"},\"datePublished\":\"2019-01-30T17:47:56+00:00\",\"dateModified\":\"2024-08-16T12:56:28+00:00\",\"description\":\"Internet-Fax f\u00fcr die Gastronomie. So einfach k\u00f6nnen Sie online faxen. Hier finden Sie spannende Anwendungsm\u00f6glichkeiten f\u00fcr die Gastronomie-Branche.\",\"breadcrumb\":{\"@id\":\"https:\/\/uplandsoftware.com\/interfax-de\/vorteile\/losungen\/nahrungsmittel-branche\/#breadcrumb\"},\"inLanguage\":\"en-US\",\"potentialAction\":[{\"@type\":\"ReadAction\",\"target\":[\"https:\/\/uplandsoftware.com\/interfax-de\/vorteile\/losungen\/nahrungsmittel-branche\/\"]}]},{\"@type\":\"BreadcrumbList\",\"@id\":\"https:\/\/uplandsoftware.com\/interfax-de\/vorteile\/losungen\/nahrungsmittel-branche\/#breadcrumb\",\"itemListElement\":[{\"@type\":\"ListItem\",\"position\":1,\"name\":\"Home\",\"item\":\"https:\/\/uplandsoftware.com\/interfax-de\/\"},{\"@type\":\"ListItem\",\"position\":2,\"name\":\"Vorteile\",\"item\":\"https:\/\/uplandsoftware.com\/interfax-de\/vorteile\/\"},{\"@type\":\"ListItem\",\"position\":3,\"name\":\"L\u00f6sungen\",\"item\":\"https:\/\/uplandsoftware.com\/interfax-de\/vorteile\/losungen\/\"},{\"@type\":\"ListItem\",\"position\":4,\"name\":\"Gastronomie\"}]},{\"@type\":\"WebSite\",\"@id\":\"https:\/\/uplandsoftware.com\/interfax-de\/#website\",\"url\":\"https:\/\/uplandsoftware.com\/interfax-de\/\",\"name\":\"InterFAX - DE\",\"description\":\"\",\"potentialAction\":[{\"@type\":\"SearchAction\",\"target\":{\"@type\":\"EntryPoint\",\"urlTemplate\":\"https:\/\/uplandsoftware.com\/interfax-de\/?s={search_term_string}\"},\"query-input\":{\"@type\":\"PropertyValueSpecification\",\"valueRequired\":true,\"valueName\":\"search_term_string\"}}],\"inLanguage\":\"en-US\"}]}<\/script>\n<!-- \/ Yoast SEO Premium plugin. -->","yoast_head_json":{"title":"Internet-Fax | Fax-L\u00f6sungen f\u00fcr die Gastronomie | Einfache Anwendung","description":"Internet-Fax f\u00fcr die Gastronomie. So einfach k\u00f6nnen Sie online faxen. Hier finden Sie spannende Anwendungsm\u00f6glichkeiten f\u00fcr die Gastronomie-Branche.","robots":{"index":"index","follow":"follow","max-snippet":"max-snippet:-1","max-image-preview":"max-image-preview:large","max-video-preview":"max-video-preview:-1"},"canonical":"https:\/\/uplandsoftware.com\/interfax-de\/vorteile\/losungen\/nahrungsmittel-branche\/","schema":{"@context":"https:\/\/schema.org","@graph":[{"@type":"WebPage","@id":"https:\/\/uplandsoftware.com\/interfax-de\/vorteile\/losungen\/nahrungsmittel-branche\/","url":"https:\/\/uplandsoftware.com\/interfax-de\/vorteile\/losungen\/nahrungsmittel-branche\/","name":"Internet-Fax | Fax-L\u00f6sungen f\u00fcr die Gastronomie | Einfache Anwendung","isPartOf":{"@id":"https:\/\/uplandsoftware.com\/interfax-de\/#website"},"datePublished":"2019-01-30T17:47:56+00:00","dateModified":"2024-08-16T12:56:28+00:00","description":"Internet-Fax f\u00fcr die Gastronomie. So einfach k\u00f6nnen Sie online faxen. Hier finden Sie spannende Anwendungsm\u00f6glichkeiten f\u00fcr die Gastronomie-Branche.","breadcrumb":{"@id":"https:\/\/uplandsoftware.com\/interfax-de\/vorteile\/losungen\/nahrungsmittel-branche\/#breadcrumb"},"inLanguage":"en-US","potentialAction":[{"@type":"ReadAction","target":["https:\/\/uplandsoftware.com\/interfax-de\/vorteile\/losungen\/nahrungsmittel-branche\/"]}]},{"@type":"BreadcrumbList","@id":"https:\/\/uplandsoftware.com\/interfax-de\/vorteile\/losungen\/nahrungsmittel-branche\/#breadcrumb","itemListElement":[{"@type":"ListItem","position":1,"name":"Home","item":"https:\/\/uplandsoftware.com\/interfax-de\/"},{"@type":"ListItem","position":2,"name":"Vorteile","item":"https:\/\/uplandsoftware.com\/interfax-de\/vorteile\/"},{"@type":"ListItem","position":3,"name":"L\u00f6sungen","item":"https:\/\/uplandsoftware.com\/interfax-de\/vorteile\/losungen\/"},{"@type":"ListItem","position":4,"name":"Gastronomie"}]},{"@type":"WebSite","@id":"https:\/\/uplandsoftware.com\/interfax-de\/#website","url":"https:\/\/uplandsoftware.com\/interfax-de\/","name":"InterFAX - DE","description":"","potentialAction":[{"@type":"SearchAction","target":{"@type":"EntryPoint","urlTemplate":"https:\/\/uplandsoftware.com\/interfax-de\/?s={search_term_string}"},"query-input":{"@type":"PropertyValueSpecification","valueRequired":true,"valueName":"search_term_string"}}],"inLanguage":"en-US"}]}},"_links":{"self":[{"href":"https:\/\/uplandsoftware.com\/interfax-de\/wp-json\/wp\/v2\/pages\/497","targetHints":{"allow":["GET"]}}],"collection":[{"href":"https:\/\/uplandsoftware.com\/interfax-de\/wp-json\/wp\/v2\/pages"}],"about":[{"href":"https:\/\/uplandsoftware.com\/interfax-de\/wp-json\/wp\/v2\/types\/page"}],"author":[{"embeddable":true,"href":"https:\/\/uplandsoftware.com\/interfax-de\/wp-json\/wp\/v2\/users\/1"}],"replies":[{"embeddable":true,"href":"https:\/\/uplandsoftware.com\/interfax-de\/wp-json\/wp\/v2\/comments?post=497"}],"version-history":[{"count":0,"href":"https:\/\/uplandsoftware.com\/interfax-de\/wp-json\/wp\/v2\/pages\/497\/revisions"}],"up":[{"embeddable":true,"href":"https:\/\/uplandsoftware.com\/interfax-de\/wp-json\/wp\/v2\/pages\/493"}],"wp:attachment":[{"href":"https:\/\/uplandsoftware.com\/interfax-de\/wp-json\/wp\/v2\/media?parent=497"}],"curies":[{"name":"wp","href":"https:\/\/api.w.org\/{rel}","templated":true}]}}