{"id":499,"date":"2019-02-01T15:32:40","date_gmt":"2019-02-01T21:32:40","guid":{"rendered":"https:\/\/upllive.wpengine.com\/interfax-de\/?page_id=499"},"modified":"2021-02-25T05:36:02","modified_gmt":"2021-02-25T11:36:02","slug":"fax-api","status":"publish","type":"page","link":"https:\/\/uplandsoftware.com\/interfax-de\/produkte\/fax-api\/","title":{"rendered":"Fax API"},"content":{"rendered":"","protected":false},"excerpt":{"rendered":"<p>From the Fax Rest API method documentation to the Developer&#8217;s Guide and forum, you&#8217;ll find what you need to get InterFAX Fax API up and running. Start here by registering.<\/p>\n","protected":false},"author":1,"featured_media":0,"parent":245,"menu_order":0,"comment_status":"closed","ping_status":"closed","template":"pages\/template-magic.php","meta":{"_acf_changed":false,"_sitemap_exclude":false,"_sitemap_priority":"","_sitemap_frequency":"","footnotes":"","_links_to":"","_links_to_target":""},"class_list":["post-499","page","type-page","status-publish","hentry"],"acf":[],"yoast_head":"<!-- This site is optimized with the Yoast SEO Premium plugin v27.3 (Yoast SEO v27.3) - https:\/\/yoast.com\/product\/yoast-seo-premium-wordpress\/ -->\n<title>Internet-Fax | Fax API f\u00fcr Entwickler | Faxen \u00fcber das Internet<\/title>\n<meta name=\"description\" content=\"Internet-Fax: Fax-Api f\u00fcr Entwickler. Faxen \u00fcber das Internet ganz einfach. Hier finden Entwickler alle Fragen rund um die Fax API. Gleich ausprobieren.\" \/>\n<meta name=\"robots\" content=\"index, follow, max-snippet:-1, max-image-preview:large, max-video-preview:-1\" \/>\n<link rel=\"canonical\" href=\"https:\/\/uplandsoftware.com\/interfax-de\/produkte\/fax-api\/\" \/>\n<script type=\"application\/ld+json\" class=\"yoast-schema-graph\">{\"@context\":\"https:\\\/\\\/schema.org\",\"@graph\":[{\"@type\":\"WebPage\",\"@id\":\"https:\\\/\\\/uplandsoftware.com\\\/interfax-de\\\/produkte\\\/fax-api\\\/\",\"url\":\"https:\\\/\\\/uplandsoftware.com\\\/interfax-de\\\/produkte\\\/fax-api\\\/\",\"name\":\"Internet-Fax | Fax API f\u00fcr Entwickler | Faxen \u00fcber das Internet\",\"isPartOf\":{\"@id\":\"https:\\\/\\\/uplandsoftware.com\\\/interfax-de\\\/#website\"},\"datePublished\":\"2019-02-01T21:32:40+00:00\",\"dateModified\":\"2021-02-25T11:36:02+00:00\",\"description\":\"Internet-Fax: Fax-Api f\u00fcr Entwickler. Faxen \u00fcber das Internet ganz einfach. Hier finden Entwickler alle Fragen rund um die Fax API. Gleich ausprobieren.\",\"breadcrumb\":{\"@id\":\"https:\\\/\\\/uplandsoftware.com\\\/interfax-de\\\/produkte\\\/fax-api\\\/#breadcrumb\"},\"inLanguage\":\"en-US\",\"potentialAction\":[{\"@type\":\"ReadAction\",\"target\":[\"https:\\\/\\\/uplandsoftware.com\\\/interfax-de\\\/produkte\\\/fax-api\\\/\"]}]},{\"@type\":\"BreadcrumbList\",\"@id\":\"https:\\\/\\\/uplandsoftware.com\\\/interfax-de\\\/produkte\\\/fax-api\\\/#breadcrumb\",\"itemListElement\":[{\"@type\":\"ListItem\",\"position\":1,\"name\":\"Home\",\"item\":\"https:\\\/\\\/uplandsoftware.com\\\/interfax-de\\\/\"},{\"@type\":\"ListItem\",\"position\":2,\"name\":\"Produkte\",\"item\":\"https:\\\/\\\/uplandsoftware.com\\\/interfax-de\\\/produkte\\\/\"},{\"@type\":\"ListItem\",\"position\":3,\"name\":\"Fax API\"}]},{\"@type\":\"WebSite\",\"@id\":\"https:\\\/\\\/uplandsoftware.com\\\/interfax-de\\\/#website\",\"url\":\"https:\\\/\\\/uplandsoftware.com\\\/interfax-de\\\/\",\"name\":\"InterFAX - DE\",\"description\":\"\",\"potentialAction\":[{\"@type\":\"SearchAction\",\"target\":{\"@type\":\"EntryPoint\",\"urlTemplate\":\"https:\\\/\\\/uplandsoftware.com\\\/interfax-de\\\/?s={search_term_string}\"},\"query-input\":{\"@type\":\"PropertyValueSpecification\",\"valueRequired\":true,\"valueName\":\"search_term_string\"}}],\"inLanguage\":\"en-US\"}]}<\/script>\n<!-- \/ Yoast SEO Premium plugin. -->","yoast_head_json":{"title":"Internet-Fax | Fax API f\u00fcr Entwickler | Faxen \u00fcber das Internet","description":"Internet-Fax: Fax-Api f\u00fcr Entwickler. Faxen \u00fcber das Internet ganz einfach. Hier finden Entwickler alle Fragen rund um die Fax API. Gleich ausprobieren.","robots":{"index":"index","follow":"follow","max-snippet":"max-snippet:-1","max-image-preview":"max-image-preview:large","max-video-preview":"max-video-preview:-1"},"canonical":"https:\/\/uplandsoftware.com\/interfax-de\/produkte\/fax-api\/","schema":{"@context":"https:\/\/schema.org","@graph":[{"@type":"WebPage","@id":"https:\/\/uplandsoftware.com\/interfax-de\/produkte\/fax-api\/","url":"https:\/\/uplandsoftware.com\/interfax-de\/produkte\/fax-api\/","name":"Internet-Fax | Fax API f\u00fcr Entwickler | Faxen \u00fcber das Internet","isPartOf":{"@id":"https:\/\/uplandsoftware.com\/interfax-de\/#website"},"datePublished":"2019-02-01T21:32:40+00:00","dateModified":"2021-02-25T11:36:02+00:00","description":"Internet-Fax: Fax-Api f\u00fcr Entwickler. Faxen \u00fcber das Internet ganz einfach. Hier finden Entwickler alle Fragen rund um die Fax API. Gleich ausprobieren.","breadcrumb":{"@id":"https:\/\/uplandsoftware.com\/interfax-de\/produkte\/fax-api\/#breadcrumb"},"inLanguage":"en-US","potentialAction":[{"@type":"ReadAction","target":["https:\/\/uplandsoftware.com\/interfax-de\/produkte\/fax-api\/"]}]},{"@type":"BreadcrumbList","@id":"https:\/\/uplandsoftware.com\/interfax-de\/produkte\/fax-api\/#breadcrumb","itemListElement":[{"@type":"ListItem","position":1,"name":"Home","item":"https:\/\/uplandsoftware.com\/interfax-de\/"},{"@type":"ListItem","position":2,"name":"Produkte","item":"https:\/\/uplandsoftware.com\/interfax-de\/produkte\/"},{"@type":"ListItem","position":3,"name":"Fax API"}]},{"@type":"WebSite","@id":"https:\/\/uplandsoftware.com\/interfax-de\/#website","url":"https:\/\/uplandsoftware.com\/interfax-de\/","name":"InterFAX - DE","description":"","potentialAction":[{"@type":"SearchAction","target":{"@type":"EntryPoint","urlTemplate":"https:\/\/uplandsoftware.com\/interfax-de\/?s={search_term_string}"},"query-input":{"@type":"PropertyValueSpecification","valueRequired":true,"valueName":"search_term_string"}}],"inLanguage":"en-US"}]}},"_links":{"self":[{"href":"https:\/\/uplandsoftware.com\/interfax-de\/wp-json\/wp\/v2\/pages\/499","targetHints":{"allow":["GET"]}}],"collection":[{"href":"https:\/\/uplandsoftware.com\/interfax-de\/wp-json\/wp\/v2\/pages"}],"about":[{"href":"https:\/\/uplandsoftware.com\/interfax-de\/wp-json\/wp\/v2\/types\/page"}],"author":[{"embeddable":true,"href":"https:\/\/uplandsoftware.com\/interfax-de\/wp-json\/wp\/v2\/users\/1"}],"replies":[{"embeddable":true,"href":"https:\/\/uplandsoftware.com\/interfax-de\/wp-json\/wp\/v2\/comments?post=499"}],"version-history":[{"count":0,"href":"https:\/\/uplandsoftware.com\/interfax-de\/wp-json\/wp\/v2\/pages\/499\/revisions"}],"up":[{"embeddable":true,"href":"https:\/\/uplandsoftware.com\/interfax-de\/wp-json\/wp\/v2\/pages\/245"}],"wp:attachment":[{"href":"https:\/\/uplandsoftware.com\/interfax-de\/wp-json\/wp\/v2\/media?parent=499"}],"curies":[{"name":"wp","href":"https:\/\/api.w.org\/{rel}","templated":true}]}}