{"id":805,"date":"2019-02-07T15:44:42","date_gmt":"2019-02-07T21:44:42","guid":{"rendered":"https:\/\/upllive.wpengine.com\/interfax-de\/?page_id=805"},"modified":"2023-05-22T06:26:16","modified_gmt":"2023-05-22T12:26:16","slug":"agbs","status":"publish","type":"page","link":"https:\/\/uplandsoftware.com\/interfax-de\/agbs\/","title":{"rendered":"Allgemeine Gesch\u00e4ftsbedingungen f\u00fcr die GTC-InterFAX-Nutzung"},"content":{"rendered":"","protected":false},"excerpt":{"rendered":"<p>This agreement is between InterFAX US Inc. (&#8220;we&#8221; or &#8220;InterFAX&#8221;), a Delaware corporation, and you (&#8220;you&#8221; or &#8220;Customer&#8221;) as a registered or free user of InterFAX services.<\/p>\n","protected":false},"author":1,"featured_media":0,"parent":0,"menu_order":0,"comment_status":"closed","ping_status":"closed","template":"pages\/template-magic.php","meta":{"_acf_changed":false,"_sitemap_exclude":false,"_sitemap_priority":"","_sitemap_frequency":"","footnotes":"","_links_to":"","_links_to_target":""},"class_list":["post-805","page","type-page","status-publish","hentry"],"acf":[],"yoast_head":"<!-- This site is optimized with the Yoast SEO Premium plugin v27.3 (Yoast SEO v27.3) - https:\/\/yoast.com\/product\/yoast-seo-premium-wordpress\/ -->\n<title>Internet-Fax | allgemeine Gesch\u00e4ftsbedingungen | AGB&#039;s<\/title>\n<meta name=\"description\" content=\"Internet-Fax - Faxen \u00fcber das Internet einfach gemacht: Hier finden Sie die allgemeinen Gesch\u00e4ftsbedinungen (AGB&#039;s) f\u00fcr InterFAX.\" \/>\n<meta name=\"robots\" content=\"index, follow, max-snippet:-1, max-image-preview:large, max-video-preview:-1\" \/>\n<link rel=\"canonical\" href=\"https:\/\/uplandsoftware.com\/interfax-de\/agbs\/\" \/>\n<script type=\"application\/ld+json\" class=\"yoast-schema-graph\">{\"@context\":\"https:\\\/\\\/schema.org\",\"@graph\":[{\"@type\":\"WebPage\",\"@id\":\"https:\\\/\\\/uplandsoftware.com\\\/interfax-de\\\/agbs\\\/\",\"url\":\"https:\\\/\\\/uplandsoftware.com\\\/interfax-de\\\/agbs\\\/\",\"name\":\"Internet-Fax | allgemeine Gesch\u00e4ftsbedingungen | AGB's\",\"isPartOf\":{\"@id\":\"https:\\\/\\\/uplandsoftware.com\\\/interfax-de\\\/#website\"},\"datePublished\":\"2019-02-07T21:44:42+00:00\",\"dateModified\":\"2023-05-22T12:26:16+00:00\",\"description\":\"Internet-Fax - Faxen \u00fcber das Internet einfach gemacht: Hier finden Sie die allgemeinen Gesch\u00e4ftsbedinungen (AGB's) f\u00fcr InterFAX.\",\"breadcrumb\":{\"@id\":\"https:\\\/\\\/uplandsoftware.com\\\/interfax-de\\\/agbs\\\/#breadcrumb\"},\"inLanguage\":\"en-US\",\"potentialAction\":[{\"@type\":\"ReadAction\",\"target\":[\"https:\\\/\\\/uplandsoftware.com\\\/interfax-de\\\/agbs\\\/\"]}]},{\"@type\":\"BreadcrumbList\",\"@id\":\"https:\\\/\\\/uplandsoftware.com\\\/interfax-de\\\/agbs\\\/#breadcrumb\",\"itemListElement\":[{\"@type\":\"ListItem\",\"position\":1,\"name\":\"Home\",\"item\":\"https:\\\/\\\/uplandsoftware.com\\\/interfax-de\\\/\"},{\"@type\":\"ListItem\",\"position\":2,\"name\":\"Allgemeine Gesch\u00e4ftsbedingungen f\u00fcr die GTC-InterFAX-Nutzung\"}]},{\"@type\":\"WebSite\",\"@id\":\"https:\\\/\\\/uplandsoftware.com\\\/interfax-de\\\/#website\",\"url\":\"https:\\\/\\\/uplandsoftware.com\\\/interfax-de\\\/\",\"name\":\"InterFAX - DE\",\"description\":\"\",\"potentialAction\":[{\"@type\":\"SearchAction\",\"target\":{\"@type\":\"EntryPoint\",\"urlTemplate\":\"https:\\\/\\\/uplandsoftware.com\\\/interfax-de\\\/?s={search_term_string}\"},\"query-input\":{\"@type\":\"PropertyValueSpecification\",\"valueRequired\":true,\"valueName\":\"search_term_string\"}}],\"inLanguage\":\"en-US\"}]}<\/script>\n<!-- \/ Yoast SEO Premium plugin. -->","yoast_head_json":{"title":"Internet-Fax | allgemeine Gesch\u00e4ftsbedingungen | AGB's","description":"Internet-Fax - Faxen \u00fcber das Internet einfach gemacht: Hier finden Sie die allgemeinen Gesch\u00e4ftsbedinungen (AGB's) f\u00fcr InterFAX.","robots":{"index":"index","follow":"follow","max-snippet":"max-snippet:-1","max-image-preview":"max-image-preview:large","max-video-preview":"max-video-preview:-1"},"canonical":"https:\/\/uplandsoftware.com\/interfax-de\/agbs\/","schema":{"@context":"https:\/\/schema.org","@graph":[{"@type":"WebPage","@id":"https:\/\/uplandsoftware.com\/interfax-de\/agbs\/","url":"https:\/\/uplandsoftware.com\/interfax-de\/agbs\/","name":"Internet-Fax | allgemeine Gesch\u00e4ftsbedingungen | AGB's","isPartOf":{"@id":"https:\/\/uplandsoftware.com\/interfax-de\/#website"},"datePublished":"2019-02-07T21:44:42+00:00","dateModified":"2023-05-22T12:26:16+00:00","description":"Internet-Fax - Faxen \u00fcber das Internet einfach gemacht: Hier finden Sie die allgemeinen Gesch\u00e4ftsbedinungen (AGB's) f\u00fcr InterFAX.","breadcrumb":{"@id":"https:\/\/uplandsoftware.com\/interfax-de\/agbs\/#breadcrumb"},"inLanguage":"en-US","potentialAction":[{"@type":"ReadAction","target":["https:\/\/uplandsoftware.com\/interfax-de\/agbs\/"]}]},{"@type":"BreadcrumbList","@id":"https:\/\/uplandsoftware.com\/interfax-de\/agbs\/#breadcrumb","itemListElement":[{"@type":"ListItem","position":1,"name":"Home","item":"https:\/\/uplandsoftware.com\/interfax-de\/"},{"@type":"ListItem","position":2,"name":"Allgemeine Gesch\u00e4ftsbedingungen f\u00fcr die GTC-InterFAX-Nutzung"}]},{"@type":"WebSite","@id":"https:\/\/uplandsoftware.com\/interfax-de\/#website","url":"https:\/\/uplandsoftware.com\/interfax-de\/","name":"InterFAX - DE","description":"","potentialAction":[{"@type":"SearchAction","target":{"@type":"EntryPoint","urlTemplate":"https:\/\/uplandsoftware.com\/interfax-de\/?s={search_term_string}"},"query-input":{"@type":"PropertyValueSpecification","valueRequired":true,"valueName":"search_term_string"}}],"inLanguage":"en-US"}]}},"_links":{"self":[{"href":"https:\/\/uplandsoftware.com\/interfax-de\/wp-json\/wp\/v2\/pages\/805","targetHints":{"allow":["GET"]}}],"collection":[{"href":"https:\/\/uplandsoftware.com\/interfax-de\/wp-json\/wp\/v2\/pages"}],"about":[{"href":"https:\/\/uplandsoftware.com\/interfax-de\/wp-json\/wp\/v2\/types\/page"}],"author":[{"embeddable":true,"href":"https:\/\/uplandsoftware.com\/interfax-de\/wp-json\/wp\/v2\/users\/1"}],"replies":[{"embeddable":true,"href":"https:\/\/uplandsoftware.com\/interfax-de\/wp-json\/wp\/v2\/comments?post=805"}],"version-history":[{"count":0,"href":"https:\/\/uplandsoftware.com\/interfax-de\/wp-json\/wp\/v2\/pages\/805\/revisions"}],"wp:attachment":[{"href":"https:\/\/uplandsoftware.com\/interfax-de\/wp-json\/wp\/v2\/media?parent=805"}],"curies":[{"name":"wp","href":"https:\/\/api.w.org\/{rel}","templated":true}]}}