{"id":2183,"date":"2025-07-21T18:19:00","date_gmt":"2025-07-22T00:19:00","guid":{"rendered":"https:\/\/uplandsoftware.com\/interfax-es\/?page_id=2183"},"modified":"2025-07-21T18:21:20","modified_gmt":"2025-07-22T00:21:20","slug":"lets-connect","status":"publish","type":"page","link":"https:\/\/uplandsoftware.com\/interfax-es\/lets-connect\/","title":{"rendered":"Lets Connect"},"content":{"rendered":"","protected":false},"excerpt":{"rendered":"","protected":false},"author":227,"featured_media":0,"parent":0,"menu_order":0,"comment_status":"closed","ping_status":"closed","template":"template-modular-new.php","meta":{"_acf_changed":false,"_sitemap_exclude":false,"_sitemap_priority":"","_sitemap_frequency":"","footnotes":"","_links_to":"","_links_to_target":""},"class_list":["post-2183","page","type-page","status-publish","hentry"],"acf":[],"yoast_head":"<!-- This site is optimized with the Yoast SEO Premium plugin v27.3 (Yoast SEO v27.3) - https:\/\/yoast.com\/product\/yoast-seo-premium-wordpress\/ -->\n<title>Contacto: Hablemos del fax digital | InterFAX<\/title>\n<meta name=\"description\" content=\"\u00bfTiene preguntas sobre el fax digital seguro? Contacte con nosotros para descubrir c\u00f3mo integrar f\u00e1cilmente esta tecnolog\u00eda conforme y fiable en su empresa\" \/>\n<meta name=\"robots\" content=\"index, follow, max-snippet:-1, max-image-preview:large, max-video-preview:-1\" \/>\n<link rel=\"canonical\" href=\"https:\/\/uplandsoftware.com\/interfax-es\/lets-connect\/\" \/>\n<script type=\"application\/ld+json\" class=\"yoast-schema-graph\">{\"@context\":\"https:\\\/\\\/schema.org\",\"@graph\":[{\"@type\":\"WebPage\",\"@id\":\"https:\\\/\\\/uplandsoftware.com\\\/interfax-es\\\/lets-connect\\\/\",\"url\":\"https:\\\/\\\/uplandsoftware.com\\\/interfax-es\\\/lets-connect\\\/\",\"name\":\"Contacto: Hablemos del fax digital | InterFAX\",\"isPartOf\":{\"@id\":\"https:\\\/\\\/uplandsoftware.com\\\/interfax-es\\\/#website\"},\"datePublished\":\"2025-07-22T00:19:00+00:00\",\"dateModified\":\"2025-07-22T00:21:20+00:00\",\"description\":\"\u00bfTiene preguntas sobre el fax digital seguro? Contacte con nosotros para descubrir c\u00f3mo integrar f\u00e1cilmente esta tecnolog\u00eda conforme y fiable en su empresa\",\"inLanguage\":\"en-US\",\"potentialAction\":[{\"@type\":\"ReadAction\",\"target\":[\"https:\\\/\\\/uplandsoftware.com\\\/interfax-es\\\/lets-connect\\\/\"]}]},{\"@type\":\"WebSite\",\"@id\":\"https:\\\/\\\/uplandsoftware.com\\\/interfax-es\\\/#website\",\"url\":\"https:\\\/\\\/uplandsoftware.com\\\/interfax-es\\\/\",\"name\":\"InterFAX - ES\",\"description\":\"\",\"potentialAction\":[{\"@type\":\"SearchAction\",\"target\":{\"@type\":\"EntryPoint\",\"urlTemplate\":\"https:\\\/\\\/uplandsoftware.com\\\/interfax-es\\\/?s={search_term_string}\"},\"query-input\":{\"@type\":\"PropertyValueSpecification\",\"valueRequired\":true,\"valueName\":\"search_term_string\"}}],\"inLanguage\":\"en-US\"}]}<\/script>\n<!-- \/ Yoast SEO Premium plugin. -->","yoast_head_json":{"title":"Contacto: Hablemos del fax digital | InterFAX","description":"\u00bfTiene preguntas sobre el fax digital seguro? Contacte con nosotros para descubrir c\u00f3mo integrar f\u00e1cilmente esta tecnolog\u00eda conforme y fiable en su empresa","robots":{"index":"index","follow":"follow","max-snippet":"max-snippet:-1","max-image-preview":"max-image-preview:large","max-video-preview":"max-video-preview:-1"},"canonical":"https:\/\/uplandsoftware.com\/interfax-es\/lets-connect\/","schema":{"@context":"https:\/\/schema.org","@graph":[{"@type":"WebPage","@id":"https:\/\/uplandsoftware.com\/interfax-es\/lets-connect\/","url":"https:\/\/uplandsoftware.com\/interfax-es\/lets-connect\/","name":"Contacto: Hablemos del fax digital | InterFAX","isPartOf":{"@id":"https:\/\/uplandsoftware.com\/interfax-es\/#website"},"datePublished":"2025-07-22T00:19:00+00:00","dateModified":"2025-07-22T00:21:20+00:00","description":"\u00bfTiene preguntas sobre el fax digital seguro? Contacte con nosotros para descubrir c\u00f3mo integrar f\u00e1cilmente esta tecnolog\u00eda conforme y fiable en su empresa","inLanguage":"en-US","potentialAction":[{"@type":"ReadAction","target":["https:\/\/uplandsoftware.com\/interfax-es\/lets-connect\/"]}]},{"@type":"WebSite","@id":"https:\/\/uplandsoftware.com\/interfax-es\/#website","url":"https:\/\/uplandsoftware.com\/interfax-es\/","name":"InterFAX - ES","description":"","potentialAction":[{"@type":"SearchAction","target":{"@type":"EntryPoint","urlTemplate":"https:\/\/uplandsoftware.com\/interfax-es\/?s={search_term_string}"},"query-input":{"@type":"PropertyValueSpecification","valueRequired":true,"valueName":"search_term_string"}}],"inLanguage":"en-US"}]}},"_links":{"self":[{"href":"https:\/\/uplandsoftware.com\/interfax-es\/wp-json\/wp\/v2\/pages\/2183","targetHints":{"allow":["GET"]}}],"collection":[{"href":"https:\/\/uplandsoftware.com\/interfax-es\/wp-json\/wp\/v2\/pages"}],"about":[{"href":"https:\/\/uplandsoftware.com\/interfax-es\/wp-json\/wp\/v2\/types\/page"}],"author":[{"embeddable":true,"href":"https:\/\/uplandsoftware.com\/interfax-es\/wp-json\/wp\/v2\/users\/227"}],"replies":[{"embeddable":true,"href":"https:\/\/uplandsoftware.com\/interfax-es\/wp-json\/wp\/v2\/comments?post=2183"}],"version-history":[{"count":1,"href":"https:\/\/uplandsoftware.com\/interfax-es\/wp-json\/wp\/v2\/pages\/2183\/revisions"}],"predecessor-version":[{"id":2184,"href":"https:\/\/uplandsoftware.com\/interfax-es\/wp-json\/wp\/v2\/pages\/2183\/revisions\/2184"}],"wp:attachment":[{"href":"https:\/\/uplandsoftware.com\/interfax-es\/wp-json\/wp\/v2\/media?parent=2183"}],"curies":[{"name":"wp","href":"https:\/\/api.w.org\/{rel}","templated":true}]}}