{"id":2374,"date":"2025-07-21T19:29:26","date_gmt":"2025-07-22T01:29:26","guid":{"rendered":"https:\/\/uplandsoftware.com\/interfax-tr\/?page_id=2374"},"modified":"2025-07-21T19:43:44","modified_gmt":"2025-07-22T01:43:44","slug":"home-072125","status":"publish","type":"page","link":"https:\/\/uplandsoftware.com\/interfax-tr\/","title":{"rendered":"Home &#8211; 072125"},"content":{"rendered":"","protected":false},"excerpt":{"rendered":"","protected":false},"author":211,"featured_media":0,"parent":0,"menu_order":0,"comment_status":"closed","ping_status":"closed","template":"template-modular-new.php","meta":{"_acf_changed":false,"_sitemap_exclude":false,"_sitemap_priority":"","_sitemap_frequency":"","footnotes":"","_links_to":"","_links_to_target":""},"class_list":["post-2374","page","type-page","status-publish","hentry"],"acf":[],"yoast_head":"<!-- This site is optimized with the Yoast SEO Premium plugin v27.3 (Yoast SEO v27.3) - https:\/\/yoast.com\/product\/yoast-seo-premium-wordpress\/ -->\n<title>InterFAX | En kat\u0131 y\u00f6netmeliklere uyan g\u00fcvenli belge da\u011f\u0131t\u0131m\u0131.<\/title>\n<meta name=\"description\" content=\"InterFAX, i\u015fletmelerin en zorlu i\u015f gereksinimlerini kar\u015f\u0131lamak i\u00e7in fakslar\u0131 kolayca ve uygun maliyetli bir \u015fekilde g\u00f6ndermesini ve almas\u0131n\u0131 sa\u011flar.\" \/>\n<meta name=\"robots\" content=\"index, follow, max-snippet:-1, max-image-preview:large, max-video-preview:-1\" \/>\n<link rel=\"canonical\" href=\"https:\/\/uplandsoftware.com\/interfax-tr\/\" \/>\n<script type=\"application\/ld+json\" class=\"yoast-schema-graph\">{\"@context\":\"https:\\\/\\\/schema.org\",\"@graph\":[{\"@type\":\"WebPage\",\"@id\":\"https:\\\/\\\/uplandsoftware.com\\\/interfax-tr\\\/\",\"url\":\"https:\\\/\\\/uplandsoftware.com\\\/interfax-tr\\\/\",\"name\":\"InterFAX | En kat\u0131 y\u00f6netmeliklere uyan g\u00fcvenli belge da\u011f\u0131t\u0131m\u0131.\",\"isPartOf\":{\"@id\":\"https:\\\/\\\/uplandsoftware.com\\\/interfax-tr\\\/#website\"},\"datePublished\":\"2025-07-22T01:29:26+00:00\",\"dateModified\":\"2025-07-22T01:43:44+00:00\",\"description\":\"InterFAX, i\u015fletmelerin en zorlu i\u015f gereksinimlerini kar\u015f\u0131lamak i\u00e7in fakslar\u0131 kolayca ve uygun maliyetli bir \u015fekilde g\u00f6ndermesini ve almas\u0131n\u0131 sa\u011flar.\",\"inLanguage\":\"en-US\",\"potentialAction\":[{\"@type\":\"ReadAction\",\"target\":[\"https:\\\/\\\/uplandsoftware.com\\\/interfax-tr\\\/\"]}]},{\"@type\":\"WebSite\",\"@id\":\"https:\\\/\\\/uplandsoftware.com\\\/interfax-tr\\\/#website\",\"url\":\"https:\\\/\\\/uplandsoftware.com\\\/interfax-tr\\\/\",\"name\":\"InterFAX - TR\",\"description\":\"\",\"potentialAction\":[{\"@type\":\"SearchAction\",\"target\":{\"@type\":\"EntryPoint\",\"urlTemplate\":\"https:\\\/\\\/uplandsoftware.com\\\/interfax-tr\\\/?s={search_term_string}\"},\"query-input\":{\"@type\":\"PropertyValueSpecification\",\"valueRequired\":true,\"valueName\":\"search_term_string\"}}],\"inLanguage\":\"en-US\"}]}<\/script>\n<!-- \/ Yoast SEO Premium plugin. -->","yoast_head_json":{"title":"InterFAX | En kat\u0131 y\u00f6netmeliklere uyan g\u00fcvenli belge da\u011f\u0131t\u0131m\u0131.","description":"InterFAX, i\u015fletmelerin en zorlu i\u015f gereksinimlerini kar\u015f\u0131lamak i\u00e7in fakslar\u0131 kolayca ve uygun maliyetli bir \u015fekilde g\u00f6ndermesini ve almas\u0131n\u0131 sa\u011flar.","robots":{"index":"index","follow":"follow","max-snippet":"max-snippet:-1","max-image-preview":"max-image-preview:large","max-video-preview":"max-video-preview:-1"},"canonical":"https:\/\/uplandsoftware.com\/interfax-tr\/","schema":{"@context":"https:\/\/schema.org","@graph":[{"@type":"WebPage","@id":"https:\/\/uplandsoftware.com\/interfax-tr\/","url":"https:\/\/uplandsoftware.com\/interfax-tr\/","name":"InterFAX | En kat\u0131 y\u00f6netmeliklere uyan g\u00fcvenli belge da\u011f\u0131t\u0131m\u0131.","isPartOf":{"@id":"https:\/\/uplandsoftware.com\/interfax-tr\/#website"},"datePublished":"2025-07-22T01:29:26+00:00","dateModified":"2025-07-22T01:43:44+00:00","description":"InterFAX, i\u015fletmelerin en zorlu i\u015f gereksinimlerini kar\u015f\u0131lamak i\u00e7in fakslar\u0131 kolayca ve uygun maliyetli bir \u015fekilde g\u00f6ndermesini ve almas\u0131n\u0131 sa\u011flar.","inLanguage":"en-US","potentialAction":[{"@type":"ReadAction","target":["https:\/\/uplandsoftware.com\/interfax-tr\/"]}]},{"@type":"WebSite","@id":"https:\/\/uplandsoftware.com\/interfax-tr\/#website","url":"https:\/\/uplandsoftware.com\/interfax-tr\/","name":"InterFAX - TR","description":"","potentialAction":[{"@type":"SearchAction","target":{"@type":"EntryPoint","urlTemplate":"https:\/\/uplandsoftware.com\/interfax-tr\/?s={search_term_string}"},"query-input":{"@type":"PropertyValueSpecification","valueRequired":true,"valueName":"search_term_string"}}],"inLanguage":"en-US"}]}},"_links":{"self":[{"href":"https:\/\/uplandsoftware.com\/interfax-tr\/wp-json\/wp\/v2\/pages\/2374","targetHints":{"allow":["GET"]}}],"collection":[{"href":"https:\/\/uplandsoftware.com\/interfax-tr\/wp-json\/wp\/v2\/pages"}],"about":[{"href":"https:\/\/uplandsoftware.com\/interfax-tr\/wp-json\/wp\/v2\/types\/page"}],"author":[{"embeddable":true,"href":"https:\/\/uplandsoftware.com\/interfax-tr\/wp-json\/wp\/v2\/users\/211"}],"replies":[{"embeddable":true,"href":"https:\/\/uplandsoftware.com\/interfax-tr\/wp-json\/wp\/v2\/comments?post=2374"}],"version-history":[{"count":3,"href":"https:\/\/uplandsoftware.com\/interfax-tr\/wp-json\/wp\/v2\/pages\/2374\/revisions"}],"predecessor-version":[{"id":2389,"href":"https:\/\/uplandsoftware.com\/interfax-tr\/wp-json\/wp\/v2\/pages\/2374\/revisions\/2389"}],"wp:attachment":[{"href":"https:\/\/uplandsoftware.com\/interfax-tr\/wp-json\/wp\/v2\/media?parent=2374"}],"curies":[{"name":"wp","href":"https:\/\/api.w.org\/{rel}","templated":true}]}}