{"id":2390,"date":"2025-07-21T19:45:57","date_gmt":"2025-07-22T01:45:57","guid":{"rendered":"https:\/\/uplandsoftware.com\/interfax-tr\/?page_id=2390"},"modified":"2025-07-21T19:46:33","modified_gmt":"2025-07-22T01:46:33","slug":"lets-connect","status":"publish","type":"page","link":"https:\/\/uplandsoftware.com\/interfax-tr\/lets-connect\/","title":{"rendered":"Let&#8217;s Connect"},"content":{"rendered":"","protected":false},"excerpt":{"rendered":"","protected":false},"author":211,"featured_media":0,"parent":0,"menu_order":0,"comment_status":"closed","ping_status":"closed","template":"template-modular-new.php","meta":{"_acf_changed":false,"_sitemap_exclude":false,"_sitemap_priority":"","_sitemap_frequency":"","footnotes":"","_links_to":"","_links_to_target":""},"class_list":["post-2390","page","type-page","status-publish","hentry"],"acf":[],"yoast_head":"<!-- This site is optimized with the Yoast SEO Premium plugin v27.3 (Yoast SEO v27.3) - https:\/\/yoast.com\/product\/yoast-seo-premium-wordpress\/ -->\n<title>Dijital faks hakk\u0131nda konu\u015fal\u0131m<\/title>\n<meta name=\"description\" content=\"Uyumlu, g\u00fcvenilir \u00e7evrimi\u00e7i ileti\u015fimleri sa\u011flamak i\u00e7in h\u0131zl\u0131 ve kolay bir \u015fekilde entegre olan g\u00fcvenli dijital belge aktar\u0131m teknolojisini ke\u015ffedin.\" \/>\n<meta name=\"robots\" content=\"index, follow, max-snippet:-1, max-image-preview:large, max-video-preview:-1\" \/>\n<link rel=\"canonical\" href=\"https:\/\/uplandsoftware.com\/interfax-tr\/lets-connect\/\" \/>\n<script type=\"application\/ld+json\" class=\"yoast-schema-graph\">{\"@context\":\"https:\\\/\\\/schema.org\",\"@graph\":[{\"@type\":\"WebPage\",\"@id\":\"https:\\\/\\\/uplandsoftware.com\\\/interfax-tr\\\/lets-connect\\\/\",\"url\":\"https:\\\/\\\/uplandsoftware.com\\\/interfax-tr\\\/lets-connect\\\/\",\"name\":\"Dijital faks hakk\u0131nda konu\u015fal\u0131m\",\"isPartOf\":{\"@id\":\"https:\\\/\\\/uplandsoftware.com\\\/interfax-tr\\\/#website\"},\"datePublished\":\"2025-07-22T01:45:57+00:00\",\"dateModified\":\"2025-07-22T01:46:33+00:00\",\"description\":\"Uyumlu, g\u00fcvenilir \u00e7evrimi\u00e7i ileti\u015fimleri sa\u011flamak i\u00e7in h\u0131zl\u0131 ve kolay bir \u015fekilde entegre olan g\u00fcvenli dijital belge aktar\u0131m teknolojisini ke\u015ffedin.\",\"inLanguage\":\"en-US\",\"potentialAction\":[{\"@type\":\"ReadAction\",\"target\":[\"https:\\\/\\\/uplandsoftware.com\\\/interfax-tr\\\/lets-connect\\\/\"]}]},{\"@type\":\"WebSite\",\"@id\":\"https:\\\/\\\/uplandsoftware.com\\\/interfax-tr\\\/#website\",\"url\":\"https:\\\/\\\/uplandsoftware.com\\\/interfax-tr\\\/\",\"name\":\"InterFAX - TR\",\"description\":\"\",\"potentialAction\":[{\"@type\":\"SearchAction\",\"target\":{\"@type\":\"EntryPoint\",\"urlTemplate\":\"https:\\\/\\\/uplandsoftware.com\\\/interfax-tr\\\/?s={search_term_string}\"},\"query-input\":{\"@type\":\"PropertyValueSpecification\",\"valueRequired\":true,\"valueName\":\"search_term_string\"}}],\"inLanguage\":\"en-US\"}]}<\/script>\n<!-- \/ Yoast SEO Premium plugin. -->","yoast_head_json":{"title":"Dijital faks hakk\u0131nda konu\u015fal\u0131m","description":"Uyumlu, g\u00fcvenilir \u00e7evrimi\u00e7i ileti\u015fimleri sa\u011flamak i\u00e7in h\u0131zl\u0131 ve kolay bir \u015fekilde entegre olan g\u00fcvenli dijital belge aktar\u0131m teknolojisini ke\u015ffedin.","robots":{"index":"index","follow":"follow","max-snippet":"max-snippet:-1","max-image-preview":"max-image-preview:large","max-video-preview":"max-video-preview:-1"},"canonical":"https:\/\/uplandsoftware.com\/interfax-tr\/lets-connect\/","schema":{"@context":"https:\/\/schema.org","@graph":[{"@type":"WebPage","@id":"https:\/\/uplandsoftware.com\/interfax-tr\/lets-connect\/","url":"https:\/\/uplandsoftware.com\/interfax-tr\/lets-connect\/","name":"Dijital faks hakk\u0131nda konu\u015fal\u0131m","isPartOf":{"@id":"https:\/\/uplandsoftware.com\/interfax-tr\/#website"},"datePublished":"2025-07-22T01:45:57+00:00","dateModified":"2025-07-22T01:46:33+00:00","description":"Uyumlu, g\u00fcvenilir \u00e7evrimi\u00e7i ileti\u015fimleri sa\u011flamak i\u00e7in h\u0131zl\u0131 ve kolay bir \u015fekilde entegre olan g\u00fcvenli dijital belge aktar\u0131m teknolojisini ke\u015ffedin.","inLanguage":"en-US","potentialAction":[{"@type":"ReadAction","target":["https:\/\/uplandsoftware.com\/interfax-tr\/lets-connect\/"]}]},{"@type":"WebSite","@id":"https:\/\/uplandsoftware.com\/interfax-tr\/#website","url":"https:\/\/uplandsoftware.com\/interfax-tr\/","name":"InterFAX - TR","description":"","potentialAction":[{"@type":"SearchAction","target":{"@type":"EntryPoint","urlTemplate":"https:\/\/uplandsoftware.com\/interfax-tr\/?s={search_term_string}"},"query-input":{"@type":"PropertyValueSpecification","valueRequired":true,"valueName":"search_term_string"}}],"inLanguage":"en-US"}]}},"_links":{"self":[{"href":"https:\/\/uplandsoftware.com\/interfax-tr\/wp-json\/wp\/v2\/pages\/2390","targetHints":{"allow":["GET"]}}],"collection":[{"href":"https:\/\/uplandsoftware.com\/interfax-tr\/wp-json\/wp\/v2\/pages"}],"about":[{"href":"https:\/\/uplandsoftware.com\/interfax-tr\/wp-json\/wp\/v2\/types\/page"}],"author":[{"embeddable":true,"href":"https:\/\/uplandsoftware.com\/interfax-tr\/wp-json\/wp\/v2\/users\/211"}],"replies":[{"embeddable":true,"href":"https:\/\/uplandsoftware.com\/interfax-tr\/wp-json\/wp\/v2\/comments?post=2390"}],"version-history":[{"count":1,"href":"https:\/\/uplandsoftware.com\/interfax-tr\/wp-json\/wp\/v2\/pages\/2390\/revisions"}],"predecessor-version":[{"id":2391,"href":"https:\/\/uplandsoftware.com\/interfax-tr\/wp-json\/wp\/v2\/pages\/2390\/revisions\/2391"}],"wp:attachment":[{"href":"https:\/\/uplandsoftware.com\/interfax-tr\/wp-json\/wp\/v2\/media?parent=2390"}],"curies":[{"name":"wp","href":"https:\/\/api.w.org\/{rel}","templated":true}]}}