{"id":2402,"date":"2026-02-26T14:38:50","date_gmt":"2026-02-26T20:38:50","guid":{"rendered":"https:\/\/uplandsoftware.com\/interfax-tr\/?page_id=2402"},"modified":"2026-03-24T11:59:21","modified_gmt":"2026-03-24T17:59:21","slug":"interfax-kullanim-sartlari","status":"publish","type":"page","link":"https:\/\/uplandsoftware.com\/interfax-tr\/interfax-kullanim-sartlari\/","title":{"rendered":"InterFAX Kullan\u0131m \u015eartlar\u0131"},"content":{"rendered":"","protected":false},"excerpt":{"rendered":"","protected":false},"author":192,"featured_media":0,"parent":0,"menu_order":0,"comment_status":"closed","ping_status":"closed","template":"template-modular-new.php","meta":{"_acf_changed":false,"_sitemap_exclude":false,"_sitemap_priority":"","_sitemap_frequency":"","footnotes":"","_links_to":"","_links_to_target":""},"class_list":["post-2402","page","type-page","status-publish","hentry"],"acf":[],"yoast_head":"<!-- This site is optimized with the Yoast SEO Premium plugin v27.2 (Yoast SEO v27.2) - https:\/\/yoast.com\/product\/yoast-seo-premium-wordpress\/ -->\n<title>InterFAX Kullan\u0131m \u015eartlar\u0131 - InterFAX - TR<\/title>\n<meta name=\"robots\" content=\"index, follow, max-snippet:-1, max-image-preview:large, max-video-preview:-1\" \/>\n<link rel=\"canonical\" href=\"https:\/\/uplandsoftware.com\/interfax-tr\/interfax-kullanim-sartlari\/\" \/>\n<script type=\"application\/ld+json\" class=\"yoast-schema-graph\">{\"@context\":\"https:\/\/schema.org\",\"@graph\":[{\"@type\":\"WebPage\",\"@id\":\"https:\/\/uplandsoftware.com\/interfax-tr\/interfax-kullanim-sartlari\/\",\"url\":\"https:\/\/uplandsoftware.com\/interfax-tr\/interfax-kullanim-sartlari\/\",\"name\":\"InterFAX Kullan\u0131m \u015eartlar\u0131 - InterFAX - TR\",\"isPartOf\":{\"@id\":\"https:\/\/uplandsoftware.com\/interfax-tr\/#website\"},\"datePublished\":\"2026-02-26T20:38:50+00:00\",\"dateModified\":\"2026-03-24T17:59:21+00:00\",\"inLanguage\":\"en-US\",\"potentialAction\":[{\"@type\":\"ReadAction\",\"target\":[\"https:\/\/uplandsoftware.com\/interfax-tr\/interfax-kullanim-sartlari\/\"]}]},{\"@type\":\"WebSite\",\"@id\":\"https:\/\/uplandsoftware.com\/interfax-tr\/#website\",\"url\":\"https:\/\/uplandsoftware.com\/interfax-tr\/\",\"name\":\"InterFAX - TR\",\"description\":\"\",\"potentialAction\":[{\"@type\":\"SearchAction\",\"target\":{\"@type\":\"EntryPoint\",\"urlTemplate\":\"https:\/\/uplandsoftware.com\/interfax-tr\/?s={search_term_string}\"},\"query-input\":{\"@type\":\"PropertyValueSpecification\",\"valueRequired\":true,\"valueName\":\"search_term_string\"}}],\"inLanguage\":\"en-US\"}]}<\/script>\n<!-- \/ Yoast SEO Premium plugin. -->","yoast_head_json":{"title":"InterFAX Kullan\u0131m \u015eartlar\u0131 - InterFAX - TR","robots":{"index":"index","follow":"follow","max-snippet":"max-snippet:-1","max-image-preview":"max-image-preview:large","max-video-preview":"max-video-preview:-1"},"canonical":"https:\/\/uplandsoftware.com\/interfax-tr\/interfax-kullanim-sartlari\/","schema":{"@context":"https:\/\/schema.org","@graph":[{"@type":"WebPage","@id":"https:\/\/uplandsoftware.com\/interfax-tr\/interfax-kullanim-sartlari\/","url":"https:\/\/uplandsoftware.com\/interfax-tr\/interfax-kullanim-sartlari\/","name":"InterFAX Kullan\u0131m \u015eartlar\u0131 - InterFAX - TR","isPartOf":{"@id":"https:\/\/uplandsoftware.com\/interfax-tr\/#website"},"datePublished":"2026-02-26T20:38:50+00:00","dateModified":"2026-03-24T17:59:21+00:00","inLanguage":"en-US","potentialAction":[{"@type":"ReadAction","target":["https:\/\/uplandsoftware.com\/interfax-tr\/interfax-kullanim-sartlari\/"]}]},{"@type":"WebSite","@id":"https:\/\/uplandsoftware.com\/interfax-tr\/#website","url":"https:\/\/uplandsoftware.com\/interfax-tr\/","name":"InterFAX - TR","description":"","potentialAction":[{"@type":"SearchAction","target":{"@type":"EntryPoint","urlTemplate":"https:\/\/uplandsoftware.com\/interfax-tr\/?s={search_term_string}"},"query-input":{"@type":"PropertyValueSpecification","valueRequired":true,"valueName":"search_term_string"}}],"inLanguage":"en-US"}]}},"_links":{"self":[{"href":"https:\/\/uplandsoftware.com\/interfax-tr\/wp-json\/wp\/v2\/pages\/2402","targetHints":{"allow":["GET"]}}],"collection":[{"href":"https:\/\/uplandsoftware.com\/interfax-tr\/wp-json\/wp\/v2\/pages"}],"about":[{"href":"https:\/\/uplandsoftware.com\/interfax-tr\/wp-json\/wp\/v2\/types\/page"}],"author":[{"embeddable":true,"href":"https:\/\/uplandsoftware.com\/interfax-tr\/wp-json\/wp\/v2\/users\/192"}],"replies":[{"embeddable":true,"href":"https:\/\/uplandsoftware.com\/interfax-tr\/wp-json\/wp\/v2\/comments?post=2402"}],"version-history":[{"count":3,"href":"https:\/\/uplandsoftware.com\/interfax-tr\/wp-json\/wp\/v2\/pages\/2402\/revisions"}],"predecessor-version":[{"id":2405,"href":"https:\/\/uplandsoftware.com\/interfax-tr\/wp-json\/wp\/v2\/pages\/2402\/revisions\/2405"}],"wp:attachment":[{"href":"https:\/\/uplandsoftware.com\/interfax-tr\/wp-json\/wp\/v2\/media?parent=2402"}],"curies":[{"name":"wp","href":"https:\/\/api.w.org\/{rel}","templated":true}]}}