{"id":411,"date":"2024-02-27T18:14:14","date_gmt":"2024-02-27T18:14:14","guid":{"rendered":"https:\/\/uplandsoftware.com\/objectiflune-de\/objectif-lune-partner-resource-library\/"},"modified":"2025-02-03T14:40:32","modified_gmt":"2025-02-03T14:40:32","slug":"partner-ressourcenbibliothek","status":"publish","type":"page","link":"https:\/\/uplandsoftware.com\/objectiflune-de\/partner-ressourcenbibliothek\/","title":{"rendered":"Partner-Ressourcenbibliothek Objectif Lune"},"content":{"rendered":"","protected":false},"excerpt":{"rendered":"","protected":false},"author":172,"featured_media":0,"parent":0,"menu_order":0,"comment_status":"closed","ping_status":"closed","template":"template-modular.php","meta":{"_acf_changed":false,"_sitemap_exclude":false,"_sitemap_priority":"","_sitemap_frequency":"","footnotes":"","_links_to":"","_links_to_target":""},"class_list":["post-411","page","type-page","status-publish","hentry"],"acf":[],"yoast_head":"<!-- This site is optimized with the Yoast SEO Premium plugin v27.3 (Yoast SEO v27.3) - https:\/\/yoast.com\/product\/yoast-seo-premium-wordpress\/ -->\n<title>Partner Resource Library I Upland Objectif Lune<\/title>\n<meta name=\"description\" content=\"Eine zentrale Quelle f\u00fcr Vertriebs- und Marketingressourcen, die das Angebot von Objectif Lune Produkten und Dienstleistungen f\u00f6rdert und so die M\u00f6glichkeit einer Umsatzsteigerung bietet\" \/>\n<meta name=\"robots\" content=\"noindex, nofollow\" \/>\n<meta property=\"og:locale\" content=\"de_DE\" \/>\n<meta property=\"og:type\" content=\"article\" \/>\n<meta property=\"og:title\" content=\"Partner-Ressourcenbibliothek Objectif Lune\" \/>\n<meta property=\"og:description\" content=\"Eine zentrale Quelle f\u00fcr Vertriebs- und Marketingressourcen, die das Angebot von Objectif Lune Produkten und Dienstleistungen f\u00f6rdert und so die M\u00f6glichkeit einer Umsatzsteigerung bietet\" \/>\n<meta property=\"og:url\" content=\"https:\/\/uplandsoftware.com\/objectiflune-de\/partner-ressourcenbibliothek\/\" \/>\n<meta property=\"og:site_name\" content=\"Objectif Lune - DE\" \/>\n<meta property=\"article:modified_time\" content=\"2025-02-03T14:40:32+00:00\" \/>\n<meta name=\"twitter:card\" content=\"summary_large_image\" \/>\n<script type=\"application\/ld+json\" class=\"yoast-schema-graph\">{\"@context\":\"https:\\\/\\\/schema.org\",\"@graph\":[{\"@type\":\"WebPage\",\"@id\":\"https:\\\/\\\/uplandsoftware.com\\\/objectiflune-de\\\/partner-ressourcenbibliothek\\\/\",\"url\":\"https:\\\/\\\/uplandsoftware.com\\\/objectiflune-de\\\/partner-ressourcenbibliothek\\\/\",\"name\":\"Partner Resource Library I Upland Objectif Lune\",\"isPartOf\":{\"@id\":\"https:\\\/\\\/uplandsoftware.com\\\/objectiflune-de\\\/#website\"},\"datePublished\":\"2024-02-27T18:14:14+00:00\",\"dateModified\":\"2025-02-03T14:40:32+00:00\",\"description\":\"Eine zentrale Quelle f\u00fcr Vertriebs- und Marketingressourcen, die das Angebot von Objectif Lune Produkten und Dienstleistungen f\u00f6rdert und so die M\u00f6glichkeit einer Umsatzsteigerung bietet\",\"breadcrumb\":{\"@id\":\"https:\\\/\\\/uplandsoftware.com\\\/objectiflune-de\\\/partner-ressourcenbibliothek\\\/#breadcrumb\"},\"inLanguage\":\"de-DE\",\"potentialAction\":[{\"@type\":\"ReadAction\",\"target\":[\"https:\\\/\\\/uplandsoftware.com\\\/objectiflune-de\\\/partner-ressourcenbibliothek\\\/\"]}]},{\"@type\":\"BreadcrumbList\",\"@id\":\"https:\\\/\\\/uplandsoftware.com\\\/objectiflune-de\\\/partner-ressourcenbibliothek\\\/#breadcrumb\",\"itemListElement\":[{\"@type\":\"ListItem\",\"position\":1,\"name\":\"Home\",\"item\":\"https:\\\/\\\/uplandsoftware.com\\\/objectiflune-de\\\/\"},{\"@type\":\"ListItem\",\"position\":2,\"name\":\"Partner-Ressourcenbibliothek Objectif Lune\"}]},{\"@type\":\"WebSite\",\"@id\":\"https:\\\/\\\/uplandsoftware.com\\\/objectiflune-de\\\/#website\",\"url\":\"https:\\\/\\\/uplandsoftware.com\\\/objectiflune-de\\\/\",\"name\":\"Objectif Lune - DE\",\"description\":\"Just another Upland Sites site\",\"potentialAction\":[{\"@type\":\"SearchAction\",\"target\":{\"@type\":\"EntryPoint\",\"urlTemplate\":\"https:\\\/\\\/uplandsoftware.com\\\/objectiflune-de\\\/?s={search_term_string}\"},\"query-input\":{\"@type\":\"PropertyValueSpecification\",\"valueRequired\":true,\"valueName\":\"search_term_string\"}}],\"inLanguage\":\"de-DE\"}]}<\/script>\n<!-- \/ Yoast SEO Premium plugin. -->","yoast_head_json":{"title":"Partner Resource Library I Upland Objectif Lune","description":"Eine zentrale Quelle f\u00fcr Vertriebs- und Marketingressourcen, die das Angebot von Objectif Lune Produkten und Dienstleistungen f\u00f6rdert und so die M\u00f6glichkeit einer Umsatzsteigerung bietet","robots":{"index":"noindex","follow":"nofollow"},"og_locale":"de_DE","og_type":"article","og_title":"Partner-Ressourcenbibliothek Objectif Lune","og_description":"Eine zentrale Quelle f\u00fcr Vertriebs- und Marketingressourcen, die das Angebot von Objectif Lune Produkten und Dienstleistungen f\u00f6rdert und so die M\u00f6glichkeit einer Umsatzsteigerung bietet","og_url":"https:\/\/uplandsoftware.com\/objectiflune-de\/partner-ressourcenbibliothek\/","og_site_name":"Objectif Lune - DE","article_modified_time":"2025-02-03T14:40:32+00:00","twitter_card":"summary_large_image","schema":{"@context":"https:\/\/schema.org","@graph":[{"@type":"WebPage","@id":"https:\/\/uplandsoftware.com\/objectiflune-de\/partner-ressourcenbibliothek\/","url":"https:\/\/uplandsoftware.com\/objectiflune-de\/partner-ressourcenbibliothek\/","name":"Partner Resource Library I Upland Objectif Lune","isPartOf":{"@id":"https:\/\/uplandsoftware.com\/objectiflune-de\/#website"},"datePublished":"2024-02-27T18:14:14+00:00","dateModified":"2025-02-03T14:40:32+00:00","description":"Eine zentrale Quelle f\u00fcr Vertriebs- und Marketingressourcen, die das Angebot von Objectif Lune Produkten und Dienstleistungen f\u00f6rdert und so die M\u00f6glichkeit einer Umsatzsteigerung bietet","breadcrumb":{"@id":"https:\/\/uplandsoftware.com\/objectiflune-de\/partner-ressourcenbibliothek\/#breadcrumb"},"inLanguage":"de-DE","potentialAction":[{"@type":"ReadAction","target":["https:\/\/uplandsoftware.com\/objectiflune-de\/partner-ressourcenbibliothek\/"]}]},{"@type":"BreadcrumbList","@id":"https:\/\/uplandsoftware.com\/objectiflune-de\/partner-ressourcenbibliothek\/#breadcrumb","itemListElement":[{"@type":"ListItem","position":1,"name":"Home","item":"https:\/\/uplandsoftware.com\/objectiflune-de\/"},{"@type":"ListItem","position":2,"name":"Partner-Ressourcenbibliothek Objectif Lune"}]},{"@type":"WebSite","@id":"https:\/\/uplandsoftware.com\/objectiflune-de\/#website","url":"https:\/\/uplandsoftware.com\/objectiflune-de\/","name":"Objectif Lune - DE","description":"Just another Upland Sites site","potentialAction":[{"@type":"SearchAction","target":{"@type":"EntryPoint","urlTemplate":"https:\/\/uplandsoftware.com\/objectiflune-de\/?s={search_term_string}"},"query-input":{"@type":"PropertyValueSpecification","valueRequired":true,"valueName":"search_term_string"}}],"inLanguage":"de-DE"}]}},"_links":{"self":[{"href":"https:\/\/uplandsoftware.com\/objectiflune-de\/wp-json\/wp\/v2\/pages\/411","targetHints":{"allow":["GET"]}}],"collection":[{"href":"https:\/\/uplandsoftware.com\/objectiflune-de\/wp-json\/wp\/v2\/pages"}],"about":[{"href":"https:\/\/uplandsoftware.com\/objectiflune-de\/wp-json\/wp\/v2\/types\/page"}],"author":[{"embeddable":true,"href":"https:\/\/uplandsoftware.com\/objectiflune-de\/wp-json\/wp\/v2\/users\/172"}],"replies":[{"embeddable":true,"href":"https:\/\/uplandsoftware.com\/objectiflune-de\/wp-json\/wp\/v2\/comments?post=411"}],"version-history":[{"count":0,"href":"https:\/\/uplandsoftware.com\/objectiflune-de\/wp-json\/wp\/v2\/pages\/411\/revisions"}],"wp:attachment":[{"href":"https:\/\/uplandsoftware.com\/objectiflune-de\/wp-json\/wp\/v2\/media?parent=411"}],"curies":[{"name":"wp","href":"https:\/\/api.w.org\/{rel}","templated":true}]}}