{"id":646,"date":"2024-10-25T16:25:32","date_gmt":"2024-10-25T16:25:32","guid":{"rendered":"https:\/\/uplandsoftware.com\/objectiflune-de\/?page_id=646"},"modified":"2026-04-23T14:20:47","modified_gmt":"2026-04-23T14:20:47","slug":"mobile-datenerfassung","status":"publish","type":"page","link":"https:\/\/uplandsoftware.com\/objectiflune-de\/mobile-datenerfassung\/","title":{"rendered":"Mobile Datenerfassung"},"content":{"rendered":"","protected":false},"excerpt":{"rendered":"","protected":false},"author":227,"featured_media":0,"parent":0,"menu_order":0,"comment_status":"closed","ping_status":"closed","template":"template-modular.php","meta":{"_acf_changed":false,"_sitemap_exclude":false,"_sitemap_priority":"","_sitemap_frequency":"","footnotes":"","_links_to":"","_links_to_target":""},"class_list":["post-646","page","type-page","status-publish","hentry"],"acf":[],"yoast_head":"<!-- This site is optimized with the Yoast SEO Premium plugin v27.3 (Yoast SEO v27.3) - https:\/\/yoast.com\/product\/yoast-seo-premium-wordpress\/ -->\n<title>Mobile Datenerfassung - Capture OnTheGo | Objectif Lune<\/title>\n<meta name=\"description\" content=\"Mit Capture OnTheGo, powered by OL Connect, k\u00f6nnen im Au\u00dfendienst wichtige Daten m\u00fchelos auf mobilen Ger\u00e4ten erfassen.\" \/>\n<meta name=\"robots\" content=\"index, follow, max-snippet:-1, max-image-preview:large, max-video-preview:-1\" \/>\n<link rel=\"canonical\" href=\"https:\/\/uplandsoftware.com\/objectiflune-de\/mobile-datenerfassung\/\" \/>\n<meta property=\"og:locale\" content=\"de_DE\" \/>\n<meta property=\"og:type\" content=\"article\" \/>\n<meta property=\"og:title\" content=\"Mobile Datenerfassung - Capture OnTheGo | Objectif Lune\" \/>\n<meta property=\"og:description\" content=\"Mit Capture OnTheGo, powered by OL Connect, k\u00f6nnen im Au\u00dfendienst wichtige Daten m\u00fchelos auf mobilen Ger\u00e4ten erfassen.\" \/>\n<meta property=\"og:url\" content=\"https:\/\/uplandsoftware.com\/objectiflune-de\/mobile-datenerfassung\/\" \/>\n<meta property=\"og:site_name\" content=\"Objectif Lune - DE\" \/>\n<meta property=\"article:modified_time\" content=\"2026-04-23T14:20:47+00:00\" \/>\n<meta name=\"twitter:card\" content=\"summary_large_image\" \/>\n<meta name=\"twitter:title\" content=\"Mobile Datenerfassung - Capture OnTheGo | Objectif Lune\" \/>\n<meta name=\"twitter:description\" content=\"Mit Capture OnTheGo, powered by OL Connect, k\u00f6nnen im Au\u00dfendienst wichtige Daten m\u00fchelos auf mobilen Ger\u00e4ten erfassen.\" \/>\n<script type=\"application\/ld+json\" class=\"yoast-schema-graph\">{\"@context\":\"https:\\\/\\\/schema.org\",\"@graph\":[{\"@type\":\"WebPage\",\"@id\":\"https:\\\/\\\/uplandsoftware.com\\\/objectiflune-de\\\/mobile-datenerfassung\\\/\",\"url\":\"https:\\\/\\\/uplandsoftware.com\\\/objectiflune-de\\\/mobile-datenerfassung\\\/\",\"name\":\"Mobile Datenerfassung - Capture OnTheGo | Objectif Lune\",\"isPartOf\":{\"@id\":\"https:\\\/\\\/uplandsoftware.com\\\/objectiflune-de\\\/#website\"},\"datePublished\":\"2024-10-25T16:25:32+00:00\",\"dateModified\":\"2026-04-23T14:20:47+00:00\",\"description\":\"Mit Capture OnTheGo, powered by OL Connect, k\u00f6nnen im Au\u00dfendienst wichtige Daten m\u00fchelos auf mobilen Ger\u00e4ten erfassen.\",\"breadcrumb\":{\"@id\":\"https:\\\/\\\/uplandsoftware.com\\\/objectiflune-de\\\/mobile-datenerfassung\\\/#breadcrumb\"},\"inLanguage\":\"de-DE\",\"potentialAction\":[{\"@type\":\"ReadAction\",\"target\":[\"https:\\\/\\\/uplandsoftware.com\\\/objectiflune-de\\\/mobile-datenerfassung\\\/\"]}]},{\"@type\":\"BreadcrumbList\",\"@id\":\"https:\\\/\\\/uplandsoftware.com\\\/objectiflune-de\\\/mobile-datenerfassung\\\/#breadcrumb\",\"itemListElement\":[{\"@type\":\"ListItem\",\"position\":1,\"name\":\"Home\",\"item\":\"https:\\\/\\\/uplandsoftware.com\\\/objectiflune-de\\\/\"},{\"@type\":\"ListItem\",\"position\":2,\"name\":\"Mobile Datenerfassung\"}]},{\"@type\":\"WebSite\",\"@id\":\"https:\\\/\\\/uplandsoftware.com\\\/objectiflune-de\\\/#website\",\"url\":\"https:\\\/\\\/uplandsoftware.com\\\/objectiflune-de\\\/\",\"name\":\"Objectif Lune - DE\",\"description\":\"Just another Upland Sites site\",\"potentialAction\":[{\"@type\":\"SearchAction\",\"target\":{\"@type\":\"EntryPoint\",\"urlTemplate\":\"https:\\\/\\\/uplandsoftware.com\\\/objectiflune-de\\\/?s={search_term_string}\"},\"query-input\":{\"@type\":\"PropertyValueSpecification\",\"valueRequired\":true,\"valueName\":\"search_term_string\"}}],\"inLanguage\":\"de-DE\"}]}<\/script>\n<!-- \/ Yoast SEO Premium plugin. -->","yoast_head_json":{"title":"Mobile Datenerfassung - Capture OnTheGo | Objectif Lune","description":"Mit Capture OnTheGo, powered by OL Connect, k\u00f6nnen im Au\u00dfendienst wichtige Daten m\u00fchelos auf mobilen Ger\u00e4ten erfassen.","robots":{"index":"index","follow":"follow","max-snippet":"max-snippet:-1","max-image-preview":"max-image-preview:large","max-video-preview":"max-video-preview:-1"},"canonical":"https:\/\/uplandsoftware.com\/objectiflune-de\/mobile-datenerfassung\/","og_locale":"de_DE","og_type":"article","og_title":"Mobile Datenerfassung - Capture OnTheGo | Objectif Lune","og_description":"Mit Capture OnTheGo, powered by OL Connect, k\u00f6nnen im Au\u00dfendienst wichtige Daten m\u00fchelos auf mobilen Ger\u00e4ten erfassen.","og_url":"https:\/\/uplandsoftware.com\/objectiflune-de\/mobile-datenerfassung\/","og_site_name":"Objectif Lune - DE","article_modified_time":"2026-04-23T14:20:47+00:00","twitter_card":"summary_large_image","twitter_title":"Mobile Datenerfassung - Capture OnTheGo | Objectif Lune","twitter_description":"Mit Capture OnTheGo, powered by OL Connect, k\u00f6nnen im Au\u00dfendienst wichtige Daten m\u00fchelos auf mobilen Ger\u00e4ten erfassen.","schema":{"@context":"https:\/\/schema.org","@graph":[{"@type":"WebPage","@id":"https:\/\/uplandsoftware.com\/objectiflune-de\/mobile-datenerfassung\/","url":"https:\/\/uplandsoftware.com\/objectiflune-de\/mobile-datenerfassung\/","name":"Mobile Datenerfassung - Capture OnTheGo | Objectif Lune","isPartOf":{"@id":"https:\/\/uplandsoftware.com\/objectiflune-de\/#website"},"datePublished":"2024-10-25T16:25:32+00:00","dateModified":"2026-04-23T14:20:47+00:00","description":"Mit Capture OnTheGo, powered by OL Connect, k\u00f6nnen im Au\u00dfendienst wichtige Daten m\u00fchelos auf mobilen Ger\u00e4ten erfassen.","breadcrumb":{"@id":"https:\/\/uplandsoftware.com\/objectiflune-de\/mobile-datenerfassung\/#breadcrumb"},"inLanguage":"de-DE","potentialAction":[{"@type":"ReadAction","target":["https:\/\/uplandsoftware.com\/objectiflune-de\/mobile-datenerfassung\/"]}]},{"@type":"BreadcrumbList","@id":"https:\/\/uplandsoftware.com\/objectiflune-de\/mobile-datenerfassung\/#breadcrumb","itemListElement":[{"@type":"ListItem","position":1,"name":"Home","item":"https:\/\/uplandsoftware.com\/objectiflune-de\/"},{"@type":"ListItem","position":2,"name":"Mobile Datenerfassung"}]},{"@type":"WebSite","@id":"https:\/\/uplandsoftware.com\/objectiflune-de\/#website","url":"https:\/\/uplandsoftware.com\/objectiflune-de\/","name":"Objectif Lune - DE","description":"Just another Upland Sites site","potentialAction":[{"@type":"SearchAction","target":{"@type":"EntryPoint","urlTemplate":"https:\/\/uplandsoftware.com\/objectiflune-de\/?s={search_term_string}"},"query-input":{"@type":"PropertyValueSpecification","valueRequired":true,"valueName":"search_term_string"}}],"inLanguage":"de-DE"}]}},"_links":{"self":[{"href":"https:\/\/uplandsoftware.com\/objectiflune-de\/wp-json\/wp\/v2\/pages\/646","targetHints":{"allow":["GET"]}}],"collection":[{"href":"https:\/\/uplandsoftware.com\/objectiflune-de\/wp-json\/wp\/v2\/pages"}],"about":[{"href":"https:\/\/uplandsoftware.com\/objectiflune-de\/wp-json\/wp\/v2\/types\/page"}],"author":[{"embeddable":true,"href":"https:\/\/uplandsoftware.com\/objectiflune-de\/wp-json\/wp\/v2\/users\/227"}],"replies":[{"embeddable":true,"href":"https:\/\/uplandsoftware.com\/objectiflune-de\/wp-json\/wp\/v2\/comments?post=646"}],"version-history":[{"count":4,"href":"https:\/\/uplandsoftware.com\/objectiflune-de\/wp-json\/wp\/v2\/pages\/646\/revisions"}],"predecessor-version":[{"id":962,"href":"https:\/\/uplandsoftware.com\/objectiflune-de\/wp-json\/wp\/v2\/pages\/646\/revisions\/962"}],"wp:attachment":[{"href":"https:\/\/uplandsoftware.com\/objectiflune-de\/wp-json\/wp\/v2\/media?parent=646"}],"curies":[{"name":"wp","href":"https:\/\/api.w.org\/{rel}","templated":true}]}}