{"id":1357,"date":"2025-07-30T14:16:34","date_gmt":"2025-07-30T14:16:34","guid":{"rendered":"https:\/\/uplandsoftware.com\/objectiflune-fr\/?page_id=1357"},"modified":"2026-03-16T18:02:35","modified_gmt":"2026-03-16T18:02:35","slug":"university","status":"publish","type":"page","link":"https:\/\/uplandsoftware.com\/objectiflune-fr\/university\/","title":{"rendered":"University"},"content":{"rendered":"","protected":false},"excerpt":{"rendered":"","protected":false},"author":227,"featured_media":0,"parent":0,"menu_order":0,"comment_status":"closed","ping_status":"closed","template":"template-modular-new.php","meta":{"_acf_changed":false,"_sitemap_exclude":false,"_sitemap_priority":"","_sitemap_frequency":"","footnotes":"","_links_to":"","_links_to_target":""},"class_list":["post-1357","page","type-page","status-publish","hentry"],"acf":[],"yoast_head":"<!-- This site is optimized with the Yoast SEO Premium plugin v27.2 (Yoast SEO v27.2) - https:\/\/yoast.com\/product\/yoast-seo-premium-wordpress\/ -->\n<title>Objectif Lune University - Des formations pour r\u00e9ussir I Upland<\/title>\n<meta name=\"description\" content=\"Lib\u00e9rez votre potentiel et d\u00e9veloppez votre connaissance des logiciels Objectif Lune.\" \/>\n<meta name=\"robots\" content=\"index, follow, max-snippet:-1, max-image-preview:large, max-video-preview:-1\" \/>\n<link rel=\"canonical\" href=\"https:\/\/uplandsoftware.com\/objectiflune-fr\/university\/\" \/>\n<meta property=\"og:locale\" content=\"fr_FR\" \/>\n<meta property=\"og:type\" content=\"article\" \/>\n<meta property=\"og:title\" content=\"Objectif Lune University - Des formations pour r\u00e9ussir I Upland\" \/>\n<meta property=\"og:description\" content=\"Lib\u00e9rez votre potentiel et d\u00e9veloppez votre connaissance des logiciels Objectif Lune.\" \/>\n<meta property=\"og:url\" content=\"https:\/\/uplandsoftware.com\/objectiflune-fr\/university\/\" \/>\n<meta property=\"og:site_name\" content=\"Objectif Lune - FR\" \/>\n<meta property=\"article:modified_time\" content=\"2026-03-16T18:02:35+00:00\" \/>\n<meta name=\"twitter:card\" content=\"summary_large_image\" \/>\n<meta name=\"twitter:title\" content=\"Objectif Lune University - Des formations pour r\u00e9ussir I Upland\" \/>\n<meta name=\"twitter:description\" content=\"Lib\u00e9rez votre potentiel et d\u00e9veloppez votre connaissance des logiciels Objectif Lune.\" \/>\n<script type=\"application\/ld+json\" class=\"yoast-schema-graph\">{\"@context\":\"https:\/\/schema.org\",\"@graph\":[{\"@type\":\"WebPage\",\"@id\":\"https:\/\/uplandsoftware.com\/objectiflune-fr\/university\/\",\"url\":\"https:\/\/uplandsoftware.com\/objectiflune-fr\/university\/\",\"name\":\"Objectif Lune University - Des formations pour r\u00e9ussir I Upland\",\"isPartOf\":{\"@id\":\"https:\/\/uplandsoftware.com\/objectiflune-fr\/#website\"},\"datePublished\":\"2025-07-30T14:16:34+00:00\",\"dateModified\":\"2026-03-16T18:02:35+00:00\",\"description\":\"Lib\u00e9rez votre potentiel et d\u00e9veloppez votre connaissance des logiciels Objectif Lune.\",\"breadcrumb\":{\"@id\":\"https:\/\/uplandsoftware.com\/objectiflune-fr\/university\/#breadcrumb\"},\"inLanguage\":\"fr-FR\",\"potentialAction\":[{\"@type\":\"ReadAction\",\"target\":[\"https:\/\/uplandsoftware.com\/objectiflune-fr\/university\/\"]}]},{\"@type\":\"BreadcrumbList\",\"@id\":\"https:\/\/uplandsoftware.com\/objectiflune-fr\/university\/#breadcrumb\",\"itemListElement\":[{\"@type\":\"ListItem\",\"position\":1,\"name\":\"Home\",\"item\":\"https:\/\/uplandsoftware.com\/objectiflune-fr\/\"},{\"@type\":\"ListItem\",\"position\":2,\"name\":\"University\"}]},{\"@type\":\"WebSite\",\"@id\":\"https:\/\/uplandsoftware.com\/objectiflune-fr\/#website\",\"url\":\"https:\/\/uplandsoftware.com\/objectiflune-fr\/\",\"name\":\"Objectif Lune - FR\",\"description\":\"Just another Upland Sites site\",\"potentialAction\":[{\"@type\":\"SearchAction\",\"target\":{\"@type\":\"EntryPoint\",\"urlTemplate\":\"https:\/\/uplandsoftware.com\/objectiflune-fr\/?s={search_term_string}\"},\"query-input\":{\"@type\":\"PropertyValueSpecification\",\"valueRequired\":true,\"valueName\":\"search_term_string\"}}],\"inLanguage\":\"fr-FR\"}]}<\/script>\n<!-- \/ Yoast SEO Premium plugin. -->","yoast_head_json":{"title":"Objectif Lune University - Des formations pour r\u00e9ussir I Upland","description":"Lib\u00e9rez votre potentiel et d\u00e9veloppez votre connaissance des logiciels Objectif Lune.","robots":{"index":"index","follow":"follow","max-snippet":"max-snippet:-1","max-image-preview":"max-image-preview:large","max-video-preview":"max-video-preview:-1"},"canonical":"https:\/\/uplandsoftware.com\/objectiflune-fr\/university\/","og_locale":"fr_FR","og_type":"article","og_title":"Objectif Lune University - Des formations pour r\u00e9ussir I Upland","og_description":"Lib\u00e9rez votre potentiel et d\u00e9veloppez votre connaissance des logiciels Objectif Lune.","og_url":"https:\/\/uplandsoftware.com\/objectiflune-fr\/university\/","og_site_name":"Objectif Lune - FR","article_modified_time":"2026-03-16T18:02:35+00:00","twitter_card":"summary_large_image","twitter_title":"Objectif Lune University - Des formations pour r\u00e9ussir I Upland","twitter_description":"Lib\u00e9rez votre potentiel et d\u00e9veloppez votre connaissance des logiciels Objectif Lune.","schema":{"@context":"https:\/\/schema.org","@graph":[{"@type":"WebPage","@id":"https:\/\/uplandsoftware.com\/objectiflune-fr\/university\/","url":"https:\/\/uplandsoftware.com\/objectiflune-fr\/university\/","name":"Objectif Lune University - Des formations pour r\u00e9ussir I Upland","isPartOf":{"@id":"https:\/\/uplandsoftware.com\/objectiflune-fr\/#website"},"datePublished":"2025-07-30T14:16:34+00:00","dateModified":"2026-03-16T18:02:35+00:00","description":"Lib\u00e9rez votre potentiel et d\u00e9veloppez votre connaissance des logiciels Objectif Lune.","breadcrumb":{"@id":"https:\/\/uplandsoftware.com\/objectiflune-fr\/university\/#breadcrumb"},"inLanguage":"fr-FR","potentialAction":[{"@type":"ReadAction","target":["https:\/\/uplandsoftware.com\/objectiflune-fr\/university\/"]}]},{"@type":"BreadcrumbList","@id":"https:\/\/uplandsoftware.com\/objectiflune-fr\/university\/#breadcrumb","itemListElement":[{"@type":"ListItem","position":1,"name":"Home","item":"https:\/\/uplandsoftware.com\/objectiflune-fr\/"},{"@type":"ListItem","position":2,"name":"University"}]},{"@type":"WebSite","@id":"https:\/\/uplandsoftware.com\/objectiflune-fr\/#website","url":"https:\/\/uplandsoftware.com\/objectiflune-fr\/","name":"Objectif Lune - FR","description":"Just another Upland Sites site","potentialAction":[{"@type":"SearchAction","target":{"@type":"EntryPoint","urlTemplate":"https:\/\/uplandsoftware.com\/objectiflune-fr\/?s={search_term_string}"},"query-input":{"@type":"PropertyValueSpecification","valueRequired":true,"valueName":"search_term_string"}}],"inLanguage":"fr-FR"}]}},"_links":{"self":[{"href":"https:\/\/uplandsoftware.com\/objectiflune-fr\/wp-json\/wp\/v2\/pages\/1357","targetHints":{"allow":["GET"]}}],"collection":[{"href":"https:\/\/uplandsoftware.com\/objectiflune-fr\/wp-json\/wp\/v2\/pages"}],"about":[{"href":"https:\/\/uplandsoftware.com\/objectiflune-fr\/wp-json\/wp\/v2\/types\/page"}],"author":[{"embeddable":true,"href":"https:\/\/uplandsoftware.com\/objectiflune-fr\/wp-json\/wp\/v2\/users\/227"}],"replies":[{"embeddable":true,"href":"https:\/\/uplandsoftware.com\/objectiflune-fr\/wp-json\/wp\/v2\/comments?post=1357"}],"version-history":[{"count":4,"href":"https:\/\/uplandsoftware.com\/objectiflune-fr\/wp-json\/wp\/v2\/pages\/1357\/revisions"}],"predecessor-version":[{"id":1467,"href":"https:\/\/uplandsoftware.com\/objectiflune-fr\/wp-json\/wp\/v2\/pages\/1357\/revisions\/1467"}],"wp:attachment":[{"href":"https:\/\/uplandsoftware.com\/objectiflune-fr\/wp-json\/wp\/v2\/media?parent=1357"}],"curies":[{"name":"wp","href":"https:\/\/api.w.org\/{rel}","templated":true}]}}