{"id":529,"date":"2022-12-12T18:39:54","date_gmt":"2022-12-12T18:39:54","guid":{"rendered":"https:\/\/uplandsoftware.com\/objectiflune-fr\/?page_id=529"},"modified":"2024-01-10T15:24:12","modified_gmt":"2024-01-10T15:24:12","slug":"clients","status":"publish","type":"page","link":"https:\/\/uplandsoftware.com\/objectiflune-fr\/clients\/","title":{"rendered":"Clients"},"content":{"rendered":"","protected":false},"excerpt":{"rendered":"","protected":false},"author":173,"featured_media":0,"parent":0,"menu_order":0,"comment_status":"closed","ping_status":"closed","template":"template-modular.php","meta":{"_acf_changed":false,"_sitemap_exclude":false,"_sitemap_priority":"","_sitemap_frequency":"","footnotes":"","_links_to":"","_links_to_target":""},"class_list":["post-529","page","type-page","status-publish","hentry"],"acf":[],"yoast_head":"<!-- This site is optimized with the Yoast SEO Premium plugin v27.2 (Yoast SEO v27.2) - https:\/\/yoast.com\/product\/yoast-seo-premium-wordpress\/ -->\n<title>Automatisation et optimisation de documents | Upland Objectif Lune<\/title>\n<meta name=\"description\" content=\"Am\u00e9liorez consid\u00e9rablement vos processus li\u00e9s aux documents transactionnels et promotionnels, ainsi que vos communications gr\u00e2ce au logiciel d\u2019Objectif Lune.\" \/>\n<meta name=\"robots\" content=\"index, follow, max-snippet:-1, max-image-preview:large, max-video-preview:-1\" \/>\n<link rel=\"canonical\" href=\"https:\/\/uplandsoftware.com\/objectiflune-fr\/clients\/\" \/>\n<meta property=\"og:locale\" content=\"fr_FR\" \/>\n<meta property=\"og:type\" content=\"article\" \/>\n<meta property=\"og:title\" content=\"Clients\" \/>\n<meta property=\"og:description\" content=\"Am\u00e9liorez consid\u00e9rablement vos processus li\u00e9s aux documents transactionnels et promotionnels, ainsi que vos communications gr\u00e2ce au logiciel d\u2019Objectif Lune.\" \/>\n<meta property=\"og:url\" content=\"https:\/\/uplandsoftware.com\/objectiflune-fr\/clients\/\" \/>\n<meta property=\"og:site_name\" content=\"Objectif Lune - FR\" \/>\n<meta property=\"article:modified_time\" content=\"2024-01-10T15:24:12+00:00\" \/>\n<meta name=\"twitter:card\" content=\"summary_large_image\" \/>\n<script type=\"application\/ld+json\" class=\"yoast-schema-graph\">{\"@context\":\"https:\/\/schema.org\",\"@graph\":[{\"@type\":\"WebPage\",\"@id\":\"https:\/\/uplandsoftware.com\/objectiflune-fr\/clients\/\",\"url\":\"https:\/\/uplandsoftware.com\/objectiflune-fr\/clients\/\",\"name\":\"Automatisation et optimisation de documents | Upland Objectif Lune\",\"isPartOf\":{\"@id\":\"https:\/\/uplandsoftware.com\/objectiflune-fr\/#website\"},\"datePublished\":\"2022-12-12T18:39:54+00:00\",\"dateModified\":\"2024-01-10T15:24:12+00:00\",\"description\":\"Am\u00e9liorez consid\u00e9rablement vos processus li\u00e9s aux documents transactionnels et promotionnels, ainsi que vos communications gr\u00e2ce au logiciel d\u2019Objectif Lune.\",\"breadcrumb\":{\"@id\":\"https:\/\/uplandsoftware.com\/objectiflune-fr\/clients\/#breadcrumb\"},\"inLanguage\":\"fr-FR\",\"potentialAction\":[{\"@type\":\"ReadAction\",\"target\":[\"https:\/\/uplandsoftware.com\/objectiflune-fr\/clients\/\"]}]},{\"@type\":\"BreadcrumbList\",\"@id\":\"https:\/\/uplandsoftware.com\/objectiflune-fr\/clients\/#breadcrumb\",\"itemListElement\":[{\"@type\":\"ListItem\",\"position\":1,\"name\":\"Home\",\"item\":\"https:\/\/uplandsoftware.com\/objectiflune-fr\/\"},{\"@type\":\"ListItem\",\"position\":2,\"name\":\"Clients\"}]},{\"@type\":\"WebSite\",\"@id\":\"https:\/\/uplandsoftware.com\/objectiflune-fr\/#website\",\"url\":\"https:\/\/uplandsoftware.com\/objectiflune-fr\/\",\"name\":\"Objectif Lune - FR\",\"description\":\"Just another Upland Sites site\",\"potentialAction\":[{\"@type\":\"SearchAction\",\"target\":{\"@type\":\"EntryPoint\",\"urlTemplate\":\"https:\/\/uplandsoftware.com\/objectiflune-fr\/?s={search_term_string}\"},\"query-input\":{\"@type\":\"PropertyValueSpecification\",\"valueRequired\":true,\"valueName\":\"search_term_string\"}}],\"inLanguage\":\"fr-FR\"}]}<\/script>\n<!-- \/ Yoast SEO Premium plugin. -->","yoast_head_json":{"title":"Automatisation et optimisation de documents | Upland Objectif Lune","description":"Am\u00e9liorez consid\u00e9rablement vos processus li\u00e9s aux documents transactionnels et promotionnels, ainsi que vos communications gr\u00e2ce au logiciel d\u2019Objectif Lune.","robots":{"index":"index","follow":"follow","max-snippet":"max-snippet:-1","max-image-preview":"max-image-preview:large","max-video-preview":"max-video-preview:-1"},"canonical":"https:\/\/uplandsoftware.com\/objectiflune-fr\/clients\/","og_locale":"fr_FR","og_type":"article","og_title":"Clients","og_description":"Am\u00e9liorez consid\u00e9rablement vos processus li\u00e9s aux documents transactionnels et promotionnels, ainsi que vos communications gr\u00e2ce au logiciel d\u2019Objectif Lune.","og_url":"https:\/\/uplandsoftware.com\/objectiflune-fr\/clients\/","og_site_name":"Objectif Lune - FR","article_modified_time":"2024-01-10T15:24:12+00:00","twitter_card":"summary_large_image","schema":{"@context":"https:\/\/schema.org","@graph":[{"@type":"WebPage","@id":"https:\/\/uplandsoftware.com\/objectiflune-fr\/clients\/","url":"https:\/\/uplandsoftware.com\/objectiflune-fr\/clients\/","name":"Automatisation et optimisation de documents | Upland Objectif Lune","isPartOf":{"@id":"https:\/\/uplandsoftware.com\/objectiflune-fr\/#website"},"datePublished":"2022-12-12T18:39:54+00:00","dateModified":"2024-01-10T15:24:12+00:00","description":"Am\u00e9liorez consid\u00e9rablement vos processus li\u00e9s aux documents transactionnels et promotionnels, ainsi que vos communications gr\u00e2ce au logiciel d\u2019Objectif Lune.","breadcrumb":{"@id":"https:\/\/uplandsoftware.com\/objectiflune-fr\/clients\/#breadcrumb"},"inLanguage":"fr-FR","potentialAction":[{"@type":"ReadAction","target":["https:\/\/uplandsoftware.com\/objectiflune-fr\/clients\/"]}]},{"@type":"BreadcrumbList","@id":"https:\/\/uplandsoftware.com\/objectiflune-fr\/clients\/#breadcrumb","itemListElement":[{"@type":"ListItem","position":1,"name":"Home","item":"https:\/\/uplandsoftware.com\/objectiflune-fr\/"},{"@type":"ListItem","position":2,"name":"Clients"}]},{"@type":"WebSite","@id":"https:\/\/uplandsoftware.com\/objectiflune-fr\/#website","url":"https:\/\/uplandsoftware.com\/objectiflune-fr\/","name":"Objectif Lune - FR","description":"Just another Upland Sites site","potentialAction":[{"@type":"SearchAction","target":{"@type":"EntryPoint","urlTemplate":"https:\/\/uplandsoftware.com\/objectiflune-fr\/?s={search_term_string}"},"query-input":{"@type":"PropertyValueSpecification","valueRequired":true,"valueName":"search_term_string"}}],"inLanguage":"fr-FR"}]}},"_links":{"self":[{"href":"https:\/\/uplandsoftware.com\/objectiflune-fr\/wp-json\/wp\/v2\/pages\/529","targetHints":{"allow":["GET"]}}],"collection":[{"href":"https:\/\/uplandsoftware.com\/objectiflune-fr\/wp-json\/wp\/v2\/pages"}],"about":[{"href":"https:\/\/uplandsoftware.com\/objectiflune-fr\/wp-json\/wp\/v2\/types\/page"}],"author":[{"embeddable":true,"href":"https:\/\/uplandsoftware.com\/objectiflune-fr\/wp-json\/wp\/v2\/users\/173"}],"replies":[{"embeddable":true,"href":"https:\/\/uplandsoftware.com\/objectiflune-fr\/wp-json\/wp\/v2\/comments?post=529"}],"version-history":[{"count":0,"href":"https:\/\/uplandsoftware.com\/objectiflune-fr\/wp-json\/wp\/v2\/pages\/529\/revisions"}],"wp:attachment":[{"href":"https:\/\/uplandsoftware.com\/objectiflune-fr\/wp-json\/wp\/v2\/media?parent=529"}],"curies":[{"name":"wp","href":"https:\/\/api.w.org\/{rel}","templated":true}]}}