{"id":535,"date":"2022-12-12T18:40:35","date_gmt":"2022-12-12T18:40:35","guid":{"rendered":"https:\/\/uplandsoftware.com\/objectiflune-fr\/?page_id=535"},"modified":"2025-06-30T17:49:52","modified_gmt":"2025-06-30T17:49:52","slug":"partenaires","status":"publish","type":"page","link":"https:\/\/uplandsoftware.com\/objectiflune-fr\/partenaires\/","title":{"rendered":"Partenaires"},"content":{"rendered":"","protected":false},"excerpt":{"rendered":"","protected":false},"author":173,"featured_media":0,"parent":0,"menu_order":0,"comment_status":"closed","ping_status":"closed","template":"template-modular.php","meta":{"_acf_changed":false,"_sitemap_exclude":false,"_sitemap_priority":"","_sitemap_frequency":"","footnotes":"","_links_to":"","_links_to_target":""},"class_list":["post-535","page","type-page","status-publish","hentry"],"acf":[],"yoast_head":"<!-- This site is optimized with the Yoast SEO Premium plugin v27.2 (Yoast SEO v27.2) - https:\/\/yoast.com\/product\/yoast-seo-premium-wordpress\/ -->\n<title>Devenir partenaire | Upland Objectif Lune<\/title>\n<meta name=\"description\" content=\"D\u00e9veloppez votre activit\u00e9 avec Upland Objectif Lune et renforcez vos relations clients en les aidant \u00e0 optimiser et automatiser leurs processus documentaires.\" \/>\n<meta name=\"robots\" content=\"index, follow, max-snippet:-1, max-image-preview:large, max-video-preview:-1\" \/>\n<link rel=\"canonical\" href=\"https:\/\/uplandsoftware.com\/objectiflune-fr\/partenaires\/\" \/>\n<meta property=\"og:locale\" content=\"fr_FR\" \/>\n<meta property=\"og:type\" content=\"article\" \/>\n<meta property=\"og:title\" content=\"Partenaires\" \/>\n<meta property=\"og:description\" content=\"D\u00e9veloppez votre activit\u00e9 avec Upland Objectif Lune et renforcez vos relations clients en les aidant \u00e0 optimiser et automatiser leurs processus documentaires.\" \/>\n<meta property=\"og:url\" content=\"https:\/\/uplandsoftware.com\/objectiflune-fr\/partenaires\/\" \/>\n<meta property=\"og:site_name\" content=\"Objectif Lune - FR\" \/>\n<meta property=\"article:modified_time\" content=\"2025-06-30T17:49:52+00:00\" \/>\n<meta name=\"twitter:card\" content=\"summary_large_image\" \/>\n<script type=\"application\/ld+json\" class=\"yoast-schema-graph\">{\"@context\":\"https:\/\/schema.org\",\"@graph\":[{\"@type\":\"WebPage\",\"@id\":\"https:\/\/uplandsoftware.com\/objectiflune-fr\/partenaires\/\",\"url\":\"https:\/\/uplandsoftware.com\/objectiflune-fr\/partenaires\/\",\"name\":\"Devenir partenaire | Upland Objectif Lune\",\"isPartOf\":{\"@id\":\"https:\/\/uplandsoftware.com\/objectiflune-fr\/#website\"},\"datePublished\":\"2022-12-12T18:40:35+00:00\",\"dateModified\":\"2025-06-30T17:49:52+00:00\",\"description\":\"D\u00e9veloppez votre activit\u00e9 avec Upland Objectif Lune et renforcez vos relations clients en les aidant \u00e0 optimiser et automatiser leurs processus documentaires.\",\"breadcrumb\":{\"@id\":\"https:\/\/uplandsoftware.com\/objectiflune-fr\/partenaires\/#breadcrumb\"},\"inLanguage\":\"fr-FR\",\"potentialAction\":[{\"@type\":\"ReadAction\",\"target\":[\"https:\/\/uplandsoftware.com\/objectiflune-fr\/partenaires\/\"]}]},{\"@type\":\"BreadcrumbList\",\"@id\":\"https:\/\/uplandsoftware.com\/objectiflune-fr\/partenaires\/#breadcrumb\",\"itemListElement\":[{\"@type\":\"ListItem\",\"position\":1,\"name\":\"Home\",\"item\":\"https:\/\/uplandsoftware.com\/objectiflune-fr\/\"},{\"@type\":\"ListItem\",\"position\":2,\"name\":\"Partenaires\"}]},{\"@type\":\"WebSite\",\"@id\":\"https:\/\/uplandsoftware.com\/objectiflune-fr\/#website\",\"url\":\"https:\/\/uplandsoftware.com\/objectiflune-fr\/\",\"name\":\"Objectif Lune - FR\",\"description\":\"Just another Upland Sites site\",\"potentialAction\":[{\"@type\":\"SearchAction\",\"target\":{\"@type\":\"EntryPoint\",\"urlTemplate\":\"https:\/\/uplandsoftware.com\/objectiflune-fr\/?s={search_term_string}\"},\"query-input\":{\"@type\":\"PropertyValueSpecification\",\"valueRequired\":true,\"valueName\":\"search_term_string\"}}],\"inLanguage\":\"fr-FR\"}]}<\/script>\n<!-- \/ Yoast SEO Premium plugin. -->","yoast_head_json":{"title":"Devenir partenaire | Upland Objectif Lune","description":"D\u00e9veloppez votre activit\u00e9 avec Upland Objectif Lune et renforcez vos relations clients en les aidant \u00e0 optimiser et automatiser leurs processus documentaires.","robots":{"index":"index","follow":"follow","max-snippet":"max-snippet:-1","max-image-preview":"max-image-preview:large","max-video-preview":"max-video-preview:-1"},"canonical":"https:\/\/uplandsoftware.com\/objectiflune-fr\/partenaires\/","og_locale":"fr_FR","og_type":"article","og_title":"Partenaires","og_description":"D\u00e9veloppez votre activit\u00e9 avec Upland Objectif Lune et renforcez vos relations clients en les aidant \u00e0 optimiser et automatiser leurs processus documentaires.","og_url":"https:\/\/uplandsoftware.com\/objectiflune-fr\/partenaires\/","og_site_name":"Objectif Lune - FR","article_modified_time":"2025-06-30T17:49:52+00:00","twitter_card":"summary_large_image","schema":{"@context":"https:\/\/schema.org","@graph":[{"@type":"WebPage","@id":"https:\/\/uplandsoftware.com\/objectiflune-fr\/partenaires\/","url":"https:\/\/uplandsoftware.com\/objectiflune-fr\/partenaires\/","name":"Devenir partenaire | Upland Objectif Lune","isPartOf":{"@id":"https:\/\/uplandsoftware.com\/objectiflune-fr\/#website"},"datePublished":"2022-12-12T18:40:35+00:00","dateModified":"2025-06-30T17:49:52+00:00","description":"D\u00e9veloppez votre activit\u00e9 avec Upland Objectif Lune et renforcez vos relations clients en les aidant \u00e0 optimiser et automatiser leurs processus documentaires.","breadcrumb":{"@id":"https:\/\/uplandsoftware.com\/objectiflune-fr\/partenaires\/#breadcrumb"},"inLanguage":"fr-FR","potentialAction":[{"@type":"ReadAction","target":["https:\/\/uplandsoftware.com\/objectiflune-fr\/partenaires\/"]}]},{"@type":"BreadcrumbList","@id":"https:\/\/uplandsoftware.com\/objectiflune-fr\/partenaires\/#breadcrumb","itemListElement":[{"@type":"ListItem","position":1,"name":"Home","item":"https:\/\/uplandsoftware.com\/objectiflune-fr\/"},{"@type":"ListItem","position":2,"name":"Partenaires"}]},{"@type":"WebSite","@id":"https:\/\/uplandsoftware.com\/objectiflune-fr\/#website","url":"https:\/\/uplandsoftware.com\/objectiflune-fr\/","name":"Objectif Lune - FR","description":"Just another Upland Sites site","potentialAction":[{"@type":"SearchAction","target":{"@type":"EntryPoint","urlTemplate":"https:\/\/uplandsoftware.com\/objectiflune-fr\/?s={search_term_string}"},"query-input":{"@type":"PropertyValueSpecification","valueRequired":true,"valueName":"search_term_string"}}],"inLanguage":"fr-FR"}]}},"_links":{"self":[{"href":"https:\/\/uplandsoftware.com\/objectiflune-fr\/wp-json\/wp\/v2\/pages\/535","targetHints":{"allow":["GET"]}}],"collection":[{"href":"https:\/\/uplandsoftware.com\/objectiflune-fr\/wp-json\/wp\/v2\/pages"}],"about":[{"href":"https:\/\/uplandsoftware.com\/objectiflune-fr\/wp-json\/wp\/v2\/types\/page"}],"author":[{"embeddable":true,"href":"https:\/\/uplandsoftware.com\/objectiflune-fr\/wp-json\/wp\/v2\/users\/173"}],"replies":[{"embeddable":true,"href":"https:\/\/uplandsoftware.com\/objectiflune-fr\/wp-json\/wp\/v2\/comments?post=535"}],"version-history":[{"count":0,"href":"https:\/\/uplandsoftware.com\/objectiflune-fr\/wp-json\/wp\/v2\/pages\/535\/revisions"}],"wp:attachment":[{"href":"https:\/\/uplandsoftware.com\/objectiflune-fr\/wp-json\/wp\/v2\/media?parent=535"}],"curies":[{"name":"wp","href":"https:\/\/api.w.org\/{rel}","templated":true}]}}