{"id":542,"date":"2022-12-12T18:40:10","date_gmt":"2022-12-12T18:40:10","guid":{"rendered":"https:\/\/uplandsoftware.com\/objectiflune-fr\/?page_id=542"},"modified":"2023-01-06T18:08:13","modified_gmt":"2023-01-06T18:08:13","slug":"demande-de-demo","status":"publish","type":"page","link":"https:\/\/uplandsoftware.com\/objectiflune-fr\/demande-de-demo\/","title":{"rendered":"Demande de Demo"},"content":{"rendered":"<p style=\"font-weight: 400;\"><span class=\"proofing-commentary__text _ngcontent-vyl-25\">D\u00e9couvrez comment les puissants outils d&#8217;OL Connect, de l&#8217;extraction de donn\u00e9es \u00e0 la diffusion multicanale, am\u00e9liorent les communications d&#8217;entreprise.<\/span><\/p>\n<ul>\n<li>Am\u00e9liorez la composition de documents<\/li>\n<li>Automatisez les processus et cr\u00e9ez des ponts entre les syst\u00e8mes<\/li>\n<li>Optimisez l\u2019impression et \u00e9tendez-la au num\u00e9rique<\/li>\n<li>Soumettez et consolidez \u00e0 distance des documents pour impression avec efficacit\u00e9<\/li>\n<li><span style=\"font-size: 1em;\">Proc\u00e9dez \u00e0 une int\u00e9gration fluide \u00e0 la majorit\u00e9 des syst\u00e8mes d\u2019entreprise<\/span><\/li>\n<\/ul>\n<p><span style=\"font-weight: 400;\">\u00a0<\/span><\/p>\n","protected":false},"excerpt":{"rendered":"<p>D\u00e9couvrez comment les puissants outils d&#8217;OL Connect, de l&#8217;extraction de donn\u00e9es \u00e0 la diffusion multicanale, am\u00e9liorent les communications d&#8217;entreprise. Am\u00e9liorez la composition de documents Automatisez les processus et cr\u00e9ez des ponts entre les syst\u00e8mes Optimisez l\u2019impression et \u00e9tendez-la au num\u00e9rique Soumettez et consolidez \u00e0 distance des documents pour impression avec efficacit\u00e9 Proc\u00e9dez \u00e0 une int\u00e9gration [&hellip;]<\/p>\n","protected":false},"author":173,"featured_media":0,"parent":0,"menu_order":0,"comment_status":"closed","ping_status":"closed","template":"template-demo-request.php","meta":{"_acf_changed":false,"_sitemap_exclude":false,"_sitemap_priority":"","_sitemap_frequency":"","footnotes":"","_links_to":"","_links_to_target":""},"class_list":["post-542","page","type-page","status-publish","hentry"],"acf":[],"yoast_head":"<!-- This site is optimized with the Yoast SEO Premium plugin v27.3 (Yoast SEO v27.3) - https:\/\/yoast.com\/product\/yoast-seo-premium-wordpress\/ -->\n<title>Demander une d\u00e9mo | Upland Objectif Lune<\/title>\n<meta name=\"description\" content=\"D\u00e9couvrez comment les puissants outils d&#039;OL Connect, de l&#039;extraction de donn\u00e9es \u00e0 la diffusion multicanale, am\u00e9liorent les communications d&#039;entreprise.\" \/>\n<meta name=\"robots\" content=\"index, follow, max-snippet:-1, max-image-preview:large, max-video-preview:-1\" \/>\n<link rel=\"canonical\" href=\"https:\/\/uplandsoftware.com\/objectiflune-fr\/demande-de-demo\/\" \/>\n<meta property=\"og:locale\" content=\"fr_FR\" \/>\n<meta property=\"og:type\" content=\"article\" \/>\n<meta property=\"og:title\" content=\"Demande de Demo\" \/>\n<meta property=\"og:description\" content=\"D\u00e9couvrez comment les puissants outils d&#039;OL Connect, de l&#039;extraction de donn\u00e9es \u00e0 la diffusion multicanale, am\u00e9liorent les communications d&#039;entreprise.\" \/>\n<meta property=\"og:url\" content=\"https:\/\/uplandsoftware.com\/objectiflune-fr\/demande-de-demo\/\" \/>\n<meta property=\"og:site_name\" content=\"Objectif Lune - FR\" \/>\n<meta property=\"article:modified_time\" content=\"2023-01-06T18:08:13+00:00\" \/>\n<meta name=\"twitter:card\" content=\"summary_large_image\" \/>\n<meta name=\"twitter:label1\" content=\"Est. reading time\" \/>\n\t<meta name=\"twitter:data1\" content=\"1 minute\" \/>\n<script type=\"application\/ld+json\" class=\"yoast-schema-graph\">{\"@context\":\"https:\\\/\\\/schema.org\",\"@graph\":[{\"@type\":\"WebPage\",\"@id\":\"https:\\\/\\\/uplandsoftware.com\\\/objectiflune-fr\\\/demande-de-demo\\\/\",\"url\":\"https:\\\/\\\/uplandsoftware.com\\\/objectiflune-fr\\\/demande-de-demo\\\/\",\"name\":\"Demander une d\u00e9mo | Upland Objectif Lune\",\"isPartOf\":{\"@id\":\"https:\\\/\\\/uplandsoftware.com\\\/objectiflune-fr\\\/#website\"},\"datePublished\":\"2022-12-12T18:40:10+00:00\",\"dateModified\":\"2023-01-06T18:08:13+00:00\",\"description\":\"D\u00e9couvrez comment les puissants outils d'OL Connect, de l'extraction de donn\u00e9es \u00e0 la diffusion multicanale, am\u00e9liorent les communications d'entreprise.\",\"breadcrumb\":{\"@id\":\"https:\\\/\\\/uplandsoftware.com\\\/objectiflune-fr\\\/demande-de-demo\\\/#breadcrumb\"},\"inLanguage\":\"fr-FR\",\"potentialAction\":[{\"@type\":\"ReadAction\",\"target\":[\"https:\\\/\\\/uplandsoftware.com\\\/objectiflune-fr\\\/demande-de-demo\\\/\"]}]},{\"@type\":\"BreadcrumbList\",\"@id\":\"https:\\\/\\\/uplandsoftware.com\\\/objectiflune-fr\\\/demande-de-demo\\\/#breadcrumb\",\"itemListElement\":[{\"@type\":\"ListItem\",\"position\":1,\"name\":\"Home\",\"item\":\"https:\\\/\\\/uplandsoftware.com\\\/objectiflune-fr\\\/\"},{\"@type\":\"ListItem\",\"position\":2,\"name\":\"Demande de Demo\"}]},{\"@type\":\"WebSite\",\"@id\":\"https:\\\/\\\/uplandsoftware.com\\\/objectiflune-fr\\\/#website\",\"url\":\"https:\\\/\\\/uplandsoftware.com\\\/objectiflune-fr\\\/\",\"name\":\"Objectif Lune - FR\",\"description\":\"Just another Upland Sites site\",\"potentialAction\":[{\"@type\":\"SearchAction\",\"target\":{\"@type\":\"EntryPoint\",\"urlTemplate\":\"https:\\\/\\\/uplandsoftware.com\\\/objectiflune-fr\\\/?s={search_term_string}\"},\"query-input\":{\"@type\":\"PropertyValueSpecification\",\"valueRequired\":true,\"valueName\":\"search_term_string\"}}],\"inLanguage\":\"fr-FR\"}]}<\/script>\n<!-- \/ Yoast SEO Premium plugin. -->","yoast_head_json":{"title":"Demander une d\u00e9mo | Upland Objectif Lune","description":"D\u00e9couvrez comment les puissants outils d'OL Connect, de l'extraction de donn\u00e9es \u00e0 la diffusion multicanale, am\u00e9liorent les communications d'entreprise.","robots":{"index":"index","follow":"follow","max-snippet":"max-snippet:-1","max-image-preview":"max-image-preview:large","max-video-preview":"max-video-preview:-1"},"canonical":"https:\/\/uplandsoftware.com\/objectiflune-fr\/demande-de-demo\/","og_locale":"fr_FR","og_type":"article","og_title":"Demande de Demo","og_description":"D\u00e9couvrez comment les puissants outils d'OL Connect, de l'extraction de donn\u00e9es \u00e0 la diffusion multicanale, am\u00e9liorent les communications d'entreprise.","og_url":"https:\/\/uplandsoftware.com\/objectiflune-fr\/demande-de-demo\/","og_site_name":"Objectif Lune - FR","article_modified_time":"2023-01-06T18:08:13+00:00","twitter_card":"summary_large_image","twitter_misc":{"Est. reading time":"1 minute"},"schema":{"@context":"https:\/\/schema.org","@graph":[{"@type":"WebPage","@id":"https:\/\/uplandsoftware.com\/objectiflune-fr\/demande-de-demo\/","url":"https:\/\/uplandsoftware.com\/objectiflune-fr\/demande-de-demo\/","name":"Demander une d\u00e9mo | Upland Objectif Lune","isPartOf":{"@id":"https:\/\/uplandsoftware.com\/objectiflune-fr\/#website"},"datePublished":"2022-12-12T18:40:10+00:00","dateModified":"2023-01-06T18:08:13+00:00","description":"D\u00e9couvrez comment les puissants outils d'OL Connect, de l'extraction de donn\u00e9es \u00e0 la diffusion multicanale, am\u00e9liorent les communications d'entreprise.","breadcrumb":{"@id":"https:\/\/uplandsoftware.com\/objectiflune-fr\/demande-de-demo\/#breadcrumb"},"inLanguage":"fr-FR","potentialAction":[{"@type":"ReadAction","target":["https:\/\/uplandsoftware.com\/objectiflune-fr\/demande-de-demo\/"]}]},{"@type":"BreadcrumbList","@id":"https:\/\/uplandsoftware.com\/objectiflune-fr\/demande-de-demo\/#breadcrumb","itemListElement":[{"@type":"ListItem","position":1,"name":"Home","item":"https:\/\/uplandsoftware.com\/objectiflune-fr\/"},{"@type":"ListItem","position":2,"name":"Demande de Demo"}]},{"@type":"WebSite","@id":"https:\/\/uplandsoftware.com\/objectiflune-fr\/#website","url":"https:\/\/uplandsoftware.com\/objectiflune-fr\/","name":"Objectif Lune - FR","description":"Just another Upland Sites site","potentialAction":[{"@type":"SearchAction","target":{"@type":"EntryPoint","urlTemplate":"https:\/\/uplandsoftware.com\/objectiflune-fr\/?s={search_term_string}"},"query-input":{"@type":"PropertyValueSpecification","valueRequired":true,"valueName":"search_term_string"}}],"inLanguage":"fr-FR"}]}},"_links":{"self":[{"href":"https:\/\/uplandsoftware.com\/objectiflune-fr\/wp-json\/wp\/v2\/pages\/542","targetHints":{"allow":["GET"]}}],"collection":[{"href":"https:\/\/uplandsoftware.com\/objectiflune-fr\/wp-json\/wp\/v2\/pages"}],"about":[{"href":"https:\/\/uplandsoftware.com\/objectiflune-fr\/wp-json\/wp\/v2\/types\/page"}],"author":[{"embeddable":true,"href":"https:\/\/uplandsoftware.com\/objectiflune-fr\/wp-json\/wp\/v2\/users\/173"}],"replies":[{"embeddable":true,"href":"https:\/\/uplandsoftware.com\/objectiflune-fr\/wp-json\/wp\/v2\/comments?post=542"}],"version-history":[{"count":0,"href":"https:\/\/uplandsoftware.com\/objectiflune-fr\/wp-json\/wp\/v2\/pages\/542\/revisions"}],"wp:attachment":[{"href":"https:\/\/uplandsoftware.com\/objectiflune-fr\/wp-json\/wp\/v2\/media?parent=542"}],"curies":[{"name":"wp","href":"https:\/\/api.w.org\/{rel}","templated":true}]}}