{"id":186,"date":"2017-03-24T22:36:59","date_gmt":"2017-03-24T21:36:59","guid":{"rendered":"https:\/\/upllive.wpengine.com\/psa-fr\/?page_id=186"},"modified":"2023-02-15T20:51:48","modified_gmt":"2023-02-15T19:51:48","slug":"demande-de-demo","status":"publish","type":"page","link":"https:\/\/uplandsoftware.com\/psa-fr\/demande-de-demo\/","title":{"rendered":"Demandez une d\u00e9mo personnalis\u00e9e de PSA"},"content":{"rendered":"<ul>\n<li>Connectez notre produit \u00e0 une plateforme CRM pour une visibilit\u00e9 en temps r\u00e9el sur les pipelines de vente et la demande de ressources<\/li>\n<li>Automatisez vos feuilles de temps et la facturation de vos clients pour une reconnaissance du revenu plus rapide<\/li>\n<li>\u00c9tablissez l\u2019horaire de votre personnel pour une utilisation optimale et adaptez-vous rapidement en cas de besoin<\/li>\n<li>La collaboration sociale suscite la coop\u00e9ration entre les \u00e9quipes et la client\u00e8le, et permet de produire davantage de r\u00e9sultats de qualit\u00e9<\/li>\n<\/ul>\n","protected":false},"excerpt":{"rendered":"<p>Connectez notre produit \u00e0 une plateforme CRM pour une visibilit\u00e9 en temps r\u00e9el sur les pipelines de vente et la demande de ressources Automatisez vos feuilles de temps et la facturation de vos clients pour une reconnaissance du revenu plus rapide \u00c9tablissez l\u2019horaire de votre personnel pour une utilisation optimale et adaptez-vous rapidement en cas [&hellip;]<\/p>\n","protected":false},"author":1,"featured_media":0,"parent":0,"menu_order":0,"comment_status":"closed","ping_status":"closed","template":"template-demo-request.php","meta":{"_acf_changed":false,"_sitemap_exclude":false,"_sitemap_priority":"","_sitemap_frequency":"","footnotes":"","_links_to":"","_links_to_target":""},"class_list":["post-186","page","type-page","status-publish","hentry"],"acf":[],"yoast_head":"<!-- This site is optimized with the Yoast SEO Premium plugin v27.3 (Yoast SEO v27.3) - https:\/\/yoast.com\/product\/yoast-seo-premium-wordpress\/ -->\n<title>PSA d\u00e9mo | Upland PSA<\/title>\n<meta name=\"description\" content=\"Prenez rendez-vous avec un de nos experts pour aborder vos besoins sp\u00e9cifiques\" \/>\n<meta name=\"robots\" content=\"index, follow, max-snippet:-1, max-image-preview:large, max-video-preview:-1\" \/>\n<link rel=\"canonical\" href=\"https:\/\/uplandsoftware.com\/psa-fr\/demande-de-demo\/\" \/>\n<meta name=\"twitter:label1\" content=\"Est. reading time\" \/>\n\t<meta name=\"twitter:data1\" content=\"1 minute\" \/>\n<script type=\"application\/ld+json\" class=\"yoast-schema-graph\">{\"@context\":\"https:\\\/\\\/schema.org\",\"@graph\":[{\"@type\":\"WebPage\",\"@id\":\"https:\\\/\\\/uplandsoftware.com\\\/psa-fr\\\/demande-de-demo\\\/\",\"url\":\"https:\\\/\\\/uplandsoftware.com\\\/psa-fr\\\/demande-de-demo\\\/\",\"name\":\"PSA d\u00e9mo | Upland PSA\",\"isPartOf\":{\"@id\":\"https:\\\/\\\/uplandsoftware.com\\\/psa-fr\\\/#website\"},\"datePublished\":\"2017-03-24T21:36:59+00:00\",\"dateModified\":\"2023-02-15T19:51:48+00:00\",\"description\":\"Prenez rendez-vous avec un de nos experts pour aborder vos besoins sp\u00e9cifiques\",\"breadcrumb\":{\"@id\":\"https:\\\/\\\/uplandsoftware.com\\\/psa-fr\\\/demande-de-demo\\\/#breadcrumb\"},\"inLanguage\":\"fr-FR\",\"potentialAction\":[{\"@type\":\"ReadAction\",\"target\":[\"https:\\\/\\\/uplandsoftware.com\\\/psa-fr\\\/demande-de-demo\\\/\"]}]},{\"@type\":\"BreadcrumbList\",\"@id\":\"https:\\\/\\\/uplandsoftware.com\\\/psa-fr\\\/demande-de-demo\\\/#breadcrumb\",\"itemListElement\":[{\"@type\":\"ListItem\",\"position\":1,\"name\":\"Home\",\"item\":\"https:\\\/\\\/uplandsoftware.com\\\/psa-fr\\\/\"},{\"@type\":\"ListItem\",\"position\":2,\"name\":\"Demandez une d\u00e9mo personnalis\u00e9e de PSA\"}]},{\"@type\":\"WebSite\",\"@id\":\"https:\\\/\\\/uplandsoftware.com\\\/psa-fr\\\/#website\",\"url\":\"https:\\\/\\\/uplandsoftware.com\\\/psa-fr\\\/\",\"name\":\"PSA - FR\",\"description\":\"\",\"potentialAction\":[{\"@type\":\"SearchAction\",\"target\":{\"@type\":\"EntryPoint\",\"urlTemplate\":\"https:\\\/\\\/uplandsoftware.com\\\/psa-fr\\\/?s={search_term_string}\"},\"query-input\":{\"@type\":\"PropertyValueSpecification\",\"valueRequired\":true,\"valueName\":\"search_term_string\"}}],\"inLanguage\":\"fr-FR\"}]}<\/script>\n<!-- \/ Yoast SEO Premium plugin. -->","yoast_head_json":{"title":"PSA d\u00e9mo | Upland PSA","description":"Prenez rendez-vous avec un de nos experts pour aborder vos besoins sp\u00e9cifiques","robots":{"index":"index","follow":"follow","max-snippet":"max-snippet:-1","max-image-preview":"max-image-preview:large","max-video-preview":"max-video-preview:-1"},"canonical":"https:\/\/uplandsoftware.com\/psa-fr\/demande-de-demo\/","twitter_misc":{"Est. reading time":"1 minute"},"schema":{"@context":"https:\/\/schema.org","@graph":[{"@type":"WebPage","@id":"https:\/\/uplandsoftware.com\/psa-fr\/demande-de-demo\/","url":"https:\/\/uplandsoftware.com\/psa-fr\/demande-de-demo\/","name":"PSA d\u00e9mo | Upland PSA","isPartOf":{"@id":"https:\/\/uplandsoftware.com\/psa-fr\/#website"},"datePublished":"2017-03-24T21:36:59+00:00","dateModified":"2023-02-15T19:51:48+00:00","description":"Prenez rendez-vous avec un de nos experts pour aborder vos besoins sp\u00e9cifiques","breadcrumb":{"@id":"https:\/\/uplandsoftware.com\/psa-fr\/demande-de-demo\/#breadcrumb"},"inLanguage":"fr-FR","potentialAction":[{"@type":"ReadAction","target":["https:\/\/uplandsoftware.com\/psa-fr\/demande-de-demo\/"]}]},{"@type":"BreadcrumbList","@id":"https:\/\/uplandsoftware.com\/psa-fr\/demande-de-demo\/#breadcrumb","itemListElement":[{"@type":"ListItem","position":1,"name":"Home","item":"https:\/\/uplandsoftware.com\/psa-fr\/"},{"@type":"ListItem","position":2,"name":"Demandez une d\u00e9mo personnalis\u00e9e de PSA"}]},{"@type":"WebSite","@id":"https:\/\/uplandsoftware.com\/psa-fr\/#website","url":"https:\/\/uplandsoftware.com\/psa-fr\/","name":"PSA - FR","description":"","potentialAction":[{"@type":"SearchAction","target":{"@type":"EntryPoint","urlTemplate":"https:\/\/uplandsoftware.com\/psa-fr\/?s={search_term_string}"},"query-input":{"@type":"PropertyValueSpecification","valueRequired":true,"valueName":"search_term_string"}}],"inLanguage":"fr-FR"}]}},"_links":{"self":[{"href":"https:\/\/uplandsoftware.com\/psa-fr\/wp-json\/wp\/v2\/pages\/186","targetHints":{"allow":["GET"]}}],"collection":[{"href":"https:\/\/uplandsoftware.com\/psa-fr\/wp-json\/wp\/v2\/pages"}],"about":[{"href":"https:\/\/uplandsoftware.com\/psa-fr\/wp-json\/wp\/v2\/types\/page"}],"author":[{"embeddable":true,"href":"https:\/\/uplandsoftware.com\/psa-fr\/wp-json\/wp\/v2\/users\/1"}],"replies":[{"embeddable":true,"href":"https:\/\/uplandsoftware.com\/psa-fr\/wp-json\/wp\/v2\/comments?post=186"}],"version-history":[{"count":0,"href":"https:\/\/uplandsoftware.com\/psa-fr\/wp-json\/wp\/v2\/pages\/186\/revisions"}],"wp:attachment":[{"href":"https:\/\/uplandsoftware.com\/psa-fr\/wp-json\/wp\/v2\/media?parent=186"}],"curies":[{"name":"wp","href":"https:\/\/api.w.org\/{rel}","templated":true}]}}