{"id":249,"date":"2017-04-06T17:08:36","date_gmt":"2017-04-06T16:08:36","guid":{"rendered":"https:\/\/upllive.wpengine.com\/psa-fr\/?page_id=249"},"modified":"2017-04-06T17:08:36","modified_gmt":"2017-04-06T16:08:36","slug":"privacy","status":"publish","type":"page","link":"https:\/\/uplandsoftware.com\/psa-fr\/privacy\/","title":{"rendered":"D\u00e9claration de Confidentialit\u00e9"},"content":{"rendered":"<p>En vigueur \u00e0 compter du 23 novembre 2016<\/p>\n<p>La pr\u00e9sente d\u00e9claration de confidentialit\u00e9 explique comment Upland software, Inc. (\u201cUpland\u201d, \u201cNous\u201d) collecte et utilise les renseignements personnels que vous nous communiquez via nos sites Web. Ceci comprend \u00e9galement les plateformes au sein des sites susmentionn\u00e9s ainsi que nos applications mobiles.\u00a0 Cette d\u00e9claration de confidentialit\u00e9 d\u00e9crit \u00e9galement les choix qui s\u2019offrent \u00e0 vous concernant notre utilisation de vos donn\u00e9es personnelles et la mani\u00e8re dont vous pouvez acc\u00e9der \u00e0 ces informations et les modifier. Si vous avez des plaintes ou des questions concernant notre d\u00e9claration de confidentialit\u00e9 ou nos pratiques, veuillez nous contacter par courriel \u00e0 l\u2019adresse <a href=\"mailto:privacy@uple25.wpengine.com\">privacy@uple25.wpengine.com<\/a>.<\/p>\n<p>Upland Software Inc. respecte les exigences de l&#8217;accord de Sph\u00e8re de S\u00e9curit\u00e9 (Safe Harbor) entre les USA et la Suisse tels que stipul\u00e9 par le d\u00e9partement am\u00e9ricain du commerce relativement \u00e0 la collecte, \u00e0 l\u2019utilisation et \u00e0 la conservation des renseignements personnels provenant de Suisse. Upland Software Inc. certifie qu\u2019elle respecte les principes de sph\u00e8re de s\u00e9curit\u00e9 en mati\u00e8re d\u2019avis, choix, transmission ult\u00e9rieure de donn\u00e9es, s\u00e9curit\u00e9, int\u00e9grit\u00e9 des donn\u00e9es et application.<\/p>\n<p><strong>Collecte et utilisation des renseignements personnels<\/strong><\/p>\n<p><strong>Nous recueillons, de votre part, les donn\u00e9es personnelles suivantes\u00a0:<\/strong><\/p>\n<ul>\n<li>Coordonn\u00e9es de contact telles que le nom, l\u2019adresse de courriel, l\u2019adresse postale et le num\u00e9ro de t\u00e9l\u00e9phone<\/li>\n<li>Comme dans le cas de la plupart des sites Web, nous recueillons automatiquement des informations sur votre ordinateur, telles que votre adresse IP, votre navigateur, pages de renvoi\/sortie et le syst\u00e8me d\u2019exploitation, et les donn\u00e9es g\u00e9n\u00e9rales de g\u00e9olocalisation (nous ne recueillons pas l\u2019emplacement g\u00e9ographique exact). Il se peut que nous combinions ces donn\u00e9es automatiquement collect\u00e9es avec d\u2019autres informations que nous recueillons sur vous. Nous le faisons dans le but d\u2019am\u00e9liorer le marketing et les informations analytiques.<\/li>\n<li>Les identifiant uniques tels que le num\u00e9ro d\u2019assurance sociale, le num\u00e9ro d\u2019identification d\u2019employ\u00e9 et les donn\u00e9es employ\u00e9<\/li>\n<li>Les identifiants des appareils tels que les donn\u00e9es syst\u00e8me et les informations de performance lorsque vous t\u00e9l\u00e9chargez et utilisez nos applications mobiles<\/li>\n<\/ul>\n<p>Vous pouvez vous connecter \u00e0 certaines de nos plateformes en utilisant le service de connexion en passant par les sites Web de nos clients.\u00a0 Ces services authentifieront votre identit\u00e9 et vous laisseront le choix de partager vos informations personnelles avec nous telles que votre nom et votre adresse courriel pour remplir automatiquement nos formulaires d\u2019inscriptions.<\/p>\n<p>Il est \u00e0 noter que lorsque vous utilisez ces plateformes, Upland recueille les informations sous\u00a0la direction de ses clients, et n\u2019a aucune relation directe avec les individus dont les informations sont trait\u00e9es.<\/p>\n<p><strong>Nous utilisons cette information pour\u00a0:<\/strong><\/p>\n<ul>\n<li>vous envoyer les informations sur les produits et services demand\u00e9es<\/li>\n<li>r\u00e9pondre aux demandes de service des clients<\/li>\n<li>vous envoyer des lettres d\u2019informations et\/ou des courriels de marketing<\/li>\n<\/ul>\n<p>Nous utilisons des programmes d\u2019analyse de p\u00e9riph\u00e9riques mobiles pour nous permettre de mieux comprendre les fonctionnalit\u00e9s de notre logiciel mobile sur votre t\u00e9l\u00e9phone. Ce programme peut enregistrer des informations telles que la fr\u00e9quence \u00e0 las quelle vous utilisez l\u2019application, les \u00e9v\u00e9nements qui se produisent dans l\u2019application, l\u2019utilisation agr\u00e9g\u00e9e, et l&#8217;emplacement \u00e0 partir duquel l\u2019application a \u00e9t\u00e9 t\u00e9l\u00e9charg\u00e9e. Nous ne faisons pas de lien entre les informations que nous stockons dans notre logiciel analytique et les renseignements personnels indentifiables que vous communiquez \u00e0 notre application mobile.<\/p>\n<p>Vous pouvez vous connecter \u00e0 notre site \u00e0 l&#8217;aide des services de connexion tel que Facebook Connect ou un fournisseur d&#8217;identifiants ouvert.\u00a0 Ces services vont authentifier votre identit\u00e9 et vous fournir l\u2019option de partager certains renseignements personnels avec nous tels que votre nom et votre adresse courriel pour remplir automatiquement nos formulaires d\u2019inscription.\u00a0 Les services comme Facebook Connect vous donnent la possibilit\u00e9 de publier des informations \u00e0 propos de votre activit\u00e9 sur ce site Web sur votre profil et les partager avec les personnes faisant partie de votre r\u00e9seau.<\/p>\n<p><strong>D\u00e9sabonnement<\/strong><\/p>\n<p>Il vous est possible d\u2019interrompre \u00e0 tout moment la r\u00e9ception de recevoir nos lettres d\u2019information ou de nos courriel marketing en suivant les instructions de d\u00e9sabonnement incluses dans ces courriels ou encore vous pouvez nous contacter \u00e0 l&#8217;adresse <a href=\"mailto:info@uple25.wpengine.com\">info@uple25.wpengine.com<\/a>.<\/p>\n<p>Si vous \u00eates un client et que vous aimeriez mettre \u00e0 jour votre compte, veuillez nous contacter \u00e0 l&#8217;adresse <a href=\"mailto:info@uple25.wpengine.com\">info@uple25.wpengine.com<\/a>.<\/p>\n<p>Si vous \u00eates client d\u2019un de nos clients et que vous ne voulez plus \u00eatre contact\u00e9 par nos clients qui utilisent notre service, veuillez contacter le client avec qui vous interagissez directement. Il est possible que nous communiquions des informations personnelles aux compagnies qui nous aident \u00e0 offrir notre service. Les transferts aux tierces parties sont couverts par notre d\u00e9claration de confidentialit\u00e9 avec nos clients.<\/p>\n<p><strong>Partage d\u2019information<\/strong><\/p>\n<p>Nous ne partageons vos informations avec des tiers par les seuls moyens d\u00e9crits dans notre d\u00e9claration de confidentialit\u00e9.\u00a0 Nous ne vendons pas vos informations \u00e0 des tiers.<\/p>\n<p>Il est possible que nous communiquions vos informations personnelles \u00e0 des compagnies qui offrent des services pour nous aider avec nos activit\u00e9s commerciales telles que le service \u00e0 la client\u00e8le. Ces compagnies sont autoris\u00e9es \u00e0 utiliser vos informations personnelles seulement dans la mesure o\u00f9 cela leur est\u00a0 n\u00e9cessaire pour nous offrir ce service.<\/p>\n<p>Il se peut aussi que nous divulguions vos informations\u00a0:<\/p>\n<ul>\n<li>tel que prescrit par la loi comme une citation \u00e0 compara\u00eetre ou tout autre proc\u00e9dure l\u00e9gales similaire,<\/li>\n<li>quand nous croyons, de bonne foi, que la publication de ces informations est n\u00e9cessaire pour prot\u00e9ger nos droits, prot\u00e9ger votre s\u00e9curit\u00e9 ou la s\u00e9curit\u00e9 d\u2019autrui, enqu\u00eater sur des cas de fraude ou r\u00e9pondre \u00e0 une demande du gouvernement<\/li>\n<li>si Upland est impliqu\u00e9 dans une fusion ou dans la vente de tout ou partie de tous ses avoirs, vous en serez avis\u00e9 par courriel ou par une mention mise en \u00e9vidence sur notre site Web sur tout changement de propri\u00e9t\u00e9 ou utilisation de vos informations personnelles, et \u00e9galement par tout autre canal de votre choix concernant vos informations personnelles<\/li>\n<li>\u00e0 n\u2019importe quelle tierce partie avec votre autorisation pour ce faire<\/li>\n<\/ul>\n<p><strong>Cookies et autres technologies de tra\u00e7age<\/strong><\/p>\n<p>Les technologies tel que les cookies, les pixels invisibles, les balises et les scriptes sont utilis\u00e9s par Upland et nos partenaires de marketing, nos affili\u00e9s, nos fournisseurs de services de soutien et d&#8217;analyse. Ces technologies servent \u00e0 analyser les tendances, administrer le site Web, \u00e0 suivre les mouvements des utilisateurs sur ce dernier et \u00e0 recueillir des informations d\u00e9mographiques \u00e0 propos de nos utilisateurs. Nous pouvons recevoir des rapports fond\u00e9s sur l&#8217;utilisation de ces technologies par ces compagnies soit individuellement ou globalement.<\/p>\n<p>Nous utilisons la technologie LSO (Local Storage Objects) telles que HTML5 et Flash pour stocker les informations de contenu et les pr\u00e9f\u00e9rences. Les tiers avec qui nous servent de partenaires pour offrir certaines fonctionnalit\u00e9s sur notre site Web ou pour faire de la publicit\u00e9 bas\u00e9e sur vos activit\u00e9s Web utilisent les LSO tels que HTML 5 et Flash pour recueillir et stocker des informations. Certains navigateurs ont leurs propres outils de gestion pour enlever les LSO de HTML5. Pour g\u00e9rer les LSO de Flash, veuillez cliquer sur le lien ci-dessous<\/p>\n<p><a href=\"https:\/\/www.macromedia.com\/support\/documentation\/en\/flashplayer\/help\/settings_manager07.html\" target=\"_blank\">https:\/\/www.macromedia.com\/support\/documentation\/en\/flashplayer\/help\/settings_manager07.html<\/a><\/p>\n<p><strong>T\u00e9moignages, commentaires et revues de clients<\/strong><\/p>\n<p>Nous publions les t\u00e9moignages, commentaire et revue de nos clients sur nos sites Web et qui peuvent contenir des informations personnelles. Avant de publier ces t\u00e9moignages, nous obtenons le consentement du client via courriel pour que nous puissions puisse mettre son nom avec ce t\u00e9moignage. Si vous d\u00e9sirez modifier ou supprimer votre t\u00e9moignage, contactez-nous \u00e0 l&#8217;adresse <a href=\"mailto:info@uple25.wpengine.com\">info@uple25.wpengine.com<\/a>.<\/p>\n<p>Nos sites Web contiennent \u00e9galement des blogs ou des forums communautaires accessibles au grand public. Vous devez savoir que toute information que vous y fournissez est susceptible d&#8217;\u00eatre lue, collect\u00e9e et utilis\u00e9e par tous ceux qui peuvent y acc\u00e9der. Pour demander la suppression de vos informations personnelles \u00e0 partir de notre blog ou de nos forums communautaires, veuillez nous contacter \u00e0 l&#8217;adresse info@uple25.wpengine.com. Il se peut, dans certains cas, que nous soyons incapables de supprimer vos informations personnelles, auquel cas nous vous le ferons savoir et nous vous en expliquerons la raison.<\/p>\n<p><strong>Liens vers d\u2019autres sites Web<\/strong><\/p>\n<p>Notre site Web comprend des liens vers d&#8217;autres sites Web qui n\u2019ont pas n\u00e9cessairement les m\u00eames pratiques de confidentialit\u00e9 qu&#8217;Upland. Si vous soumettez des informations personnelles \u00e0 ces sites, vos informations seront r\u00e9gies par leurs d\u00e9clarations de confidentialit\u00e9. Nous vos encourageons \u00e0 lire attentivement les d\u00e9clarations de confidentialit\u00e9 de tous les sites Web que vous visitez.<\/p>\n<p>Nos sites Web comprennent des fonctionnalit\u00e9s de m\u00e9dia sociaux tels que le bouton J\u2019aime de Facebook et des widgets comme que le bouton Partager o\u00f9 des mini-programmes interactifs qui tournent sur notre site Web. Ces fonctionnalit\u00e9s peuvent recueillir votre adresse IP, enregistrer la page que vous visitez sur notre site Web et peuvent d\u00e9clencher un cookie pour permettre un bon fonctionnement. Les fonctions de m\u00e9dia sociaux et les widgets sont soit h\u00e9berg\u00e9s par une tierce partie ou h\u00e9berg\u00e9s directement sur notre site Web. Vos interactions avec ces fonctionnalit\u00e9s sont r\u00e9gies par la d\u00e9claration de confidentialit\u00e9 de la compagnie qui les fournit.<\/p>\n<p><strong>S\u00e9curit\u00e9<\/strong><\/p>\n<p>La s\u00e9curit\u00e9 de vos informations personnelles est importante pour nous. Nous adoptons les normes g\u00e9n\u00e9ralement reconnues dans l&#8217;industrie pour prot\u00e9ger les informations personnelles qui nous sont soumises, que ce soit durant la transmission de ces informations et lorsque nous les recevons. Les informations sensibles telles que les noms d\u2019utilisateur et les mots de passe utilis\u00e9s durant la connexion sont transmises via internet \u00e0 l&#8217;aide des protocoles de cryptage Secure Socket Layer (SSL) et Transport Layer Security (TLS).<\/p>\n<p>Toutefois, aucune m\u00e9thode de transmission via l\u2019Internet ou de stockage \u00e9lectronique n&#8217;est totalement s\u00e9curitaire. De ce fait, nous ne pouvons pas garantir une s\u00e9curit\u00e9 absolue.<\/p>\n<p>Si vous avez des questions \u00e0 propos de la s\u00e9curit\u00e9 sur nos site Web, nos plateformes et nos applications mobiles, vous pouvez nous contacter \u00e0 l&#8217;adresse <a href=\"mailto:info@uple25.wpengine.com\">info@uple25.wpengine.com<\/a>.<\/p>\n<p><strong>Informations suppl\u00e9mentaires sur notre politique<\/strong><\/p>\n<p><strong>Mise \u00e0 jour\/acc\u00e8s\/modification\/correction des informations personnelles<\/strong><\/p>\n<p>Si vos informations personnelles changent ou que vous ne voulez plus de notre service, vous pouvez corriger, mettre \u00e0 jour, modifier, effacer ou d\u00e9sactiver ces informations en effectuant le changement au sein de votre instance sp\u00e9cifique au sein de l\u2019application, en envoyant un courriel \u00e0 notre service de soutien technique \u00e0 l\u2019adresse info@uple25.wpengine.com, ou en nous contactant par voie postal \u00e0 l\u2019adresse indiqu\u00e9e ci-dessous. Nous r\u00e9pondrons \u00e0 votre demande d\u2019acc\u00e8s dans les deux jours suivants.<\/p>\n<p>\u00c9tant donn\u00e9 qu\u2019Upland n\u2019entretient pas de relation directe avec les personnes dont elle traite les informations, toute personne qui d\u00e9sire acc\u00e9der \u00e0 des donn\u00e9es inexactes, les corriger, les modifier, ou les supprimer doit adresser sa requ\u00eate au client d\u2019Upland (le contr\u00f4leur de donn\u00e9es). Si le client nous demande de supprimer des donn\u00e9es, nous r\u00e9pondrons \u00e0 la requ\u00eate en l\u2019espace de 30 jours.<\/p>\n<p>Nous conservons vos informations aussi longtemps que votre compte sera actif ou le temps qu\u2019il faudra pour vous offrir les services. Nous conservons et utilisons vos informations autant qu\u2019il est n\u00e9cessaire pour nous conformer \u00e0 nos obligations l\u00e9gales, r\u00e9soudre les litiges et mettre en oeuvre nos accords. Nous gardons \u00e9galement vos informations personnelles que nous traitons au nom de nos clients de la mani\u00e8re mentionn\u00e9 ci-haut.<\/p>\n<p><strong>Notifications relatives au changement de notre <\/strong><strong>d\u00e9claration de confidentialit\u00e9<\/strong><\/p>\n<p>Il est possible que nous mettions \u00e0 jour cette d\u00e9claration de confidentialit\u00e9 pour refl\u00e9ter les changements \u00e0 nos pratiques \u00e0 l\u2019\u00e9gard de l\u2019information. Si nous apportons des changements importants, nous vous en informerons par courriel (envoy\u00e9 \u00e0 l\u2019adresse indiqu\u00e9e dans votre compte) ou pas le biais d\u2019un avis diffus\u00e9 sur ce site Web avant que le changement ne prenne effet. Nous vous encourageons \u00e0 visiter r\u00e9guli\u00e8rement cette page pour vous tenir au courant des nouvelles informations sur notre d\u00e9claration de confidentialit\u00e9.<\/p>\n<p><strong>Coordonn\u00e9es<\/strong><\/p>\n<p>Vous pouvez nous contacter par courriel \u00e0 l\u2019adresse <a href=\"mailto:info@uple25.wpengine.com\">info@uple25.wpengine.com<\/a> ou en nous \u00e9crivant \u00e0 cette adresse ;<\/p>\n<p>Upland Software, Inc.<\/p>\n<p>401 Congress Avenue, Suite 1850<\/p>\n<p>Austin, Texas 78701<\/p>\n<p>&nbsp;<\/p>\n","protected":false},"excerpt":{"rendered":"<p>En vigueur \u00e0 compter du 23 novembre 2016 La pr\u00e9sente d\u00e9claration de confidentialit\u00e9 explique comment Upland software, Inc. (\u201cUpland\u201d, \u201cNous\u201d) collecte et utilise les renseignements personnels que vous nous communiquez via nos sites Web. Ceci comprend \u00e9galement les plateformes au sein des sites susmentionn\u00e9s ainsi que nos applications mobiles.\u00a0 Cette d\u00e9claration de confidentialit\u00e9 d\u00e9crit \u00e9galement [&hellip;]<\/p>\n","protected":false},"author":1,"featured_media":0,"parent":0,"menu_order":0,"comment_status":"closed","ping_status":"closed","template":"","meta":{"_acf_changed":false,"_sitemap_exclude":false,"_sitemap_priority":"","_sitemap_frequency":"","footnotes":"","_links_to":"","_links_to_target":""},"class_list":["post-249","page","type-page","status-publish","hentry"],"acf":[],"yoast_head":"<!-- This site is optimized with the Yoast SEO Premium plugin v27.3 (Yoast SEO v27.3) - https:\/\/yoast.com\/product\/yoast-seo-premium-wordpress\/ -->\n<title>D\u00e9claration de Confidentialit\u00e9 - PSA - FR<\/title>\n<meta name=\"robots\" content=\"index, follow, max-snippet:-1, max-image-preview:large, max-video-preview:-1\" \/>\n<link rel=\"canonical\" href=\"https:\/\/uplandsoftware.com\/psa-fr\/privacy\/\" \/>\n<meta name=\"twitter:label1\" content=\"Est. reading time\" \/>\n\t<meta name=\"twitter:data1\" content=\"11 minutes\" \/>\n<script type=\"application\/ld+json\" class=\"yoast-schema-graph\">{\"@context\":\"https:\\\/\\\/schema.org\",\"@graph\":[{\"@type\":\"WebPage\",\"@id\":\"https:\\\/\\\/uplandsoftware.com\\\/psa-fr\\\/privacy\\\/\",\"url\":\"https:\\\/\\\/uplandsoftware.com\\\/psa-fr\\\/privacy\\\/\",\"name\":\"D\u00e9claration de Confidentialit\u00e9 - PSA - FR\",\"isPartOf\":{\"@id\":\"https:\\\/\\\/uplandsoftware.com\\\/psa-fr\\\/#website\"},\"datePublished\":\"2017-04-06T16:08:36+00:00\",\"breadcrumb\":{\"@id\":\"https:\\\/\\\/uplandsoftware.com\\\/psa-fr\\\/privacy\\\/#breadcrumb\"},\"inLanguage\":\"fr-FR\",\"potentialAction\":[{\"@type\":\"ReadAction\",\"target\":[\"https:\\\/\\\/uplandsoftware.com\\\/psa-fr\\\/privacy\\\/\"]}]},{\"@type\":\"BreadcrumbList\",\"@id\":\"https:\\\/\\\/uplandsoftware.com\\\/psa-fr\\\/privacy\\\/#breadcrumb\",\"itemListElement\":[{\"@type\":\"ListItem\",\"position\":1,\"name\":\"Home\",\"item\":\"https:\\\/\\\/uplandsoftware.com\\\/psa-fr\\\/\"},{\"@type\":\"ListItem\",\"position\":2,\"name\":\"D\u00e9claration de Confidentialit\u00e9\"}]},{\"@type\":\"WebSite\",\"@id\":\"https:\\\/\\\/uplandsoftware.com\\\/psa-fr\\\/#website\",\"url\":\"https:\\\/\\\/uplandsoftware.com\\\/psa-fr\\\/\",\"name\":\"PSA - FR\",\"description\":\"\",\"potentialAction\":[{\"@type\":\"SearchAction\",\"target\":{\"@type\":\"EntryPoint\",\"urlTemplate\":\"https:\\\/\\\/uplandsoftware.com\\\/psa-fr\\\/?s={search_term_string}\"},\"query-input\":{\"@type\":\"PropertyValueSpecification\",\"valueRequired\":true,\"valueName\":\"search_term_string\"}}],\"inLanguage\":\"fr-FR\"}]}<\/script>\n<!-- \/ Yoast SEO Premium plugin. -->","yoast_head_json":{"title":"D\u00e9claration de Confidentialit\u00e9 - PSA - FR","robots":{"index":"index","follow":"follow","max-snippet":"max-snippet:-1","max-image-preview":"max-image-preview:large","max-video-preview":"max-video-preview:-1"},"canonical":"https:\/\/uplandsoftware.com\/psa-fr\/privacy\/","twitter_misc":{"Est. reading time":"11 minutes"},"schema":{"@context":"https:\/\/schema.org","@graph":[{"@type":"WebPage","@id":"https:\/\/uplandsoftware.com\/psa-fr\/privacy\/","url":"https:\/\/uplandsoftware.com\/psa-fr\/privacy\/","name":"D\u00e9claration de Confidentialit\u00e9 - PSA - FR","isPartOf":{"@id":"https:\/\/uplandsoftware.com\/psa-fr\/#website"},"datePublished":"2017-04-06T16:08:36+00:00","breadcrumb":{"@id":"https:\/\/uplandsoftware.com\/psa-fr\/privacy\/#breadcrumb"},"inLanguage":"fr-FR","potentialAction":[{"@type":"ReadAction","target":["https:\/\/uplandsoftware.com\/psa-fr\/privacy\/"]}]},{"@type":"BreadcrumbList","@id":"https:\/\/uplandsoftware.com\/psa-fr\/privacy\/#breadcrumb","itemListElement":[{"@type":"ListItem","position":1,"name":"Home","item":"https:\/\/uplandsoftware.com\/psa-fr\/"},{"@type":"ListItem","position":2,"name":"D\u00e9claration de Confidentialit\u00e9"}]},{"@type":"WebSite","@id":"https:\/\/uplandsoftware.com\/psa-fr\/#website","url":"https:\/\/uplandsoftware.com\/psa-fr\/","name":"PSA - FR","description":"","potentialAction":[{"@type":"SearchAction","target":{"@type":"EntryPoint","urlTemplate":"https:\/\/uplandsoftware.com\/psa-fr\/?s={search_term_string}"},"query-input":{"@type":"PropertyValueSpecification","valueRequired":true,"valueName":"search_term_string"}}],"inLanguage":"fr-FR"}]}},"_links":{"self":[{"href":"https:\/\/uplandsoftware.com\/psa-fr\/wp-json\/wp\/v2\/pages\/249","targetHints":{"allow":["GET"]}}],"collection":[{"href":"https:\/\/uplandsoftware.com\/psa-fr\/wp-json\/wp\/v2\/pages"}],"about":[{"href":"https:\/\/uplandsoftware.com\/psa-fr\/wp-json\/wp\/v2\/types\/page"}],"author":[{"embeddable":true,"href":"https:\/\/uplandsoftware.com\/psa-fr\/wp-json\/wp\/v2\/users\/1"}],"replies":[{"embeddable":true,"href":"https:\/\/uplandsoftware.com\/psa-fr\/wp-json\/wp\/v2\/comments?post=249"}],"version-history":[{"count":0,"href":"https:\/\/uplandsoftware.com\/psa-fr\/wp-json\/wp\/v2\/pages\/249\/revisions"}],"wp:attachment":[{"href":"https:\/\/uplandsoftware.com\/psa-fr\/wp-json\/wp\/v2\/media?parent=249"}],"curies":[{"name":"wp","href":"https:\/\/api.w.org\/{rel}","templated":true}]}}